{"id":1063,"date":"2025-08-08T19:36:18","date_gmt":"2025-08-08T19:36:18","guid":{"rendered":"https:\/\/reviens-y.fr\/?page_id=1063"},"modified":"2025-10-04T15:58:04","modified_gmt":"2025-10-04T15:58:04","slug":"mentions-legales","status":"publish","type":"page","link":"https:\/\/reviens-y.fr\/en\/mentions-legales\/","title":{"rendered":"Legal notice"},"content":{"rendered":"\t\t<div data-elementor-type=\"wp-page\" data-elementor-id=\"1063\" class=\"elementor elementor-1063\" data-elementor-post-type=\"page\">\n\t\t\t\t<div class=\"elementor-element elementor-element-c0a7204 e-flex e-con-boxed e-con e-parent\" data-id=\"c0a7204\" data-element_type=\"container\" data-e-type=\"container\">\n\t\t\t\t\t<div class=\"e-con-inner\">\n\t\t\t\t<div class=\"elementor-element elementor-element-c757933 elementor-invisible elementor-widget elementor-widget-heading\" data-id=\"c757933\" data-element_type=\"widget\" data-e-type=\"widget\" data-settings=\"{&quot;_animation&quot;:&quot;fadeIn&quot;}\" data-widget_type=\"heading.default\">\n\t\t\t\t\t<h2 class=\"elementor-heading-title elementor-size-default\">Mentions l\u00e9gales<\/h2>\t\t\t\t<\/div>\n\t\t<div class=\"elementor-element elementor-element-a7b1cb5 e-con-full e-flex e-con e-child\" data-id=\"a7b1cb5\" data-element_type=\"container\" data-e-type=\"container\">\n\t\t\t\t<div class=\"elementor-element elementor-element-ba87ace elementor-view-default elementor-widget elementor-widget-icon\" data-id=\"ba87ace\" data-element_type=\"widget\" data-e-type=\"widget\" data-widget_type=\"icon.default\">\n\t\t\t\t\t\t\t<div class=\"elementor-icon-wrapper\">\n\t\t\t<div class=\"elementor-icon\">\n\t\t\t<svg aria-hidden=\"true\" class=\"e-font-icon-svg e-fas-circle\" viewBox=\"0 0 512 512\" xmlns=\"http:\/\/www.w3.org\/2000\/svg\"><path d=\"M256 8C119 8 8 119 8 256s111 248 248 248 248-111 248-248S393 8 256 8z\"><\/path><\/svg>\t\t\t<\/div>\n\t\t<\/div>\n\t\t\t\t\t\t<\/div>\n\t\t\t\t<div class=\"elementor-element elementor-element-d4d02b9 elementor-view-default elementor-widget elementor-widget-icon\" data-id=\"d4d02b9\" data-element_type=\"widget\" data-e-type=\"widget\" data-widget_type=\"icon.default\">\n\t\t\t\t\t\t\t<div class=\"elementor-icon-wrapper\">\n\t\t\t<div class=\"elementor-icon\">\n\t\t\t<svg aria-hidden=\"true\" class=\"e-font-icon-svg e-fas-circle\" viewBox=\"0 0 512 512\" xmlns=\"http:\/\/www.w3.org\/2000\/svg\"><path d=\"M256 8C119 8 8 119 8 256s111 248 248 248 248-111 248-248S393 8 256 8z\"><\/path><\/svg>\t\t\t<\/div>\n\t\t<\/div>\n\t\t\t\t\t\t<\/div>\n\t\t\t\t<div class=\"elementor-element elementor-element-25a41e9 elementor-view-default elementor-widget elementor-widget-icon\" data-id=\"25a41e9\" data-element_type=\"widget\" data-e-type=\"widget\" data-widget_type=\"icon.default\">\n\t\t\t\t\t\t\t<div class=\"elementor-icon-wrapper\">\n\t\t\t<div class=\"elementor-icon\">\n\t\t\t<svg aria-hidden=\"true\" class=\"e-font-icon-svg e-fas-circle\" viewBox=\"0 0 512 512\" xmlns=\"http:\/\/www.w3.org\/2000\/svg\"><path d=\"M256 8C119 8 8 119 8 256s111 248 248 248 248-111 248-248S393 8 256 8z\"><\/path><\/svg>\t\t\t<\/div>\n\t\t<\/div>\n\t\t\t\t\t\t<\/div>\n\t\t\t\t<div class=\"elementor-element elementor-element-18200fd elementor-view-default elementor-widget elementor-widget-icon\" data-id=\"18200fd\" data-element_type=\"widget\" data-e-type=\"widget\" data-widget_type=\"icon.default\">\n\t\t\t\t\t\t\t<div class=\"elementor-icon-wrapper\">\n\t\t\t<div class=\"elementor-icon\">\n\t\t\t<svg aria-hidden=\"true\" class=\"e-font-icon-svg e-fas-circle\" viewBox=\"0 0 512 512\" xmlns=\"http:\/\/www.w3.org\/2000\/svg\"><path d=\"M256 8C119 8 8 119 8 256s111 248 248 248 248-111 248-248S393 8 256 8z\"><\/path><\/svg>\t\t\t<\/div>\n\t\t<\/div>\n\t\t\t\t\t\t<\/div>\n\t\t\t\t<div class=\"elementor-element elementor-element-60d642b elementor-view-default elementor-widget elementor-widget-icon\" data-id=\"60d642b\" data-element_type=\"widget\" data-e-type=\"widget\" data-widget_type=\"icon.default\">\n\t\t\t\t\t\t\t<div class=\"elementor-icon-wrapper\">\n\t\t\t<div class=\"elementor-icon\">\n\t\t\t<svg aria-hidden=\"true\" class=\"e-font-icon-svg e-fas-circle\" viewBox=\"0 0 512 512\" xmlns=\"http:\/\/www.w3.org\/2000\/svg\"><path d=\"M256 8C119 8 8 119 8 256s111 248 248 248 248-111 248-248S393 8 256 8z\"><\/path><\/svg>\t\t\t<\/div>\n\t\t<\/div>\n\t\t\t\t\t\t<\/div>\n\t\t\t\t<div class=\"elementor-element elementor-element-19e9f4c elementor-view-default elementor-widget elementor-widget-icon\" data-id=\"19e9f4c\" data-element_type=\"widget\" data-e-type=\"widget\" data-widget_type=\"icon.default\">\n\t\t\t\t\t\t\t<div class=\"elementor-icon-wrapper\">\n\t\t\t<div class=\"elementor-icon\">\n\t\t\t<svg aria-hidden=\"true\" class=\"e-font-icon-svg e-fas-circle\" viewBox=\"0 0 512 512\" xmlns=\"http:\/\/www.w3.org\/2000\/svg\"><path d=\"M256 8C119 8 8 119 8 256s111 248 248 248 248-111 248-248S393 8 256 8z\"><\/path><\/svg>\t\t\t<\/div>\n\t\t<\/div>\n\t\t\t\t\t\t<\/div>\n\t\t\t\t<div class=\"elementor-element elementor-element-1870c4c elementor-view-default elementor-widget elementor-widget-icon\" data-id=\"1870c4c\" data-element_type=\"widget\" data-e-type=\"widget\" data-widget_type=\"icon.default\">\n\t\t\t\t\t\t\t<div class=\"elementor-icon-wrapper\">\n\t\t\t<div class=\"elementor-icon\">\n\t\t\t<svg aria-hidden=\"true\" class=\"e-font-icon-svg e-fas-circle\" viewBox=\"0 0 512 512\" xmlns=\"http:\/\/www.w3.org\/2000\/svg\"><path d=\"M256 8C119 8 8 119 8 256s111 248 248 248 248-111 248-248S393 8 256 8z\"><\/path><\/svg>\t\t\t<\/div>\n\t\t<\/div>\n\t\t\t\t\t\t<\/div>\n\t\t\t\t<\/div>\n\t\t\t\t<div class=\"elementor-element elementor-element-fec65f0 elementor-widget elementor-widget-text-editor\" data-id=\"fec65f0\" data-element_type=\"widget\" data-e-type=\"widget\" data-widget_type=\"text-editor.default\">\n\t\t\t\t\t\t\t\t\t<p><strong>1. Pr\u00e9sentation g\u00e9n\u00e9rale<\/strong><\/p><p>Le pr\u00e9sent site internet, accessible \u00e0 l\u2019adresse <strong><a href=\"https:\/\/reviens-y.fr\" target=\"_blank\" rel=\"noopener noreferrer\">www.reviens-y.fr<\/a><\/strong> <em>(ou toute autre d\u00e9clinaison locale, ex. <a href=\"http:\/\/www.souvenirs-rocamadour.fr\" target=\"_blank\" rel=\"noopener noreferrer\">www.souvenirs-rocamadour.fr<\/a>, ainsi que le site g\u00e9n\u00e9ral <a href=\"http:\/\/www.reviens-y.fr\" target=\"_blank\" rel=\"noopener noreferrer\">www.reviens-y.fr<\/a>)<\/em>, est \u00e9dit\u00e9 et exploit\u00e9 par la soci\u00e9t\u00e9 <strong>ACHROMA<\/strong>, propri\u00e9taire et gestionnaire de la marque <em>Un p\u2019tit go\u00fbt de reviens-y<\/em>. Les pr\u00e9sentes mentions l\u00e9gales s\u2019appliquent \u00e0 l\u2019ensemble des sites et d\u00e9clinaisons locales exploit\u00e9s par l\u2019\u00e9diteur. Toute utilisation de l\u2019un de ces sites implique l\u2019acceptation pleine et enti\u00e8re des pr\u00e9sentes mentions l\u00e9gales par l\u2019utilisateur.<\/p><p><strong>2. Identification de l\u2019\u00e9diteur<\/strong><\/p><ul><li><strong>Raison sociale<\/strong> : <strong>ACHROMA<\/strong><\/li><li><strong>Forme juridique<\/strong> : Soci\u00e9t\u00e9 \u00e0 Responsabilit\u00e9 Limit\u00e9e (SARL)<\/li><li><strong>Capital social<\/strong> : 7 500 euros<\/li><li><strong>SIREN<\/strong> : 977 671 445<\/li><li><strong>SIRET<\/strong> : 977 671 445 00012<\/li><li><strong>Num\u00e9ro de TVA intracommunautaire<\/strong> : FR30 977 671 445<\/li><li><strong>Si\u00e8ge social<\/strong> : 177 Rue de Bovila, 46800 Porte-du-Quercy, France<\/li><li><strong>Adresse e-mail de contact<\/strong> : contact@agence-achroma.com<\/li><li><strong>Directeurs de publication<\/strong> : M. Ulysse Dautr\u00eame et M. Pierre du Peloux, en leur qualit\u00e9 de g\u00e9rants.<\/li><\/ul><p><strong>3. H\u00e9bergeur du site<\/strong><\/p><p>Le pr\u00e9sent site est h\u00e9berg\u00e9 par :<strong>OVH SAS<\/strong><\/p><ul><li>Adresse : 2 rue Kellermann, 59100 Roubaix, France<\/li><li>T\u00e9l\u00e9phone : 09 72 10 10 07 (appel non surtax\u00e9)<\/li><li>Capital social : 10 174 560 euros<\/li><li>Num\u00e9ro RCS Lille M\u00e9tropole 424 761 419<\/li><li>Site : <a href=\"https:\/\/www.ovh.com\/\" target=\"_blank\" rel=\"noopener noreferrer\">www.ovh.com<\/a><\/li><\/ul><p><strong>4. Activit\u00e9<\/strong><\/p><p><em>Un p\u2019tit go\u00fbt de reviens-y<\/em> est une marque d\u00e9di\u00e9e \u00e0 la cr\u00e9ation et \u00e0 la vente en ligne de v\u00eatements et accessoires souvenirs li\u00e9s \u00e0 diff\u00e9rentes villes et lieux touristiques. Chaque site local (<em>souvenirs-cahors.fr<\/em>, <em>souvenirs-rocamadour.fr<\/em>, etc.) est d\u00e9di\u00e9 \u00e0 une destination sp\u00e9cifique et propose des produits imprim\u00e9s \u00e0 la demande, sans stock pr\u00e9alable, fabriqu\u00e9s apr\u00e8s validation de chaque commande. Le site g\u00e9n\u00e9ral <em><a href=\"http:\/\/www.reviens-y.fr\" target=\"_blank\" rel=\"noopener noreferrer\">www.reviens-y.fr<\/a><\/em> regroupera l\u2019ensemble des villes et destinations couvertes par la marque.<\/p><p><strong>5. Propri\u00e9t\u00e9 intellectuelle<\/strong><\/p><p>L\u2019int\u00e9gralit\u00e9 des contenus pr\u00e9sents sur les sites exploit\u00e9s par l\u2019\u00e9diteur \u2014 incluant mais ne se limitant pas \u00e0 :<\/p><ul><li>Textes et descriptions<\/li><li>Images, illustrations, photographies<\/li><li>Graphismes, logo, \u00e9l\u00e9ments visuels et charte graphique<\/li><li>Vid\u00e9os, animations et supports multim\u00e9dias<\/li><li>Structure et architecture des sites \u2014 est prot\u00e9g\u00e9e par les dispositions du Code de la propri\u00e9t\u00e9 intellectuelle et, le cas \u00e9ch\u00e9ant, par les trait\u00e9s et conventions internationaux.<\/li><\/ul><p>Toute reproduction, repr\u00e9sentation, modification, adaptation, traduction, diffusion ou exploitation de tout ou partie des contenus, quel qu\u2019en soit le support ou le proc\u00e9d\u00e9, est strictement interdite sans autorisation \u00e9crite pr\u00e9alable de l\u2019\u00e9diteur. Toute violation expose le contrevenant \u00e0 des poursuites civiles et\/ou p\u00e9nales.<\/p><p><strong>6. Responsabilit\u00e9 de l\u2019\u00e9diteur<\/strong><\/p><p>L\u2019\u00e9diteur s\u2019efforce de fournir sur ses sites des informations exactes et actualis\u00e9es. Toutefois :<\/p><ul><li>Aucune garantie n\u2019est donn\u00e9e quant \u00e0 l\u2019exactitude, l\u2019exhaustivit\u00e9 ou l\u2019actualit\u00e9 des informations diffus\u00e9es.<\/li><li>L\u2019\u00e9diteur d\u00e9cline toute responsabilit\u00e9 en cas d\u2019erreurs, d\u2019omissions, ou de modification des informations mises en ligne.<\/li><li>L\u2019\u00e9diteur ne saurait \u00eatre tenu responsable de l\u2019indisponibilit\u00e9 temporaire ou permanente des sites, ni des cons\u00e9quences pouvant en d\u00e9couler pour l\u2019utilisateur.<\/li><li>Les liens hypertextes pouvant appara\u00eetre sur les sites et rediriger vers des ressources externes n\u2019engagent pas la responsabilit\u00e9 de l\u2019\u00e9diteur quant \u00e0 leur contenu.<\/li><\/ul><p><strong>7. Acc\u00e8s aux sites<\/strong><\/p><p>L\u2019acc\u00e8s aux sites est possible 24 heures sur 24, 7 jours sur 7, sauf interruption planifi\u00e9e pour maintenance ou en cas de force majeure.<br class=\"soft-break\" \/>L\u2019\u00e9diteur se r\u00e9serve le droit de suspendre ou d\u2019interrompre l\u2019acc\u00e8s aux sites \u00e0 tout moment, sans pr\u00e9avis, notamment pour des raisons techniques ou de mise \u00e0 jour.<\/p><p><strong>8. Protection des donn\u00e9es personnelles<\/strong><\/p><p>Conform\u00e9ment au R\u00e8glement G\u00e9n\u00e9ral sur la Protection des Donn\u00e9es (RGPD \u2013 R\u00e8glement UE 2016\/679) et \u00e0 la Loi Informatique et Libert\u00e9s modifi\u00e9e, l\u2019\u00e9diteur met en \u0153uvre un traitement de donn\u00e9es personnelles ayant pour finalit\u00e9s principales :<\/p><ul><li>La gestion des commandes et de la relation client<\/li><li>Le traitement des demandes adress\u00e9es via les formulaires de contact<\/li><li>L\u2019analyse de la navigation et l\u2019am\u00e9lioration de l\u2019exp\u00e9rience utilisateur<\/li><\/ul><p>Les modalit\u00e9s de collecte, de traitement, de conservation et d\u2019exercice des droits des utilisateurs sont d\u00e9taill\u00e9es dans la <strong>Politique de confidentialit\u00e9<\/strong> disponible sur chaque site.<\/p><p><strong>9. Champ d\u2019application multi-sites<\/strong><\/p><p>Les pr\u00e9sentes mentions l\u00e9gales valent pour l\u2019ensemble des d\u00e9clinaisons locales de la marque <em>Un p\u2019tit go\u00fbt de reviens-y<\/em>, \u00e0 savoir :<\/p><ul><li>Les sites d\u00e9di\u00e9s \u00e0 chaque ville ou destination (<em>souvenirs-[ville].fr<\/em>)<\/li><li>Le site g\u00e9n\u00e9ral <em><a href=\"http:\/\/www.reviens-y.fr\" target=\"_blank\" rel=\"noopener noreferrer\">www.reviens-y.fr<\/a><\/em><br class=\"soft-break\" \/>Toute r\u00e9f\u00e9rence au \u201csite\u201d ou aux \u201csites\u201d dans ce document d\u00e9signe indiff\u00e9remment l\u2019un ou l\u2019ensemble de ces supports.<\/li><\/ul><p><strong>10. Droit applicable<\/strong><\/p><p>Les pr\u00e9sentes mentions l\u00e9gales sont r\u00e9gies par le droit fran\u00e7ais. Tout litige relatif \u00e0 leur interpr\u00e9tation ou \u00e0 leur ex\u00e9cution rel\u00e8ve de la comp\u00e9tence exclusive des juridictions du ressort du Tribunal de Cahors.<\/p>\t\t\t\t\t\t\t\t<\/div>\n\t\t\t\t<div class=\"elementor-element elementor-element-fc0cfb7 elementor-align-center elementor-widget elementor-widget-button\" data-id=\"fc0cfb7\" data-element_type=\"widget\" data-e-type=\"widget\" data-widget_type=\"button.default\">\n\t\t\t\t\t\t\t\t\t\t<a class=\"elementor-button elementor-button-link elementor-size-sm elementor-animation-shrink\" href=\"https:\/\/reviens-y.fr\/accueil\/\">\n\t\t\t\t\t\t<span class=\"elementor-button-content-wrapper\">\n\t\t\t\t\t\t\t\t\t<span class=\"elementor-button-text\">Retourner sur la page d\u2019accueil<\/span>\n\t\t\t\t\t<\/span>\n\t\t\t\t\t<\/a>\n\t\t\t\t\t\t\t\t<\/div>\n\t\t\t\t\t<\/div>\n\t\t\t\t<\/div>\n\t\t\t\t<\/div>\n\t\t","protected":false},"excerpt":{"rendered":"<p>Mentions l\u00e9gales 1. Pr\u00e9sentation g\u00e9n\u00e9rale Le pr\u00e9sent site internet, accessible \u00e0 l\u2019adresse www.reviens-y.fr (ou toute autre d\u00e9clinaison locale, ex. www.souvenirs-rocamadour.fr, ainsi que le site g\u00e9n\u00e9ral www.reviens-y.fr), est \u00e9dit\u00e9 et exploit\u00e9 par la soci\u00e9t\u00e9 ACHROMA, propri\u00e9taire et gestionnaire de la marque Un p\u2019tit go\u00fbt de reviens-y. Les pr\u00e9sentes mentions l\u00e9gales s\u2019appliquent \u00e0 l\u2019ensemble des sites et [&hellip;]<\/p>\n","protected":false},"author":1,"featured_media":0,"parent":0,"menu_order":0,"comment_status":"closed","ping_status":"closed","template":"elementor_header_footer","meta":{"_acf_changed":false,"footnotes":""},"class_list":["post-1063","page","type-page","status-publish","hentry"],"acf":[],"_links":{"self":[{"href":"https:\/\/reviens-y.fr\/en\/wp-json\/wp\/v2\/pages\/1063","targetHints":{"allow":["GET"]}}],"collection":[{"href":"https:\/\/reviens-y.fr\/en\/wp-json\/wp\/v2\/pages"}],"about":[{"href":"https:\/\/reviens-y.fr\/en\/wp-json\/wp\/v2\/types\/page"}],"author":[{"embeddable":true,"href":"https:\/\/reviens-y.fr\/en\/wp-json\/wp\/v2\/users\/1"}],"replies":[{"embeddable":true,"href":"https:\/\/reviens-y.fr\/en\/wp-json\/wp\/v2\/comments?post=1063"}],"version-history":[{"count":32,"href":"https:\/\/reviens-y.fr\/en\/wp-json\/wp\/v2\/pages\/1063\/revisions"}],"predecessor-version":[{"id":2818,"href":"https:\/\/reviens-y.fr\/en\/wp-json\/wp\/v2\/pages\/1063\/revisions\/2818"}],"wp:attachment":[{"href":"https:\/\/reviens-y.fr\/en\/wp-json\/wp\/v2\/media?parent=1063"}],"curies":[{"name":"wp","href":"https:\/\/api.w.org\/{rel}","templated":true}]}}