{"id":3673,"date":"2025-11-03T17:20:51","date_gmt":"2025-11-03T17:20:51","guid":{"rendered":"https:\/\/reviens-y.fr\/produit\/t-shirt-unisexe-cahors-en-couleur\/"},"modified":"2025-11-22T11:51:41","modified_gmt":"2025-11-22T11:51:41","slug":"t-shirt-unisexe-cahors-en-couleur","status":"publish","type":"product","link":"https:\/\/reviens-y.fr\/en\/product\/t-shirt-unisexe-cahors-en-couleur\/","title":{"rendered":"T-shirt unisex <br> Cahors en couleur"},"content":{"rendered":"<p>Ce visuel r\u00e9unit les symboles embl\u00e9matiques de Cahors dans un style \u00e9pur\u00e9 et color\u00e9 : Pont Valentr\u00e9, vignobles de Malbec, croix occitane, gastronomie et paysages du Quercy. Les formes simples et les aplats de couleurs vives rappellent l\u2019univers des illustrations contemporaines et des affiches minimalistes.<br \/>\nJoyeuse et dynamique, cette composition capture l\u2019essence de Cahors : patrimoine, vin, nature et art de vivre, avec une touche de modernit\u00e9.<br \/>\n\u2013<br \/>\nT-shirt unisexe en coton, con\u00e7u pour un usage quotidien. Sa coupe r\u00e9guli\u00e8re facilite les mouvements, tandis que son tissu conserve sa forme lavage apr\u00e8s lavage. L\u00e9ger \u00e0 porter et simple \u00e0 entretenir, il convient \u00e0 toutes les saisons et s\u2019adapte \u00e0 diff\u00e9rents styles.<\/p>\n<p>\u2022 170\u2013180 g\/m\u00b2<br \/>\n\u2022 Fabrication tubulaire sans coutures lat\u00e9rales<br \/>\n\u2022 Coutures renforc\u00e9es et bande de propret\u00e9 au col et aux \u00e9paules<br \/>\n\u2022 Composition : 100 % coton ou Sport Grey (90 % coton, 10 % polyester)<br \/>\n\u2022 Lavage en machine \u00e0 30\u00b0C<br \/>\n\u2022 Sans polyester recycl\u00e9 ni substances dangereuses<br \/>\n\u2022 Le blanc peut pr\u00e9senter un aspect blanc cass\u00e9 naturel<\/p>","protected":false},"excerpt":{"rendered":"<p>Ce visuel r\u00e9unit les symboles embl\u00e9matiques de Cahors dans un style \u00e9pur\u00e9 et color\u00e9 : Pont Valentr\u00e9, vignobles de Malbec, croix occitane, gastronomie et paysages du Quercy. Les formes simples et les aplats de couleurs vives rappellent l\u2019univers des illustrations contemporaines et des affiches minimalistes. Joyeuse et dynamique, cette composition capture l\u2019essence de Cahors : [&hellip;]<\/p>\n","protected":false},"featured_media":3682,"comment_status":"open","ping_status":"closed","template":"","meta":{"_acf_changed":false},"product_brand":[],"product_cat":[114,97,68],"product_tag":[],"class_list":{"0":"post-3673","1":"product","2":"type-product","3":"status-publish","4":"has-post-thumbnail","6":"product_cat-cahors","7":"product_cat-cahors-en-couleur","8":"product_cat-t-shirts","9":"product_shipping_class-t-shirts","11":"first","12":"instock","13":"taxable","14":"shipping-taxable","15":"purchasable","16":"product-type-variable"},"acf":[],"_links":{"self":[{"href":"https:\/\/reviens-y.fr\/en\/wp-json\/wp\/v2\/product\/3673","targetHints":{"allow":["GET"]}}],"collection":[{"href":"https:\/\/reviens-y.fr\/en\/wp-json\/wp\/v2\/product"}],"about":[{"href":"https:\/\/reviens-y.fr\/en\/wp-json\/wp\/v2\/types\/product"}],"replies":[{"embeddable":true,"href":"https:\/\/reviens-y.fr\/en\/wp-json\/wp\/v2\/comments?post=3673"}],"wp:featuredmedia":[{"embeddable":true,"href":"https:\/\/reviens-y.fr\/en\/wp-json\/wp\/v2\/media\/3682"}],"wp:attachment":[{"href":"https:\/\/reviens-y.fr\/en\/wp-json\/wp\/v2\/media?parent=3673"}],"wp:term":[{"taxonomy":"product_brand","embeddable":true,"href":"https:\/\/reviens-y.fr\/en\/wp-json\/wp\/v2\/product_brand?post=3673"},{"taxonomy":"product_cat","embeddable":true,"href":"https:\/\/reviens-y.fr\/en\/wp-json\/wp\/v2\/product_cat?post=3673"},{"taxonomy":"product_tag","embeddable":true,"href":"https:\/\/reviens-y.fr\/en\/wp-json\/wp\/v2\/product_tag?post=3673"}],"curies":[{"name":"wp","href":"https:\/\/api.w.org\/{rel}","templated":true}]}}