{"id":3705,"date":"2025-11-03T17:31:51","date_gmt":"2025-11-03T17:31:51","guid":{"rendered":"https:\/\/reviens-y.fr\/produit\/sweat-unisexe-cahors-en-couleur\/"},"modified":"2025-11-22T11:51:00","modified_gmt":"2025-11-22T11:51:00","slug":"sweat-unisexe-cahors-en-couleur","status":"publish","type":"product","link":"https:\/\/reviens-y.fr\/en\/product\/sweat-unisexe-cahors-en-couleur\/","title":{"rendered":"Unisex sweatshirt <br> Cahors en couleur"},"content":{"rendered":"<p>Ce visuel r\u00e9unit les symboles embl\u00e9matiques de Cahors dans un style \u00e9pur\u00e9 et color\u00e9 : Pont Valentr\u00e9, vignobles de Malbec, croix occitane, gastronomie et paysages du Quercy. Les formes simples et les aplats de couleurs vives rappellent l\u2019univers des illustrations contemporaines et des affiches minimalistes.<br \/>\nJoyeuse et dynamique, cette composition capture l\u2019essence de Cahors : patrimoine, vin, nature et art de vivre, avec une touche de modernit\u00e9.<br \/>\n\u2013<br \/>\nSweat-shirt unisexe en coton et polyester, con\u00e7u pour offrir douceur et chaleur au quotidien. Sa coupe classique et son col en tricot c\u00f4tel\u00e9 assurent un bon maintien, tandis que la conception quart-de-tour \u00e9vite le pli central. Facile \u00e0 entretenir, il conserve sa forme lavage apr\u00e8s lavage.<\/p>\n<p>\u2022 271 g\/m\u00b2<br \/>\n\u2022 50 % coton, 50 % polyester<br \/>\n\u2022 Tissu pr\u00e9r\u00e9tr\u00e9ci, fil\u00e9 par jet d\u2019air pour un toucher doux<br \/>\n\u2022 Col, \u00e9paules, emmanchures, poignets et ourlet \u00e0 couture double<br \/>\n\u2022 Col en tricot c\u00f4tel\u00e9 1\u00d71 avec \u00e9lasthanne<br \/>\n\u2022 Quart-de-tour pour \u00e9viter un pli au milieu<br \/>\n\u2022 Le blanc peut appara\u00eetre blanc cass\u00e9 naturel<\/p>","protected":false},"excerpt":{"rendered":"<p>Ce visuel r\u00e9unit les symboles embl\u00e9matiques de Cahors dans un style \u00e9pur\u00e9 et color\u00e9 : Pont Valentr\u00e9, vignobles de Malbec, croix occitane, gastronomie et paysages du Quercy. Les formes simples et les aplats de couleurs vives rappellent l\u2019univers des illustrations contemporaines et des affiches minimalistes. Joyeuse et dynamique, cette composition capture l\u2019essence de Cahors : [&hellip;]<\/p>\n","protected":false},"featured_media":3718,"comment_status":"open","ping_status":"closed","template":"","meta":{"_acf_changed":false},"product_brand":[],"product_cat":[114,97,70],"product_tag":[],"class_list":{"0":"post-3705","1":"product","2":"type-product","3":"status-publish","4":"has-post-thumbnail","6":"product_cat-cahors","7":"product_cat-cahors-en-couleur","8":"product_cat-sweats","9":"product_shipping_class-sweats","11":"first","12":"instock","13":"taxable","14":"shipping-taxable","15":"purchasable","16":"product-type-variable"},"acf":[],"_links":{"self":[{"href":"https:\/\/reviens-y.fr\/en\/wp-json\/wp\/v2\/product\/3705","targetHints":{"allow":["GET"]}}],"collection":[{"href":"https:\/\/reviens-y.fr\/en\/wp-json\/wp\/v2\/product"}],"about":[{"href":"https:\/\/reviens-y.fr\/en\/wp-json\/wp\/v2\/types\/product"}],"replies":[{"embeddable":true,"href":"https:\/\/reviens-y.fr\/en\/wp-json\/wp\/v2\/comments?post=3705"}],"wp:featuredmedia":[{"embeddable":true,"href":"https:\/\/reviens-y.fr\/en\/wp-json\/wp\/v2\/media\/3718"}],"wp:attachment":[{"href":"https:\/\/reviens-y.fr\/en\/wp-json\/wp\/v2\/media?parent=3705"}],"wp:term":[{"taxonomy":"product_brand","embeddable":true,"href":"https:\/\/reviens-y.fr\/en\/wp-json\/wp\/v2\/product_brand?post=3705"},{"taxonomy":"product_cat","embeddable":true,"href":"https:\/\/reviens-y.fr\/en\/wp-json\/wp\/v2\/product_cat?post=3705"},{"taxonomy":"product_tag","embeddable":true,"href":"https:\/\/reviens-y.fr\/en\/wp-json\/wp\/v2\/product_tag?post=3705"}],"curies":[{"name":"wp","href":"https:\/\/api.w.org\/{rel}","templated":true}]}}