{"id":3724,"date":"2025-11-03T17:34:51","date_gmt":"2025-11-03T17:34:51","guid":{"rendered":"https:\/\/reviens-y.fr\/produit\/casquette-brodee-cahors-en-couleur\/"},"modified":"2025-11-22T11:49:25","modified_gmt":"2025-11-22T11:49:25","slug":"casquette-brodee-cahors-en-couleur","status":"publish","type":"product","link":"https:\/\/reviens-y.fr\/en\/product\/casquette-brodee-cahors-en-couleur\/","title":{"rendered":"Casquette brod\u00e9e <br> Cahors en couleur"},"content":{"rendered":"<p>Ce visuel r\u00e9unit les symboles embl\u00e9matiques de Cahors dans un style \u00e9pur\u00e9 et color\u00e9 : Pont Valentr\u00e9, vignobles de Malbec, croix occitane, gastronomie et paysages du Quercy. Les formes simples et les aplats de couleurs vives rappellent l\u2019univers des illustrations contemporaines et des affiches minimalistes.<br \/>\nJoyeuse et dynamique, cette composition capture l\u2019essence de Cahors : patrimoine, vin, nature et art de vivre, avec une touche de modernit\u00e9.<br \/>\n\u2013<br \/>\nUnisex cap with a curved visor, combining comfort and style for everyday wear. Its unstructured shape and adjustable strap allow for easy fitting, while its twill cotton fabric offers great durability over time.<\/p>\n<p>\u2022 100% chino cotton twill<br \/>\n\u2022 Unstructured, low-profile, flat visor<br \/>\n\u2022 6 embroidered eyelets<br \/>\n\u2022 Couronne de 3 \u215b \u00bb<br \/>\n\u2022 Adjustable strap with antique-style metal buckle<\/p>","protected":false},"excerpt":{"rendered":"<p>Ce visuel r\u00e9unit les symboles embl\u00e9matiques de Cahors dans un style \u00e9pur\u00e9 et color\u00e9 : Pont Valentr\u00e9, vignobles de Malbec, croix occitane, gastronomie et paysages du Quercy. Les formes simples et les aplats de couleurs vives rappellent l\u2019univers des illustrations contemporaines et des affiches minimalistes. Joyeuse et dynamique, cette composition capture l\u2019essence de Cahors : [&hellip;]<\/p>\n","protected":false},"featured_media":3728,"comment_status":"open","ping_status":"closed","template":"","meta":{"_acf_changed":false},"product_brand":[],"product_cat":[114,97,71,67],"product_tag":[],"class_list":{"0":"post-3724","1":"product","2":"type-product","3":"status-publish","4":"has-post-thumbnail","6":"product_cat-cahors","7":"product_cat-cahors-en-couleur","8":"product_cat-casquettes","9":"product_cat-idees-cadeaux","10":"product_shipping_class-casquettes","12":"first","13":"instock","14":"taxable","15":"shipping-taxable","16":"purchasable","17":"product-type-variable"},"acf":[],"_links":{"self":[{"href":"https:\/\/reviens-y.fr\/en\/wp-json\/wp\/v2\/product\/3724","targetHints":{"allow":["GET"]}}],"collection":[{"href":"https:\/\/reviens-y.fr\/en\/wp-json\/wp\/v2\/product"}],"about":[{"href":"https:\/\/reviens-y.fr\/en\/wp-json\/wp\/v2\/types\/product"}],"replies":[{"embeddable":true,"href":"https:\/\/reviens-y.fr\/en\/wp-json\/wp\/v2\/comments?post=3724"}],"wp:featuredmedia":[{"embeddable":true,"href":"https:\/\/reviens-y.fr\/en\/wp-json\/wp\/v2\/media\/3728"}],"wp:attachment":[{"href":"https:\/\/reviens-y.fr\/en\/wp-json\/wp\/v2\/media?parent=3724"}],"wp:term":[{"taxonomy":"product_brand","embeddable":true,"href":"https:\/\/reviens-y.fr\/en\/wp-json\/wp\/v2\/product_brand?post=3724"},{"taxonomy":"product_cat","embeddable":true,"href":"https:\/\/reviens-y.fr\/en\/wp-json\/wp\/v2\/product_cat?post=3724"},{"taxonomy":"product_tag","embeddable":true,"href":"https:\/\/reviens-y.fr\/en\/wp-json\/wp\/v2\/product_tag?post=3724"}],"curies":[{"name":"wp","href":"https:\/\/api.w.org\/{rel}","templated":true}]}}