{"id":3735,"date":"2025-11-03T17:36:25","date_gmt":"2025-11-03T17:36:25","guid":{"rendered":"https:\/\/reviens-y.fr\/produit\/tote-bag-coton-bio-cahors-en-couleur\/"},"modified":"2025-11-22T11:47:00","modified_gmt":"2025-11-22T11:47:00","slug":"tote-bag-coton-bio-cahors-en-couleur","status":"publish","type":"product","link":"https:\/\/reviens-y.fr\/en\/product\/tote-bag-coton-bio-cahors-en-couleur\/","title":{"rendered":"Tote Bag coton Bio <br> Cahors en couleur"},"content":{"rendered":"<p>Ce visuel r\u00e9unit les symboles embl\u00e9matiques de Cahors dans un style \u00e9pur\u00e9 et color\u00e9 : Pont Valentr\u00e9, vignobles de Malbec, croix occitane, gastronomie et paysages du Quercy. Les formes simples et les aplats de couleurs vives rappellent l\u2019univers des illustrations contemporaines et des affiches minimalistes.<br \/>\nJoyeuse et dynamique, cette composition capture l\u2019essence de Cahors : patrimoine, vin, nature et art de vivre, avec une touche de modernit\u00e9.<br \/>\n\u2013<br \/>\nTote bag en coton biologique robuste et pratique, id\u00e9al pour les courses, les livres ou un usage quotidien. Sa grande capacit\u00e9 et ses anses longues assurent confort et polyvalence, tout en garantissant un impact environnemental r\u00e9duit gr\u00e2ce \u00e0 sa fabrication certifi\u00e9e.<\/p>\n<p>\u2022 100 % coton biologique certifi\u00e9 serg\u00e9 3\/1<br \/>\n\u2022 272 g\/m\u00b2<br \/>\n\u2022 Dimensions : 40,6 \u00d7 35,6 \u00d7 12,7 cm<br \/>\n\u2022 Anses de 2,5 cm de large, longueur 62,2 cm<br \/>\n\u2022 Capacit\u00e9 maximale : 13,6 kg<br \/>\n\u2022 Compartiment principal ouvert<br \/>\n\u2022 Certifi\u00e9 GOTS et OCS pour son contenu en coton bio<br \/>\n\u2022 Certifi\u00e9 OEKO-TEX Standard 100 et approuv\u00e9 vegan par PETA<\/p>","protected":false},"excerpt":{"rendered":"<p>Ce visuel r\u00e9unit les symboles embl\u00e9matiques de Cahors dans un style \u00e9pur\u00e9 et color\u00e9 : Pont Valentr\u00e9, vignobles de Malbec, croix occitane, gastronomie et paysages du Quercy. Les formes simples et les aplats de couleurs vives rappellent l\u2019univers des illustrations contemporaines et des affiches minimalistes. Joyeuse et dynamique, cette composition capture l\u2019essence de Cahors : [&hellip;]<\/p>\n","protected":false},"featured_media":3738,"comment_status":"open","ping_status":"closed","template":"","meta":{"_acf_changed":false},"product_brand":[],"product_cat":[114,97,72],"product_tag":[],"class_list":{"0":"post-3735","1":"product","2":"type-product","3":"status-publish","4":"has-post-thumbnail","6":"product_cat-cahors","7":"product_cat-cahors-en-couleur","8":"product_cat-tote-bags","9":"product_shipping_class-tote-bags","11":"first","12":"instock","13":"taxable","14":"shipping-taxable","15":"purchasable","16":"product-type-variable"},"acf":[],"_links":{"self":[{"href":"https:\/\/reviens-y.fr\/en\/wp-json\/wp\/v2\/product\/3735","targetHints":{"allow":["GET"]}}],"collection":[{"href":"https:\/\/reviens-y.fr\/en\/wp-json\/wp\/v2\/product"}],"about":[{"href":"https:\/\/reviens-y.fr\/en\/wp-json\/wp\/v2\/types\/product"}],"replies":[{"embeddable":true,"href":"https:\/\/reviens-y.fr\/en\/wp-json\/wp\/v2\/comments?post=3735"}],"wp:featuredmedia":[{"embeddable":true,"href":"https:\/\/reviens-y.fr\/en\/wp-json\/wp\/v2\/media\/3738"}],"wp:attachment":[{"href":"https:\/\/reviens-y.fr\/en\/wp-json\/wp\/v2\/media?parent=3735"}],"wp:term":[{"taxonomy":"product_brand","embeddable":true,"href":"https:\/\/reviens-y.fr\/en\/wp-json\/wp\/v2\/product_brand?post=3735"},{"taxonomy":"product_cat","embeddable":true,"href":"https:\/\/reviens-y.fr\/en\/wp-json\/wp\/v2\/product_cat?post=3735"},{"taxonomy":"product_tag","embeddable":true,"href":"https:\/\/reviens-y.fr\/en\/wp-json\/wp\/v2\/product_tag?post=3735"}],"curies":[{"name":"wp","href":"https:\/\/api.w.org\/{rel}","templated":true}]}}