{"id":3770,"date":"2025-11-03T18:06:06","date_gmt":"2025-11-03T18:06:06","guid":{"rendered":"https:\/\/reviens-y.fr\/produit\/hoodie-unisexe-le-petit-diable\/"},"modified":"2025-11-22T11:45:35","modified_gmt":"2025-11-22T11:45:35","slug":"hoodie-unisexe-le-petit-diable","status":"publish","type":"product","link":"https:\/\/reviens-y.fr\/en\/product\/hoodie-unisexe-le-petit-diable\/","title":{"rendered":"Hoodie unisexe <br> Le petit Diable"},"content":{"rendered":"<p>Inspir\u00e9 de la l\u00e9gende du Pont Valentr\u00e9, ce visuel met en sc\u00e8ne le c\u00e9l\u00e8bre \u201cPetit Diable\u201d qui aurait particip\u00e9, selon le mythe, \u00e0 la construction du pont m\u00e9di\u00e9val. Repr\u00e9sent\u00e9 dans un style graphique vintage et expressif, il rappelle l\u2019un des r\u00e9cits les plus connus du patrimoine cadurcien.<br \/>\nAvec ses lignes marqu\u00e9es et son bleu profond, ce design rend hommage \u00e0 une figure embl\u00e9matique de Cahors, entre histoire locale et imaginaire populaire. Un visuel charg\u00e9 de caract\u00e8re, parfait pour mettre en lumi\u00e8re l\u2019\u00e2me et les l\u00e9gendes du Quercy.<br \/>\n\u2013<br \/>\nSweat \u00e0 capuche unisexe con\u00e7u pour un usage quotidien, offrant chaleur et confort lors des journ\u00e9es fra\u00eeches. Sa coupe classique et sa grande poche frontale en font une pi\u00e8ce pratique et facile \u00e0 porter. La capuche doubl\u00e9e avec cordon de serrage assorti assure une protection suppl\u00e9mentaire contre le froid.<\/p>\n<p>\u2022 271 g\/m\u00b2<br \/>\n\u2022 50 % coton pr\u00e9r\u00e9tr\u00e9ci, 50 % polyester<br \/>\n\u2022 Tissu fil\u00e9 par jet d\u2019air pour un toucher doux et moins de boulochage<br \/>\n\u2022 Capuche \u00e0 double doublure avec cordon assorti<br \/>\n\u2022 Poignets et ceinture en tricot c\u00f4tel\u00e9 1\u00d71 avec \u00e9lasthanne<br \/>\n\u2022 Couture double aux \u00e9paules, poignets et ourlet<br \/>\n\u2022 Le blanc peut appara\u00eetre blanc cass\u00e9 naturel<\/p>","protected":false},"excerpt":{"rendered":"<p>Inspir\u00e9 de la l\u00e9gende du Pont Valentr\u00e9, ce visuel met en sc\u00e8ne le c\u00e9l\u00e8bre \u201cPetit Diable\u201d qui aurait particip\u00e9, selon le mythe, \u00e0 la construction du pont m\u00e9di\u00e9val. Repr\u00e9sent\u00e9 dans un style graphique vintage et expressif, il rappelle l\u2019un des r\u00e9cits les plus connus du patrimoine cadurcien. Avec ses lignes marqu\u00e9es et son bleu profond, [&hellip;]<\/p>\n","protected":false},"featured_media":3783,"comment_status":"open","ping_status":"closed","template":"","meta":{"_acf_changed":false},"product_brand":[],"product_cat":[114,69,77],"product_tag":[],"class_list":{"0":"post-3770","1":"product","2":"type-product","3":"status-publish","4":"has-post-thumbnail","6":"product_cat-cahors","7":"product_cat-hoodies","8":"product_cat-le-petit-diable","9":"product_shipping_class-hoodies","11":"first","12":"instock","13":"taxable","14":"shipping-taxable","15":"purchasable","16":"product-type-variable"},"acf":[],"_links":{"self":[{"href":"https:\/\/reviens-y.fr\/en\/wp-json\/wp\/v2\/product\/3770","targetHints":{"allow":["GET"]}}],"collection":[{"href":"https:\/\/reviens-y.fr\/en\/wp-json\/wp\/v2\/product"}],"about":[{"href":"https:\/\/reviens-y.fr\/en\/wp-json\/wp\/v2\/types\/product"}],"replies":[{"embeddable":true,"href":"https:\/\/reviens-y.fr\/en\/wp-json\/wp\/v2\/comments?post=3770"}],"wp:featuredmedia":[{"embeddable":true,"href":"https:\/\/reviens-y.fr\/en\/wp-json\/wp\/v2\/media\/3783"}],"wp:attachment":[{"href":"https:\/\/reviens-y.fr\/en\/wp-json\/wp\/v2\/media?parent=3770"}],"wp:term":[{"taxonomy":"product_brand","embeddable":true,"href":"https:\/\/reviens-y.fr\/en\/wp-json\/wp\/v2\/product_brand?post=3770"},{"taxonomy":"product_cat","embeddable":true,"href":"https:\/\/reviens-y.fr\/en\/wp-json\/wp\/v2\/product_cat?post=3770"},{"taxonomy":"product_tag","embeddable":true,"href":"https:\/\/reviens-y.fr\/en\/wp-json\/wp\/v2\/product_tag?post=3770"}],"curies":[{"name":"wp","href":"https:\/\/api.w.org\/{rel}","templated":true}]}}