{"id":3827,"date":"2025-11-03T18:18:52","date_gmt":"2025-11-03T18:18:52","guid":{"rendered":"https:\/\/reviens-y.fr\/produit\/mug-blanc-brillant-le-petit-diable\/"},"modified":"2025-11-21T15:19:54","modified_gmt":"2025-11-21T15:19:54","slug":"mug-blanc-brillant-le-petit-diable","status":"publish","type":"product","link":"https:\/\/reviens-y.fr\/en\/product\/mug-blanc-brillant-le-petit-diable\/","title":{"rendered":"Glossy white mug <br> Le petit Diable"},"content":{"rendered":"<p>Inspir\u00e9 de la l\u00e9gende du Pont Valentr\u00e9, ce visuel met en sc\u00e8ne le c\u00e9l\u00e8bre \u201cPetit Diable\u201d qui aurait particip\u00e9, selon le mythe, \u00e0 la construction du pont m\u00e9di\u00e9val. Repr\u00e9sent\u00e9 dans un style graphique vintage et expressif, il rappelle l\u2019un des r\u00e9cits les plus connus du patrimoine cadurcien.<br \/>\nAvec ses lignes marqu\u00e9es et son bleu profond, ce design rend hommage \u00e0 une figure embl\u00e9matique de Cahors, entre histoire locale et imaginaire populaire. Un visuel charg\u00e9 de caract\u00e8re, parfait pour mettre en lumi\u00e8re l\u2019\u00e2me et les l\u00e9gendes du Quercy.<br \/>\n\u2013<br \/>\nMug en c\u00e9ramique, pratique et r\u00e9sistant, id\u00e9al pour savourer vos boissons chaudes au quotidien. Sa finition blanche brillante met en valeur les visuels imprim\u00e9s, qui conservent leur \u00e9clat m\u00eame apr\u00e8s plusieurs passages au lave-vaisselle ou au micro-ondes.<\/p>\n<p>\u2022 C\u00e9ramique sans BPA et sans plomb<br \/>\n\u2022 Passe au lave-vaisselle et au micro-ondes<br \/>\n\u2022 Finition blanche brillante<br \/>\n\u2022 Taille 11 oz : 9,6 cm de hauteur \u00d7 8,2 cm de diam\u00e8tre<br \/>\n\u2022 L\u00e9g\u00e8res variations de taille possibles (+\/- 2 mm)<\/p>","protected":false},"excerpt":{"rendered":"<p>Inspir\u00e9 de la l\u00e9gende du Pont Valentr\u00e9, ce visuel met en sc\u00e8ne le c\u00e9l\u00e8bre \u201cPetit Diable\u201d qui aurait particip\u00e9, selon le mythe, \u00e0 la construction du pont m\u00e9di\u00e9val. Repr\u00e9sent\u00e9 dans un style graphique vintage et expressif, il rappelle l\u2019un des r\u00e9cits les plus connus du patrimoine cadurcien. Avec ses lignes marqu\u00e9es et son bleu profond, [&hellip;]<\/p>\n","protected":false},"featured_media":3828,"comment_status":"open","ping_status":"closed","template":"","meta":{"_acf_changed":false},"product_brand":[],"product_cat":[114,77,73],"product_tag":[],"class_list":{"0":"post-3827","1":"product","2":"type-product","3":"status-publish","4":"has-post-thumbnail","6":"product_cat-cahors","7":"product_cat-le-petit-diable","8":"product_cat-mugs","9":"product_shipping_class-mugs","11":"first","12":"instock","13":"taxable","14":"shipping-taxable","15":"purchasable","16":"product-type-simple"},"acf":[],"_links":{"self":[{"href":"https:\/\/reviens-y.fr\/en\/wp-json\/wp\/v2\/product\/3827","targetHints":{"allow":["GET"]}}],"collection":[{"href":"https:\/\/reviens-y.fr\/en\/wp-json\/wp\/v2\/product"}],"about":[{"href":"https:\/\/reviens-y.fr\/en\/wp-json\/wp\/v2\/types\/product"}],"replies":[{"embeddable":true,"href":"https:\/\/reviens-y.fr\/en\/wp-json\/wp\/v2\/comments?post=3827"}],"wp:featuredmedia":[{"embeddable":true,"href":"https:\/\/reviens-y.fr\/en\/wp-json\/wp\/v2\/media\/3828"}],"wp:attachment":[{"href":"https:\/\/reviens-y.fr\/en\/wp-json\/wp\/v2\/media?parent=3827"}],"wp:term":[{"taxonomy":"product_brand","embeddable":true,"href":"https:\/\/reviens-y.fr\/en\/wp-json\/wp\/v2\/product_brand?post=3827"},{"taxonomy":"product_cat","embeddable":true,"href":"https:\/\/reviens-y.fr\/en\/wp-json\/wp\/v2\/product_cat?post=3827"},{"taxonomy":"product_tag","embeddable":true,"href":"https:\/\/reviens-y.fr\/en\/wp-json\/wp\/v2\/product_tag?post=3827"}],"curies":[{"name":"wp","href":"https:\/\/api.w.org\/{rel}","templated":true}]}}