{"id":3832,"date":"2025-11-03T18:24:41","date_gmt":"2025-11-03T18:24:41","guid":{"rendered":"https:\/\/reviens-y.fr\/produit\/affiche-le-petit-diable\/"},"modified":"2025-11-22T11:43:36","modified_gmt":"2025-11-22T11:43:36","slug":"affiche-le-petit-diable","status":"publish","type":"product","link":"https:\/\/reviens-y.fr\/en\/product\/affiche-le-petit-diable\/","title":{"rendered":"Affiche <br> Le petit Diable"},"content":{"rendered":"<p>Inspir\u00e9 de la l\u00e9gende du Pont Valentr\u00e9, ce visuel met en sc\u00e8ne le c\u00e9l\u00e8bre \u201cPetit Diable\u201d qui aurait particip\u00e9, selon le mythe, \u00e0 la construction du pont m\u00e9di\u00e9val. Repr\u00e9sent\u00e9 dans un style graphique vintage et expressif, il rappelle l\u2019un des r\u00e9cits les plus connus du patrimoine cadurcien.<br \/>\nAvec ses lignes marqu\u00e9es et son bleu profond, ce design rend hommage \u00e0 une figure embl\u00e9matique de Cahors, entre histoire locale et imaginaire populaire. Un visuel charg\u00e9 de caract\u00e8re, parfait pour mettre en lumi\u00e8re l\u2019\u00e2me et les l\u00e9gendes du Quercy.<br \/>\n\u2013<br \/>\nApportez une touche unique \u00e0 votre int\u00e9rieur avec cette affiche imprim\u00e9e en jet d\u2019encre multicolore \u00e0 base d\u2019eau, offrant un rendu pr\u00e9cis, des couleurs profondes et une finition mate \u00e9l\u00e9gante. Chaque affiche est r\u00e9alis\u00e9e sur un papier de qualit\u00e9 sup\u00e9rieure, con\u00e7u pour r\u00e9sister au temps et conserver toute sa luminosit\u00e9.<br \/>\nDisponible en deux formats : 30\u00d740 cm et 50\u00d770 cm ; elle s\u2019int\u00e8gre facilement dans tout type d\u2019espace, du bureau au salon, en passant par la chambre.<\/p>\n<p>\u2013 Technique d\u2019impression : jet d\u2019encre multicolore \u00e0 base d\u2019eau<br \/>\n\u2013 Finition : mate (absorbant la lumi\u00e8re, sans reflet)<br \/>\n\u2013 Type de papier : Couch\u00e9 premium<br \/>\n\u2013 \u00c9paisseur : 0,145 mm<br \/>\n\u2013 Grammage : 170 g\/m\u00b2<br \/>\n\u2013 Opacit\u00e9 : 97,5 %<br \/>\n\u2013 Luminosit\u00e9 ISO : 38 %<br \/>\n\u2013 Origine du papier : Japon<br \/>\n\u2013 Formats disponibles :<br \/>\n\u2022 30 \u00d7 40 cm<br \/>\n\u2022 50 \u00d7 70 cm<\/p>","protected":false},"excerpt":{"rendered":"<p>Inspir\u00e9 de la l\u00e9gende du Pont Valentr\u00e9, ce visuel met en sc\u00e8ne le c\u00e9l\u00e8bre \u201cPetit Diable\u201d qui aurait particip\u00e9, selon le mythe, \u00e0 la construction du pont m\u00e9di\u00e9val. Repr\u00e9sent\u00e9 dans un style graphique vintage et expressif, il rappelle l\u2019un des r\u00e9cits les plus connus du patrimoine cadurcien. Avec ses lignes marqu\u00e9es et son bleu profond, [&hellip;]<\/p>\n","protected":false},"featured_media":3835,"comment_status":"open","ping_status":"closed","template":"","meta":{"_acf_changed":false},"product_brand":[],"product_cat":[94,114,77],"product_tag":[],"class_list":{"0":"post-3832","1":"product","2":"type-product","3":"status-publish","4":"has-post-thumbnail","6":"product_cat-affiches","7":"product_cat-cahors","8":"product_cat-le-petit-diable","9":"product_shipping_class-affiches","11":"first","12":"instock","13":"taxable","14":"shipping-taxable","15":"purchasable","16":"product-type-variable"},"acf":[],"_links":{"self":[{"href":"https:\/\/reviens-y.fr\/en\/wp-json\/wp\/v2\/product\/3832","targetHints":{"allow":["GET"]}}],"collection":[{"href":"https:\/\/reviens-y.fr\/en\/wp-json\/wp\/v2\/product"}],"about":[{"href":"https:\/\/reviens-y.fr\/en\/wp-json\/wp\/v2\/types\/product"}],"replies":[{"embeddable":true,"href":"https:\/\/reviens-y.fr\/en\/wp-json\/wp\/v2\/comments?post=3832"}],"wp:featuredmedia":[{"embeddable":true,"href":"https:\/\/reviens-y.fr\/en\/wp-json\/wp\/v2\/media\/3835"}],"wp:attachment":[{"href":"https:\/\/reviens-y.fr\/en\/wp-json\/wp\/v2\/media?parent=3832"}],"wp:term":[{"taxonomy":"product_brand","embeddable":true,"href":"https:\/\/reviens-y.fr\/en\/wp-json\/wp\/v2\/product_brand?post=3832"},{"taxonomy":"product_cat","embeddable":true,"href":"https:\/\/reviens-y.fr\/en\/wp-json\/wp\/v2\/product_cat?post=3832"},{"taxonomy":"product_tag","embeddable":true,"href":"https:\/\/reviens-y.fr\/en\/wp-json\/wp\/v2\/product_tag?post=3832"}],"curies":[{"name":"wp","href":"https:\/\/api.w.org\/{rel}","templated":true}]}}