{"id":3839,"date":"2025-11-03T18:31:36","date_gmt":"2025-11-03T18:31:36","guid":{"rendered":"https:\/\/reviens-y.fr\/produit\/carte-postale-le-petit-diable\/"},"modified":"2025-11-21T15:21:13","modified_gmt":"2025-11-21T15:21:13","slug":"carte-postale-le-petit-diable","status":"publish","type":"product","link":"https:\/\/reviens-y.fr\/en\/product\/carte-postale-le-petit-diable\/","title":{"rendered":"Carte postale <br> Le petit Diable"},"content":{"rendered":"<p>Inspir\u00e9 de la l\u00e9gende du Pont Valentr\u00e9, ce visuel met en sc\u00e8ne le c\u00e9l\u00e8bre \u201cPetit Diable\u201d qui aurait particip\u00e9, selon le mythe, \u00e0 la construction du pont m\u00e9di\u00e9val. Repr\u00e9sent\u00e9 dans un style graphique vintage et expressif, il rappelle l\u2019un des r\u00e9cits les plus connus du patrimoine cadurcien.<br \/>\nAvec ses lignes marqu\u00e9es et son bleu profond, ce design rend hommage \u00e0 une figure embl\u00e9matique de Cahors, entre histoire locale et imaginaire populaire. Un visuel charg\u00e9 de caract\u00e8re, parfait pour mettre en lumi\u00e8re l\u2019\u00e2me et les l\u00e9gendes du Quercy.<br \/>\n&#8211;<br \/>\nUne carte postale con\u00e7ue pour durer, avec une impression nette et des couleurs fid\u00e8les. Fabriqu\u00e9e sur un papier cartonn\u00e9 \u00e9pais de qualit\u00e9 professionnelle (260 \u00e0 350 g\/m\u00b2), elle offre une surface ext\u00e9rieure l\u00e9g\u00e8rement satin\u00e9e, id\u00e9ale pour les visuels d\u00e9taill\u00e9s, et un verso pens\u00e9 pour l\u2019\u00e9criture.<br \/>\nAvec son format standard 10 \u00d7 15 cm, elle s\u2019adapte \u00e0 tous les usages : envoi postal, carte souvenir, communication visuelle ou \u00e9l\u00e9ment d\u00e9coratif.<\/p>\n<p>\u2013 Technique d\u2019impression : impression laser num\u00e9rique \u00e0 base de toner<br \/>\n\u2013 Finition : mate, avec surface ext\u00e9rieure l\u00e9g\u00e8rement brillante<br \/>\n\u2013 Type de papier : carton rigide premium<br \/>\n\u2013 Poids du papier : 260 \u2013 350 g\/m\u00b2<br \/>\n\u2013 \u00c9paisseur : 0,34 mm<br \/>\n\u2013 Format : 10 \u00d7 15 cm (4 \u00d7 6\u201d)<br \/>\n\u2013 Surface ext\u00e9rieure : lamin\u00e9e, excellente pour l\u2019impression d\u2019images<br \/>\n\u2013 Surface int\u00e9rieure : l\u00e9g\u00e8rement enduite, parfaite pour l\u2019\u00e9criture au stylo-bille<\/p>","protected":false},"excerpt":{"rendered":"<p>Inspir\u00e9 de la l\u00e9gende du Pont Valentr\u00e9, ce visuel met en sc\u00e8ne le c\u00e9l\u00e8bre \u201cPetit Diable\u201d qui aurait particip\u00e9, selon le mythe, \u00e0 la construction du pont m\u00e9di\u00e9val. Repr\u00e9sent\u00e9 dans un style graphique vintage et expressif, il rappelle l\u2019un des r\u00e9cits les plus connus du patrimoine cadurcien. Avec ses lignes marqu\u00e9es et son bleu profond, [&hellip;]<\/p>\n","protected":false},"featured_media":3840,"comment_status":"open","ping_status":"closed","template":"","meta":{"_acf_changed":false},"product_brand":[],"product_cat":[114,95,77],"product_tag":[],"class_list":{"0":"post-3839","1":"product","2":"type-product","3":"status-publish","4":"has-post-thumbnail","6":"product_cat-cahors","7":"product_cat-cartes-postales","8":"product_cat-le-petit-diable","9":"product_shipping_class-cartes-postales","11":"first","12":"instock","13":"taxable","14":"shipping-taxable","15":"purchasable","16":"product-type-simple"},"acf":[],"_links":{"self":[{"href":"https:\/\/reviens-y.fr\/en\/wp-json\/wp\/v2\/product\/3839","targetHints":{"allow":["GET"]}}],"collection":[{"href":"https:\/\/reviens-y.fr\/en\/wp-json\/wp\/v2\/product"}],"about":[{"href":"https:\/\/reviens-y.fr\/en\/wp-json\/wp\/v2\/types\/product"}],"replies":[{"embeddable":true,"href":"https:\/\/reviens-y.fr\/en\/wp-json\/wp\/v2\/comments?post=3839"}],"wp:featuredmedia":[{"embeddable":true,"href":"https:\/\/reviens-y.fr\/en\/wp-json\/wp\/v2\/media\/3840"}],"wp:attachment":[{"href":"https:\/\/reviens-y.fr\/en\/wp-json\/wp\/v2\/media?parent=3839"}],"wp:term":[{"taxonomy":"product_brand","embeddable":true,"href":"https:\/\/reviens-y.fr\/en\/wp-json\/wp\/v2\/product_brand?post=3839"},{"taxonomy":"product_cat","embeddable":true,"href":"https:\/\/reviens-y.fr\/en\/wp-json\/wp\/v2\/product_cat?post=3839"},{"taxonomy":"product_tag","embeddable":true,"href":"https:\/\/reviens-y.fr\/en\/wp-json\/wp\/v2\/product_tag?post=3839"}],"curies":[{"name":"wp","href":"https:\/\/api.w.org\/{rel}","templated":true}]}}