{"id":3841,"date":"2025-11-04T07:23:08","date_gmt":"2025-11-04T07:23:08","guid":{"rendered":"https:\/\/reviens-y.fr\/produit\/t-shirt-unisexe-jaime-cahors\/"},"modified":"2025-11-22T11:43:02","modified_gmt":"2025-11-22T11:43:02","slug":"t-shirt-unisexe-jaime-cahors","status":"publish","type":"product","link":"https:\/\/reviens-y.fr\/en\/product\/t-shirt-unisexe-jaime-cahors\/","title":{"rendered":"T-shirt unisex <br> J&rsquo;aime Cahors"},"content":{"rendered":"<p>Ce visuel d\u00e9tourne la c\u00e9l\u00e8bre formule en rempla\u00e7ant le c\u0153ur par une grappe de raisin en forme de c\u0153ur, clin d\u2019\u0153il au c\u00e9page Malbec qui fait la renomm\u00e9e des vins de Cahors. Les couleurs vives et les formes simples apportent un style moderne et convivial, id\u00e9al pour afficher son attachement \u00e0 la ville et \u00e0 son terroir viticole.<br \/>\n\u2013<br \/>\nT-shirt unisexe en coton, con\u00e7u pour un usage quotidien. Sa coupe r\u00e9guli\u00e8re facilite les mouvements, tandis que son tissu conserve sa forme lavage apr\u00e8s lavage. L\u00e9ger \u00e0 porter et simple \u00e0 entretenir, il convient \u00e0 toutes les saisons et s\u2019adapte \u00e0 diff\u00e9rents styles.<\/p>\n<p>\u2022 170\u2013180 g\/m\u00b2<br \/>\n\u2022 Fabrication tubulaire sans coutures lat\u00e9rales<br \/>\n\u2022 Coutures renforc\u00e9es et bande de propret\u00e9 au col et aux \u00e9paules<br \/>\n\u2022 Composition : 100 % coton ou Sport Grey (90 % coton, 10 % polyester)<br \/>\n\u2022 Lavage en machine \u00e0 30\u00b0C<br \/>\n\u2022 Sans polyester recycl\u00e9 ni substances dangereuses<br \/>\n\u2022 Le blanc peut pr\u00e9senter un aspect blanc cass\u00e9 naturel<\/p>","protected":false},"excerpt":{"rendered":"<p>Ce visuel d\u00e9tourne la c\u00e9l\u00e8bre formule en rempla\u00e7ant le c\u0153ur par une grappe de raisin en forme de c\u0153ur, clin d\u2019\u0153il au c\u00e9page Malbec qui fait la renomm\u00e9e des vins de Cahors. Les couleurs vives et les formes simples apportent un style moderne et convivial, id\u00e9al pour afficher son attachement \u00e0 la ville et \u00e0 [&hellip;]<\/p>\n","protected":false},"featured_media":3850,"comment_status":"open","ping_status":"closed","template":"","meta":{"_acf_changed":false},"product_brand":[],"product_cat":[114,78,66,68],"product_tag":[],"class_list":{"0":"post-3841","1":"product","2":"type-product","3":"status-publish","4":"has-post-thumbnail","6":"product_cat-cahors","7":"product_cat-jaime-cahors","8":"product_cat-nouveautes","9":"product_cat-t-shirts","10":"product_shipping_class-t-shirts","12":"first","13":"instock","14":"taxable","15":"shipping-taxable","16":"purchasable","17":"product-type-variable"},"acf":[],"_links":{"self":[{"href":"https:\/\/reviens-y.fr\/en\/wp-json\/wp\/v2\/product\/3841","targetHints":{"allow":["GET"]}}],"collection":[{"href":"https:\/\/reviens-y.fr\/en\/wp-json\/wp\/v2\/product"}],"about":[{"href":"https:\/\/reviens-y.fr\/en\/wp-json\/wp\/v2\/types\/product"}],"replies":[{"embeddable":true,"href":"https:\/\/reviens-y.fr\/en\/wp-json\/wp\/v2\/comments?post=3841"}],"wp:featuredmedia":[{"embeddable":true,"href":"https:\/\/reviens-y.fr\/en\/wp-json\/wp\/v2\/media\/3850"}],"wp:attachment":[{"href":"https:\/\/reviens-y.fr\/en\/wp-json\/wp\/v2\/media?parent=3841"}],"wp:term":[{"taxonomy":"product_brand","embeddable":true,"href":"https:\/\/reviens-y.fr\/en\/wp-json\/wp\/v2\/product_brand?post=3841"},{"taxonomy":"product_cat","embeddable":true,"href":"https:\/\/reviens-y.fr\/en\/wp-json\/wp\/v2\/product_cat?post=3841"},{"taxonomy":"product_tag","embeddable":true,"href":"https:\/\/reviens-y.fr\/en\/wp-json\/wp\/v2\/product_tag?post=3841"}],"curies":[{"name":"wp","href":"https:\/\/api.w.org\/{rel}","templated":true}]}}