{"id":3854,"date":"2025-11-04T07:27:40","date_gmt":"2025-11-04T07:27:40","guid":{"rendered":"https:\/\/reviens-y.fr\/produit\/hoodie-unisexe-jaime-cahors\/"},"modified":"2025-11-22T11:42:33","modified_gmt":"2025-11-22T11:42:33","slug":"hoodie-unisexe-jaime-cahors","status":"publish","type":"product","link":"https:\/\/reviens-y.fr\/en\/product\/hoodie-unisexe-jaime-cahors\/","title":{"rendered":"Hoodie unisexe <br> J&rsquo;aime Cahors"},"content":{"rendered":"<p>Ce visuel d\u00e9tourne la c\u00e9l\u00e8bre formule en rempla\u00e7ant le c\u0153ur par une grappe de raisin en forme de c\u0153ur, clin d\u2019\u0153il au c\u00e9page Malbec qui fait la renomm\u00e9e des vins de Cahors. Les couleurs vives et les formes simples apportent un style moderne et convivial, id\u00e9al pour afficher son attachement \u00e0 la ville et \u00e0 son terroir viticole.<br \/>\n\u2013<br \/>\nSweat \u00e0 capuche unisexe con\u00e7u pour un usage quotidien, offrant chaleur et confort lors des journ\u00e9es fra\u00eeches. Sa coupe classique et sa grande poche frontale en font une pi\u00e8ce pratique et facile \u00e0 porter. La capuche doubl\u00e9e avec cordon de serrage assorti assure une protection suppl\u00e9mentaire contre le froid.<\/p>\n<p>\u2022 271 g\/m\u00b2<br \/>\n\u2022 50 % coton pr\u00e9r\u00e9tr\u00e9ci, 50 % polyester<br \/>\n\u2022 Tissu fil\u00e9 par jet d\u2019air pour un toucher doux et moins de boulochage<br \/>\n\u2022 Capuche \u00e0 double doublure avec cordon assorti<br \/>\n\u2022 Poignets et ceinture en tricot c\u00f4tel\u00e9 1\u00d71 avec \u00e9lasthanne<br \/>\n\u2022 Couture double aux \u00e9paules, poignets et ourlet<br \/>\n\u2022 Le blanc peut appara\u00eetre blanc cass\u00e9 naturel<\/p>","protected":false},"excerpt":{"rendered":"<p>Ce visuel d\u00e9tourne la c\u00e9l\u00e8bre formule en rempla\u00e7ant le c\u0153ur par une grappe de raisin en forme de c\u0153ur, clin d\u2019\u0153il au c\u00e9page Malbec qui fait la renomm\u00e9e des vins de Cahors. Les couleurs vives et les formes simples apportent un style moderne et convivial, id\u00e9al pour afficher son attachement \u00e0 la ville et \u00e0 [&hellip;]<\/p>\n","protected":false},"featured_media":3867,"comment_status":"open","ping_status":"closed","template":"","meta":{"_acf_changed":false},"product_brand":[],"product_cat":[114,69,78],"product_tag":[],"class_list":{"0":"post-3854","1":"product","2":"type-product","3":"status-publish","4":"has-post-thumbnail","6":"product_cat-cahors","7":"product_cat-hoodies","8":"product_cat-jaime-cahors","9":"product_shipping_class-hoodies","11":"first","12":"instock","13":"taxable","14":"shipping-taxable","15":"purchasable","16":"product-type-variable"},"acf":[],"_links":{"self":[{"href":"https:\/\/reviens-y.fr\/en\/wp-json\/wp\/v2\/product\/3854","targetHints":{"allow":["GET"]}}],"collection":[{"href":"https:\/\/reviens-y.fr\/en\/wp-json\/wp\/v2\/product"}],"about":[{"href":"https:\/\/reviens-y.fr\/en\/wp-json\/wp\/v2\/types\/product"}],"replies":[{"embeddable":true,"href":"https:\/\/reviens-y.fr\/en\/wp-json\/wp\/v2\/comments?post=3854"}],"wp:featuredmedia":[{"embeddable":true,"href":"https:\/\/reviens-y.fr\/en\/wp-json\/wp\/v2\/media\/3867"}],"wp:attachment":[{"href":"https:\/\/reviens-y.fr\/en\/wp-json\/wp\/v2\/media?parent=3854"}],"wp:term":[{"taxonomy":"product_brand","embeddable":true,"href":"https:\/\/reviens-y.fr\/en\/wp-json\/wp\/v2\/product_brand?post=3854"},{"taxonomy":"product_cat","embeddable":true,"href":"https:\/\/reviens-y.fr\/en\/wp-json\/wp\/v2\/product_cat?post=3854"},{"taxonomy":"product_tag","embeddable":true,"href":"https:\/\/reviens-y.fr\/en\/wp-json\/wp\/v2\/product_tag?post=3854"}],"curies":[{"name":"wp","href":"https:\/\/api.w.org\/{rel}","templated":true}]}}