{"id":3892,"date":"2025-11-04T07:35:33","date_gmt":"2025-11-04T07:35:33","guid":{"rendered":"https:\/\/reviens-y.fr\/produit\/tote-bag-coton-bio-jaime-cahors\/"},"modified":"2025-11-22T11:41:38","modified_gmt":"2025-11-22T11:41:38","slug":"tote-bag-coton-bio-jaime-cahors","status":"publish","type":"product","link":"https:\/\/reviens-y.fr\/en\/product\/tote-bag-coton-bio-jaime-cahors\/","title":{"rendered":"Tote Bag coton Bio <br> J&rsquo;aime Cahors"},"content":{"rendered":"<p>Ce visuel d\u00e9tourne la c\u00e9l\u00e8bre formule en rempla\u00e7ant le c\u0153ur par une grappe de raisin en forme de c\u0153ur, clin d\u2019\u0153il au c\u00e9page Malbec qui fait la renomm\u00e9e des vins de Cahors. Les couleurs vives et les formes simples apportent un style moderne et convivial, id\u00e9al pour afficher son attachement \u00e0 la ville et \u00e0 son terroir viticole.<br \/>\n\u2013<br \/>\nTote bag en coton biologique robuste et pratique, id\u00e9al pour les courses, les livres ou un usage quotidien. Sa grande capacit\u00e9 et ses anses longues assurent confort et polyvalence, tout en garantissant un impact environnemental r\u00e9duit gr\u00e2ce \u00e0 sa fabrication certifi\u00e9e.<\/p>\n<p>\u2022 100 % coton biologique certifi\u00e9 serg\u00e9 3\/1<br \/>\n\u2022 272 g\/m\u00b2<br \/>\n\u2022 Dimensions : 40,6 \u00d7 35,6 \u00d7 12,7 cm<br \/>\n\u2022 Anses de 2,5 cm de large, longueur 62,2 cm<br \/>\n\u2022 Capacit\u00e9 maximale : 13,6 kg<br \/>\n\u2022 Compartiment principal ouvert<br \/>\n\u2022 Certifi\u00e9 GOTS et OCS pour son contenu en coton bio<br \/>\n\u2022 Certifi\u00e9 OEKO-TEX Standard 100 et approuv\u00e9 vegan par PETA<\/p>","protected":false},"excerpt":{"rendered":"<p>Ce visuel d\u00e9tourne la c\u00e9l\u00e8bre formule en rempla\u00e7ant le c\u0153ur par une grappe de raisin en forme de c\u0153ur, clin d\u2019\u0153il au c\u00e9page Malbec qui fait la renomm\u00e9e des vins de Cahors. Les couleurs vives et les formes simples apportent un style moderne et convivial, id\u00e9al pour afficher son attachement \u00e0 la ville et \u00e0 [&hellip;]<\/p>\n","protected":false},"featured_media":3895,"comment_status":"open","ping_status":"closed","template":"","meta":{"_acf_changed":false},"product_brand":[],"product_cat":[114,78,72],"product_tag":[],"class_list":{"0":"post-3892","1":"product","2":"type-product","3":"status-publish","4":"has-post-thumbnail","6":"product_cat-cahors","7":"product_cat-jaime-cahors","8":"product_cat-tote-bags","9":"product_shipping_class-tote-bags","11":"first","12":"instock","13":"taxable","14":"shipping-taxable","15":"purchasable","16":"product-type-variable"},"acf":[],"_links":{"self":[{"href":"https:\/\/reviens-y.fr\/en\/wp-json\/wp\/v2\/product\/3892","targetHints":{"allow":["GET"]}}],"collection":[{"href":"https:\/\/reviens-y.fr\/en\/wp-json\/wp\/v2\/product"}],"about":[{"href":"https:\/\/reviens-y.fr\/en\/wp-json\/wp\/v2\/types\/product"}],"replies":[{"embeddable":true,"href":"https:\/\/reviens-y.fr\/en\/wp-json\/wp\/v2\/comments?post=3892"}],"wp:featuredmedia":[{"embeddable":true,"href":"https:\/\/reviens-y.fr\/en\/wp-json\/wp\/v2\/media\/3895"}],"wp:attachment":[{"href":"https:\/\/reviens-y.fr\/en\/wp-json\/wp\/v2\/media?parent=3892"}],"wp:term":[{"taxonomy":"product_brand","embeddable":true,"href":"https:\/\/reviens-y.fr\/en\/wp-json\/wp\/v2\/product_brand?post=3892"},{"taxonomy":"product_cat","embeddable":true,"href":"https:\/\/reviens-y.fr\/en\/wp-json\/wp\/v2\/product_cat?post=3892"},{"taxonomy":"product_tag","embeddable":true,"href":"https:\/\/reviens-y.fr\/en\/wp-json\/wp\/v2\/product_tag?post=3892"}],"curies":[{"name":"wp","href":"https:\/\/api.w.org\/{rel}","templated":true}]}}