{"id":3900,"date":"2025-11-04T07:38:47","date_gmt":"2025-11-04T07:38:47","guid":{"rendered":"https:\/\/reviens-y.fr\/produit\/casquette-brodee-jaime-cahors\/"},"modified":"2025-11-22T11:41:11","modified_gmt":"2025-11-22T11:41:11","slug":"casquette-brodee-jaime-cahors","status":"publish","type":"product","link":"https:\/\/reviens-y.fr\/en\/product\/casquette-brodee-jaime-cahors\/","title":{"rendered":"Casquette brod\u00e9e <br> J&rsquo;aime Cahors"},"content":{"rendered":"<p>Ce visuel d\u00e9tourne la c\u00e9l\u00e8bre formule en rempla\u00e7ant le c\u0153ur par une grappe de raisin en forme de c\u0153ur, clin d\u2019\u0153il au c\u00e9page Malbec qui fait la renomm\u00e9e des vins de Cahors. Les couleurs vives et les formes simples apportent un style moderne et convivial, id\u00e9al pour afficher son attachement \u00e0 la ville et \u00e0 son terroir viticole.<br \/>\n\u2013<br \/>\nUnisex cap with a curved visor, combining comfort and style for everyday wear. Its unstructured shape and adjustable strap allow for easy fitting, while its twill cotton fabric offers great durability over time.<\/p>\n<p>\u2022 100% chino cotton twill<br \/>\n\u2022 Unstructured, low-profile, flat visor<br \/>\n\u2022 6 embroidered eyelets<br \/>\n\u2022 Couronne de 3 \u215b \u00bb<br \/>\n\u2022 Adjustable strap with antique-style metal buckle<\/p>","protected":false},"excerpt":{"rendered":"<p>Ce visuel d\u00e9tourne la c\u00e9l\u00e8bre formule en rempla\u00e7ant le c\u0153ur par une grappe de raisin en forme de c\u0153ur, clin d\u2019\u0153il au c\u00e9page Malbec qui fait la renomm\u00e9e des vins de Cahors. Les couleurs vives et les formes simples apportent un style moderne et convivial, id\u00e9al pour afficher son attachement \u00e0 la ville et \u00e0 [&hellip;]<\/p>\n","protected":false},"featured_media":3904,"comment_status":"open","ping_status":"closed","template":"","meta":{"_acf_changed":false},"product_brand":[],"product_cat":[114,71,67,78],"product_tag":[],"class_list":{"0":"post-3900","1":"product","2":"type-product","3":"status-publish","4":"has-post-thumbnail","6":"product_cat-cahors","7":"product_cat-casquettes","8":"product_cat-idees-cadeaux","9":"product_cat-jaime-cahors","10":"product_shipping_class-casquettes","12":"first","13":"instock","14":"taxable","15":"shipping-taxable","16":"purchasable","17":"product-type-variable"},"acf":[],"_links":{"self":[{"href":"https:\/\/reviens-y.fr\/en\/wp-json\/wp\/v2\/product\/3900","targetHints":{"allow":["GET"]}}],"collection":[{"href":"https:\/\/reviens-y.fr\/en\/wp-json\/wp\/v2\/product"}],"about":[{"href":"https:\/\/reviens-y.fr\/en\/wp-json\/wp\/v2\/types\/product"}],"replies":[{"embeddable":true,"href":"https:\/\/reviens-y.fr\/en\/wp-json\/wp\/v2\/comments?post=3900"}],"wp:featuredmedia":[{"embeddable":true,"href":"https:\/\/reviens-y.fr\/en\/wp-json\/wp\/v2\/media\/3904"}],"wp:attachment":[{"href":"https:\/\/reviens-y.fr\/en\/wp-json\/wp\/v2\/media?parent=3900"}],"wp:term":[{"taxonomy":"product_brand","embeddable":true,"href":"https:\/\/reviens-y.fr\/en\/wp-json\/wp\/v2\/product_brand?post=3900"},{"taxonomy":"product_cat","embeddable":true,"href":"https:\/\/reviens-y.fr\/en\/wp-json\/wp\/v2\/product_cat?post=3900"},{"taxonomy":"product_tag","embeddable":true,"href":"https:\/\/reviens-y.fr\/en\/wp-json\/wp\/v2\/product_tag?post=3900"}],"curies":[{"name":"wp","href":"https:\/\/api.w.org\/{rel}","templated":true}]}}