{"id":3918,"date":"2025-11-04T07:50:46","date_gmt":"2025-11-04T07:50:46","guid":{"rendered":"https:\/\/reviens-y.fr\/produit\/mug-blanc-brillant-jaime-cahors\/"},"modified":"2025-11-21T15:19:54","modified_gmt":"2025-11-21T15:19:54","slug":"mug-blanc-brillant-jaime-cahors","status":"publish","type":"product","link":"https:\/\/reviens-y.fr\/en\/product\/mug-blanc-brillant-jaime-cahors\/","title":{"rendered":"Glossy white mug <br> J&rsquo;aime Cahors"},"content":{"rendered":"<p>Ce visuel d\u00e9tourne la c\u00e9l\u00e8bre formule en rempla\u00e7ant le c\u0153ur par une grappe de raisin en forme de c\u0153ur, clin d\u2019\u0153il au c\u00e9page Malbec qui fait la renomm\u00e9e des vins de Cahors. Les couleurs vives et les formes simples apportent un style moderne et convivial, id\u00e9al pour afficher son attachement \u00e0 la ville et \u00e0 son terroir viticole.<br \/>\n\u2013<br \/>\nMug en c\u00e9ramique, pratique et r\u00e9sistant, id\u00e9al pour savourer vos boissons chaudes au quotidien. Sa finition blanche brillante met en valeur les visuels imprim\u00e9s, qui conservent leur \u00e9clat m\u00eame apr\u00e8s plusieurs passages au lave-vaisselle ou au micro-ondes.<\/p>\n<p>\u2022 C\u00e9ramique sans BPA et sans plomb<br \/>\n\u2022 Passe au lave-vaisselle et au micro-ondes<br \/>\n\u2022 Finition blanche brillante<br \/>\n\u2022 Taille 11 oz : 9,6 cm de hauteur \u00d7 8,2 cm de diam\u00e8tre<br \/>\n\u2022 L\u00e9g\u00e8res variations de taille possibles (+\/- 2 mm)<\/p>","protected":false},"excerpt":{"rendered":"<p>Ce visuel d\u00e9tourne la c\u00e9l\u00e8bre formule en rempla\u00e7ant le c\u0153ur par une grappe de raisin en forme de c\u0153ur, clin d\u2019\u0153il au c\u00e9page Malbec qui fait la renomm\u00e9e des vins de Cahors. Les couleurs vives et les formes simples apportent un style moderne et convivial, id\u00e9al pour afficher son attachement \u00e0 la ville et \u00e0 [&hellip;]<\/p>\n","protected":false},"featured_media":3919,"comment_status":"open","ping_status":"closed","template":"","meta":{"_acf_changed":false},"product_brand":[],"product_cat":[114,78,73],"product_tag":[],"class_list":{"0":"post-3918","1":"product","2":"type-product","3":"status-publish","4":"has-post-thumbnail","6":"product_cat-cahors","7":"product_cat-jaime-cahors","8":"product_cat-mugs","9":"product_shipping_class-mugs","11":"first","12":"instock","13":"taxable","14":"shipping-taxable","15":"purchasable","16":"product-type-simple"},"acf":[],"_links":{"self":[{"href":"https:\/\/reviens-y.fr\/en\/wp-json\/wp\/v2\/product\/3918","targetHints":{"allow":["GET"]}}],"collection":[{"href":"https:\/\/reviens-y.fr\/en\/wp-json\/wp\/v2\/product"}],"about":[{"href":"https:\/\/reviens-y.fr\/en\/wp-json\/wp\/v2\/types\/product"}],"replies":[{"embeddable":true,"href":"https:\/\/reviens-y.fr\/en\/wp-json\/wp\/v2\/comments?post=3918"}],"wp:featuredmedia":[{"embeddable":true,"href":"https:\/\/reviens-y.fr\/en\/wp-json\/wp\/v2\/media\/3919"}],"wp:attachment":[{"href":"https:\/\/reviens-y.fr\/en\/wp-json\/wp\/v2\/media?parent=3918"}],"wp:term":[{"taxonomy":"product_brand","embeddable":true,"href":"https:\/\/reviens-y.fr\/en\/wp-json\/wp\/v2\/product_brand?post=3918"},{"taxonomy":"product_cat","embeddable":true,"href":"https:\/\/reviens-y.fr\/en\/wp-json\/wp\/v2\/product_cat?post=3918"},{"taxonomy":"product_tag","embeddable":true,"href":"https:\/\/reviens-y.fr\/en\/wp-json\/wp\/v2\/product_tag?post=3918"}],"curies":[{"name":"wp","href":"https:\/\/api.w.org\/{rel}","templated":true}]}}