{"id":3969,"date":"2025-11-04T08:15:29","date_gmt":"2025-11-04T08:15:29","guid":{"rendered":"https:\/\/reviens-y.fr\/produit\/sweat-unisexe-le-mont-saint-cyr\/"},"modified":"2025-11-22T11:56:07","modified_gmt":"2025-11-22T11:56:07","slug":"sweat-unisexe-le-mont-saint-cyr","status":"publish","type":"product","link":"https:\/\/reviens-y.fr\/en\/product\/sweat-unisexe-le-mont-saint-cyr\/","title":{"rendered":"Unisex sweatshirt <br> Le Mont Saint-Cyr"},"content":{"rendered":"<p>Ce visuel illustre l\u2019un des panoramas les plus connus de Cahors : la vue depuis le Mont Saint-Cyr. On y d\u00e9couvre la boucle du Lot entourant la ville, capt\u00e9e dans un style graphique inspir\u00e9 des gravures anciennes. Les d\u00e9tails du paysage, des ponts et de l\u2019urbanisme cadurcien sont mis en valeur par un trac\u00e9 fin et une teinte verte qui \u00e9voque la nature environnante.<br \/>\nUn design qui rend hommage \u00e0 ce lieu pris\u00e9 des visiteurs comme des habitants, point de d\u00e9part id\u00e9al pour admirer et photographier Cahors dans son ensemble.<br \/>\n\u2013<br \/>\nSweat-shirt unisexe en coton et polyester, con\u00e7u pour offrir douceur et chaleur au quotidien. Sa coupe classique et son col en tricot c\u00f4tel\u00e9 assurent un bon maintien, tandis que la conception quart-de-tour \u00e9vite le pli central. Facile \u00e0 entretenir, il conserve sa forme lavage apr\u00e8s lavage.<\/p>\n<p>\u2022 271 g\/m\u00b2<br \/>\n\u2022 50 % coton, 50 % polyester<br \/>\n\u2022 Tissu pr\u00e9r\u00e9tr\u00e9ci, fil\u00e9 par jet d\u2019air pour un toucher doux<br \/>\n\u2022 Col, \u00e9paules, emmanchures, poignets et ourlet \u00e0 couture double<br \/>\n\u2022 Col en tricot c\u00f4tel\u00e9 1\u00d71 avec \u00e9lasthanne<br \/>\n\u2022 Quart-de-tour pour \u00e9viter un pli au milieu<br \/>\n\u2022 Le blanc peut appara\u00eetre blanc cass\u00e9 naturel<\/p>","protected":false},"excerpt":{"rendered":"<p>Ce visuel illustre l\u2019un des panoramas les plus connus de Cahors : la vue depuis le Mont Saint-Cyr. On y d\u00e9couvre la boucle du Lot entourant la ville, capt\u00e9e dans un style graphique inspir\u00e9 des gravures anciennes. Les d\u00e9tails du paysage, des ponts et de l\u2019urbanisme cadurcien sont mis en valeur par un trac\u00e9 fin [&hellip;]<\/p>\n","protected":false},"featured_media":3982,"comment_status":"open","ping_status":"closed","template":"","meta":{"_acf_changed":false},"product_brand":[],"product_cat":[114,79,70],"product_tag":[],"class_list":{"0":"post-3969","1":"product","2":"type-product","3":"status-publish","4":"has-post-thumbnail","6":"product_cat-cahors","7":"product_cat-le-mont-saint-cyr","8":"product_cat-sweats","9":"product_shipping_class-sweats","11":"first","12":"instock","13":"taxable","14":"shipping-taxable","15":"purchasable","16":"product-type-variable"},"acf":[],"_links":{"self":[{"href":"https:\/\/reviens-y.fr\/en\/wp-json\/wp\/v2\/product\/3969","targetHints":{"allow":["GET"]}}],"collection":[{"href":"https:\/\/reviens-y.fr\/en\/wp-json\/wp\/v2\/product"}],"about":[{"href":"https:\/\/reviens-y.fr\/en\/wp-json\/wp\/v2\/types\/product"}],"replies":[{"embeddable":true,"href":"https:\/\/reviens-y.fr\/en\/wp-json\/wp\/v2\/comments?post=3969"}],"wp:featuredmedia":[{"embeddable":true,"href":"https:\/\/reviens-y.fr\/en\/wp-json\/wp\/v2\/media\/3982"}],"wp:attachment":[{"href":"https:\/\/reviens-y.fr\/en\/wp-json\/wp\/v2\/media?parent=3969"}],"wp:term":[{"taxonomy":"product_brand","embeddable":true,"href":"https:\/\/reviens-y.fr\/en\/wp-json\/wp\/v2\/product_brand?post=3969"},{"taxonomy":"product_cat","embeddable":true,"href":"https:\/\/reviens-y.fr\/en\/wp-json\/wp\/v2\/product_cat?post=3969"},{"taxonomy":"product_tag","embeddable":true,"href":"https:\/\/reviens-y.fr\/en\/wp-json\/wp\/v2\/product_tag?post=3969"}],"curies":[{"name":"wp","href":"https:\/\/api.w.org\/{rel}","templated":true}]}}