{"id":3988,"date":"2025-11-04T08:18:17","date_gmt":"2025-11-04T08:18:17","guid":{"rendered":"https:\/\/reviens-y.fr\/produit\/casquette-brodee-le-mont-saint-cyr\/"},"modified":"2025-11-22T11:39:20","modified_gmt":"2025-11-22T11:39:20","slug":"casquette-brodee-le-mont-saint-cyr","status":"publish","type":"product","link":"https:\/\/reviens-y.fr\/en\/product\/casquette-brodee-le-mont-saint-cyr\/","title":{"rendered":"Casquette brod\u00e9e <br> Le Mont Saint-Cyr"},"content":{"rendered":"<p>Ce visuel illustre l\u2019un des panoramas les plus connus de Cahors : la vue depuis le Mont Saint-Cyr. On y d\u00e9couvre la boucle du Lot entourant la ville, capt\u00e9e dans un style graphique inspir\u00e9 des gravures anciennes. Les d\u00e9tails du paysage, des ponts et de l\u2019urbanisme cadurcien sont mis en valeur par un trac\u00e9 fin et une teinte verte qui \u00e9voque la nature environnante.<br \/>\nUn design qui rend hommage \u00e0 ce lieu pris\u00e9 des visiteurs comme des habitants, point de d\u00e9part id\u00e9al pour admirer et photographier Cahors dans son ensemble.<br \/>\n\u2013<br \/>\nUnisex cap with a curved visor, combining comfort and style for everyday wear. Its unstructured shape and adjustable strap allow for easy fitting, while its twill cotton fabric offers great durability over time.<\/p>\n<p>\u2022 100% chino cotton twill<br \/>\n\u2022 Unstructured, low-profile, flat visor<br \/>\n\u2022 6 embroidered eyelets<br \/>\n\u2022 Couronne de 3 \u215b \u00bb<br \/>\n\u2022 Adjustable strap with antique-style metal buckle<\/p>","protected":false},"excerpt":{"rendered":"<p>Ce visuel illustre l\u2019un des panoramas les plus connus de Cahors : la vue depuis le Mont Saint-Cyr. On y d\u00e9couvre la boucle du Lot entourant la ville, capt\u00e9e dans un style graphique inspir\u00e9 des gravures anciennes. Les d\u00e9tails du paysage, des ponts et de l\u2019urbanisme cadurcien sont mis en valeur par un trac\u00e9 fin [&hellip;]<\/p>\n","protected":false},"featured_media":3992,"comment_status":"open","ping_status":"closed","template":"","meta":{"_acf_changed":false},"product_brand":[],"product_cat":[114,71,79],"product_tag":[],"class_list":{"0":"post-3988","1":"product","2":"type-product","3":"status-publish","4":"has-post-thumbnail","6":"product_cat-cahors","7":"product_cat-casquettes","8":"product_cat-le-mont-saint-cyr","9":"product_shipping_class-casquettes","11":"first","12":"instock","13":"taxable","14":"shipping-taxable","15":"purchasable","16":"product-type-variable"},"acf":[],"_links":{"self":[{"href":"https:\/\/reviens-y.fr\/en\/wp-json\/wp\/v2\/product\/3988","targetHints":{"allow":["GET"]}}],"collection":[{"href":"https:\/\/reviens-y.fr\/en\/wp-json\/wp\/v2\/product"}],"about":[{"href":"https:\/\/reviens-y.fr\/en\/wp-json\/wp\/v2\/types\/product"}],"replies":[{"embeddable":true,"href":"https:\/\/reviens-y.fr\/en\/wp-json\/wp\/v2\/comments?post=3988"}],"wp:featuredmedia":[{"embeddable":true,"href":"https:\/\/reviens-y.fr\/en\/wp-json\/wp\/v2\/media\/3992"}],"wp:attachment":[{"href":"https:\/\/reviens-y.fr\/en\/wp-json\/wp\/v2\/media?parent=3988"}],"wp:term":[{"taxonomy":"product_brand","embeddable":true,"href":"https:\/\/reviens-y.fr\/en\/wp-json\/wp\/v2\/product_brand?post=3988"},{"taxonomy":"product_cat","embeddable":true,"href":"https:\/\/reviens-y.fr\/en\/wp-json\/wp\/v2\/product_cat?post=3988"},{"taxonomy":"product_tag","embeddable":true,"href":"https:\/\/reviens-y.fr\/en\/wp-json\/wp\/v2\/product_tag?post=3988"}],"curies":[{"name":"wp","href":"https:\/\/api.w.org\/{rel}","templated":true}]}}