{"id":3999,"date":"2025-11-04T08:20:27","date_gmt":"2025-11-04T08:20:27","guid":{"rendered":"https:\/\/reviens-y.fr\/produit\/tote-bag-coton-bio-le-mont-saint-cyr\/"},"modified":"2025-11-22T11:38:52","modified_gmt":"2025-11-22T11:38:52","slug":"tote-bag-coton-bio-le-mont-saint-cyr","status":"publish","type":"product","link":"https:\/\/reviens-y.fr\/en\/product\/tote-bag-coton-bio-le-mont-saint-cyr\/","title":{"rendered":"Tote Bag coton Bio <br> Le Mont Saint-Cyr"},"content":{"rendered":"<p>Ce visuel illustre l\u2019un des panoramas les plus connus de Cahors : la vue depuis le Mont Saint-Cyr. On y d\u00e9couvre la boucle du Lot entourant la ville, capt\u00e9e dans un style graphique inspir\u00e9 des gravures anciennes. Les d\u00e9tails du paysage, des ponts et de l\u2019urbanisme cadurcien sont mis en valeur par un trac\u00e9 fin et une teinte verte qui \u00e9voque la nature environnante.<br \/>\nUn design qui rend hommage \u00e0 ce lieu pris\u00e9 des visiteurs comme des habitants, point de d\u00e9part id\u00e9al pour admirer et photographier Cahors dans son ensemble.<br \/>\n\u2013<br \/>\nTote bag en coton biologique robuste et pratique, id\u00e9al pour les courses, les livres ou un usage quotidien. Sa grande capacit\u00e9 et ses anses longues assurent confort et polyvalence, tout en garantissant un impact environnemental r\u00e9duit gr\u00e2ce \u00e0 sa fabrication certifi\u00e9e.<\/p>\n<p>\u2022 100 % coton biologique certifi\u00e9 serg\u00e9 3\/1<br \/>\n\u2022 272 g\/m\u00b2<br \/>\n\u2022 Dimensions : 40,6 \u00d7 35,6 \u00d7 12,7 cm<br \/>\n\u2022 Anses de 2,5 cm de large, longueur 62,2 cm<br \/>\n\u2022 Capacit\u00e9 maximale : 13,6 kg<br \/>\n\u2022 Compartiment principal ouvert<br \/>\n\u2022 Certifi\u00e9 GOTS et OCS pour son contenu en coton bio<br \/>\n\u2022 Certifi\u00e9 OEKO-TEX Standard 100 et approuv\u00e9 vegan par PETA<\/p>","protected":false},"excerpt":{"rendered":"<p>Ce visuel illustre l\u2019un des panoramas les plus connus de Cahors : la vue depuis le Mont Saint-Cyr. On y d\u00e9couvre la boucle du Lot entourant la ville, capt\u00e9e dans un style graphique inspir\u00e9 des gravures anciennes. Les d\u00e9tails du paysage, des ponts et de l\u2019urbanisme cadurcien sont mis en valeur par un trac\u00e9 fin [&hellip;]<\/p>\n","protected":false},"featured_media":4002,"comment_status":"open","ping_status":"closed","template":"","meta":{"_acf_changed":false},"product_brand":[],"product_cat":[114,79,72],"product_tag":[],"class_list":{"0":"post-3999","1":"product","2":"type-product","3":"status-publish","4":"has-post-thumbnail","6":"product_cat-cahors","7":"product_cat-le-mont-saint-cyr","8":"product_cat-tote-bags","9":"product_shipping_class-tote-bags","11":"first","12":"instock","13":"taxable","14":"shipping-taxable","15":"purchasable","16":"product-type-variable"},"acf":[],"_links":{"self":[{"href":"https:\/\/reviens-y.fr\/en\/wp-json\/wp\/v2\/product\/3999","targetHints":{"allow":["GET"]}}],"collection":[{"href":"https:\/\/reviens-y.fr\/en\/wp-json\/wp\/v2\/product"}],"about":[{"href":"https:\/\/reviens-y.fr\/en\/wp-json\/wp\/v2\/types\/product"}],"replies":[{"embeddable":true,"href":"https:\/\/reviens-y.fr\/en\/wp-json\/wp\/v2\/comments?post=3999"}],"wp:featuredmedia":[{"embeddable":true,"href":"https:\/\/reviens-y.fr\/en\/wp-json\/wp\/v2\/media\/4002"}],"wp:attachment":[{"href":"https:\/\/reviens-y.fr\/en\/wp-json\/wp\/v2\/media?parent=3999"}],"wp:term":[{"taxonomy":"product_brand","embeddable":true,"href":"https:\/\/reviens-y.fr\/en\/wp-json\/wp\/v2\/product_brand?post=3999"},{"taxonomy":"product_cat","embeddable":true,"href":"https:\/\/reviens-y.fr\/en\/wp-json\/wp\/v2\/product_cat?post=3999"},{"taxonomy":"product_tag","embeddable":true,"href":"https:\/\/reviens-y.fr\/en\/wp-json\/wp\/v2\/product_tag?post=3999"}],"curies":[{"name":"wp","href":"https:\/\/api.w.org\/{rel}","templated":true}]}}