{"id":4007,"date":"2025-11-04T08:23:05","date_gmt":"2025-11-04T08:23:05","guid":{"rendered":"https:\/\/reviens-y.fr\/produit\/mug-blanc-brillant-le-mont-saint-cyr\/"},"modified":"2025-11-21T15:19:29","modified_gmt":"2025-11-21T15:19:29","slug":"mug-blanc-brillant-le-mont-saint-cyr","status":"publish","type":"product","link":"https:\/\/reviens-y.fr\/en\/product\/mug-blanc-brillant-le-mont-saint-cyr\/","title":{"rendered":"Glossy white mug <br> Le Mont Saint-Cyr"},"content":{"rendered":"<p>Ce visuel illustre l\u2019un des panoramas les plus connus de Cahors : la vue depuis le Mont Saint-Cyr. On y d\u00e9couvre la boucle du Lot entourant la ville, capt\u00e9e dans un style graphique inspir\u00e9 des gravures anciennes. Les d\u00e9tails du paysage, des ponts et de l\u2019urbanisme cadurcien sont mis en valeur par un trac\u00e9 fin et une teinte verte qui \u00e9voque la nature environnante.<br \/>\nUn design qui rend hommage \u00e0 ce lieu pris\u00e9 des visiteurs comme des habitants, point de d\u00e9part id\u00e9al pour admirer et photographier Cahors dans son ensemble.<br \/>\n\u2013<br \/>\nMug en c\u00e9ramique, pratique et r\u00e9sistant, id\u00e9al pour savourer vos boissons chaudes au quotidien. Sa finition blanche brillante met en valeur les visuels imprim\u00e9s, qui conservent leur \u00e9clat m\u00eame apr\u00e8s plusieurs passages au lave-vaisselle ou au micro-ondes.<\/p>\n<p>\u2022 C\u00e9ramique sans BPA et sans plomb<br \/>\n\u2022 Passe au lave-vaisselle et au micro-ondes<br \/>\n\u2022 Finition blanche brillante<br \/>\n\u2022 Taille 11 oz : 9,6 cm de hauteur \u00d7 8,2 cm de diam\u00e8tre<br \/>\n\u2022 L\u00e9g\u00e8res variations de taille possibles (+\/- 2 mm)<\/p>","protected":false},"excerpt":{"rendered":"<p>Ce visuel illustre l\u2019un des panoramas les plus connus de Cahors : la vue depuis le Mont Saint-Cyr. On y d\u00e9couvre la boucle du Lot entourant la ville, capt\u00e9e dans un style graphique inspir\u00e9 des gravures anciennes. Les d\u00e9tails du paysage, des ponts et de l\u2019urbanisme cadurcien sont mis en valeur par un trac\u00e9 fin [&hellip;]<\/p>\n","protected":false},"featured_media":4008,"comment_status":"open","ping_status":"closed","template":"","meta":{"_acf_changed":false},"product_brand":[],"product_cat":[114,79,73],"product_tag":[],"class_list":{"0":"post-4007","1":"product","2":"type-product","3":"status-publish","4":"has-post-thumbnail","6":"product_cat-cahors","7":"product_cat-le-mont-saint-cyr","8":"product_cat-mugs","9":"product_shipping_class-mugs","11":"first","12":"instock","13":"taxable","14":"shipping-taxable","15":"purchasable","16":"product-type-simple"},"acf":[],"_links":{"self":[{"href":"https:\/\/reviens-y.fr\/en\/wp-json\/wp\/v2\/product\/4007","targetHints":{"allow":["GET"]}}],"collection":[{"href":"https:\/\/reviens-y.fr\/en\/wp-json\/wp\/v2\/product"}],"about":[{"href":"https:\/\/reviens-y.fr\/en\/wp-json\/wp\/v2\/types\/product"}],"replies":[{"embeddable":true,"href":"https:\/\/reviens-y.fr\/en\/wp-json\/wp\/v2\/comments?post=4007"}],"wp:featuredmedia":[{"embeddable":true,"href":"https:\/\/reviens-y.fr\/en\/wp-json\/wp\/v2\/media\/4008"}],"wp:attachment":[{"href":"https:\/\/reviens-y.fr\/en\/wp-json\/wp\/v2\/media?parent=4007"}],"wp:term":[{"taxonomy":"product_brand","embeddable":true,"href":"https:\/\/reviens-y.fr\/en\/wp-json\/wp\/v2\/product_brand?post=4007"},{"taxonomy":"product_cat","embeddable":true,"href":"https:\/\/reviens-y.fr\/en\/wp-json\/wp\/v2\/product_cat?post=4007"},{"taxonomy":"product_tag","embeddable":true,"href":"https:\/\/reviens-y.fr\/en\/wp-json\/wp\/v2\/product_tag?post=4007"}],"curies":[{"name":"wp","href":"https:\/\/api.w.org\/{rel}","templated":true}]}}