{"id":4020,"date":"2025-11-04T08:47:58","date_gmt":"2025-11-04T08:47:58","guid":{"rendered":"https:\/\/reviens-y.fr\/produit\/t-shirt-unisexe-le-marche-de-cahors\/"},"modified":"2025-11-22T11:37:44","modified_gmt":"2025-11-22T11:37:44","slug":"t-shirt-unisexe-le-marche-de-cahors","status":"publish","type":"product","link":"https:\/\/reviens-y.fr\/en\/product\/t-shirt-unisexe-le-marche-de-cahors\/","title":{"rendered":"T-shirt unisex <br> Le march\u00e9 de Cahors"},"content":{"rendered":"<p>Ce visuel met \u00e0 l\u2019honneur les produits embl\u00e9matiques du march\u00e9 de Cahors et du Quercy. Illustr\u00e9s dans un style graphique simple et monochrome, on y retrouve le melon du Quercy, la truffe du P\u00e9rigord, le cab\u00e9cou de Rocamadour, le safran, le verre de Cahors, la noix du P\u00e9rigord, le Malbec, le pastis et le foie gras.<br \/>\nChaque \u00e9l\u00e9ment est repr\u00e9sent\u00e9 avec un trait l\u00e9ger qui \u00e9voque les croquis \u00e0 main lev\u00e9e, donnant au design un aspect artisanal et authentique. Un hommage \u00e0 la gastronomie locale et aux saveurs du Sud-Ouest, entre terroir et convivialit\u00e9.<br \/>\n\u2013<br \/>\nT-shirt unisexe en coton, con\u00e7u pour un usage quotidien. Sa coupe r\u00e9guli\u00e8re facilite les mouvements, tandis que son tissu conserve sa forme lavage apr\u00e8s lavage. L\u00e9ger \u00e0 porter et simple \u00e0 entretenir, il convient \u00e0 toutes les saisons et s\u2019adapte \u00e0 diff\u00e9rents styles.<\/p>\n<p>\u2022 170\u2013180 g\/m\u00b2<br \/>\n\u2022 Fabrication tubulaire sans coutures lat\u00e9rales<br \/>\n\u2022 Coutures renforc\u00e9es et bande de propret\u00e9 au col et aux \u00e9paules<br \/>\n\u2022 Composition : 100 % coton ou Sport Grey (90 % coton, 10 % polyester)<br \/>\n\u2022 Lavage en machine \u00e0 30\u00b0C<br \/>\n\u2022 Sans polyester recycl\u00e9 ni substances dangereuses<br \/>\n\u2022 Le blanc peut pr\u00e9senter un aspect blanc cass\u00e9 naturel<\/p>","protected":false},"excerpt":{"rendered":"<p>Ce visuel met \u00e0 l\u2019honneur les produits embl\u00e9matiques du march\u00e9 de Cahors et du Quercy. Illustr\u00e9s dans un style graphique simple et monochrome, on y retrouve le melon du Quercy, la truffe du P\u00e9rigord, le cab\u00e9cou de Rocamadour, le safran, le verre de Cahors, la noix du P\u00e9rigord, le Malbec, le pastis et le foie [&hellip;]<\/p>\n","protected":false},"featured_media":4025,"comment_status":"open","ping_status":"closed","template":"","meta":{"_acf_changed":false},"product_brand":[],"product_cat":[114,80,68],"product_tag":[],"class_list":{"0":"post-4020","1":"product","2":"type-product","3":"status-publish","4":"has-post-thumbnail","6":"product_cat-cahors","7":"product_cat-le-marche-de-cahors","8":"product_cat-t-shirts","9":"product_shipping_class-t-shirts","11":"first","12":"instock","13":"taxable","14":"shipping-taxable","15":"purchasable","16":"product-type-variable"},"acf":[],"_links":{"self":[{"href":"https:\/\/reviens-y.fr\/en\/wp-json\/wp\/v2\/product\/4020","targetHints":{"allow":["GET"]}}],"collection":[{"href":"https:\/\/reviens-y.fr\/en\/wp-json\/wp\/v2\/product"}],"about":[{"href":"https:\/\/reviens-y.fr\/en\/wp-json\/wp\/v2\/types\/product"}],"replies":[{"embeddable":true,"href":"https:\/\/reviens-y.fr\/en\/wp-json\/wp\/v2\/comments?post=4020"}],"wp:featuredmedia":[{"embeddable":true,"href":"https:\/\/reviens-y.fr\/en\/wp-json\/wp\/v2\/media\/4025"}],"wp:attachment":[{"href":"https:\/\/reviens-y.fr\/en\/wp-json\/wp\/v2\/media?parent=4020"}],"wp:term":[{"taxonomy":"product_brand","embeddable":true,"href":"https:\/\/reviens-y.fr\/en\/wp-json\/wp\/v2\/product_brand?post=4020"},{"taxonomy":"product_cat","embeddable":true,"href":"https:\/\/reviens-y.fr\/en\/wp-json\/wp\/v2\/product_cat?post=4020"},{"taxonomy":"product_tag","embeddable":true,"href":"https:\/\/reviens-y.fr\/en\/wp-json\/wp\/v2\/product_tag?post=4020"}],"curies":[{"name":"wp","href":"https:\/\/api.w.org\/{rel}","templated":true}]}}