{"id":4027,"date":"2025-11-04T08:50:27","date_gmt":"2025-11-04T08:50:27","guid":{"rendered":"https:\/\/reviens-y.fr\/produit\/hoodie-unisexe-le-marche-de-cahors\/"},"modified":"2025-11-22T11:37:07","modified_gmt":"2025-11-22T11:37:07","slug":"hoodie-unisexe-le-marche-de-cahors","status":"publish","type":"product","link":"https:\/\/reviens-y.fr\/en\/product\/hoodie-unisexe-le-marche-de-cahors\/","title":{"rendered":"Hoodie unisexe <br> Le march\u00e9 de Cahors"},"content":{"rendered":"<p>Tout le monde a besoin d&rsquo;un sweat \u00e0 capuche douillet dans lequel se blottir, alors choisissez-en un qui est doux, lisse et \u00e9l\u00e9gant. C&rsquo;est le choix id\u00e9al pour les soir\u00e9es plus fra\u00eeches\u00a0!<\/p>\n<p>\u2022 50\u00a0% coton pr\u00e9r\u00e9tr\u00e9ci et 50\u00a0% polyester<br \/>\n Le coloris sport bleu marine fonc\u00e9 chin\u00e9 est compos\u00e9 de 40\u00a0% coton et de 60\u00a0% polyester<br \/>\n\u2022 Poids du tissu\u00a0: 271,25 g\/m\u00b2 (8,0 oz\/yd\u00b2)<br \/>\n\u2022 Fil fil\u00e9 par jet d&rsquo;air au toucher doux et au boulochage r\u00e9duit<br \/>\n\u2022 Capuche \u00e0 double doublure avec cordon de serrage assorti<br \/>\n\u2022 Corps tourn\u00e9 d&rsquo;un quart de tour pour \u00e9viter le pli central<br \/>\n\u2022 Poignets et ceinture athl\u00e9tiques en tricot c\u00f4tel\u00e9 avec spandex<br \/>\n\u2022 Poignets et ourlet \u00e0 aiguille double<br \/>\n\u2022 Produit vierge provenant du Bangladesh, du Nicaragua, du Honduras ou du Salvador<\/p>\n<p>Avertissement\u00a0: en raison des propri\u00e9t\u00e9s du tissu, la variante de couleur blanche peut appara\u00eetre blanc cass\u00e9 plut\u00f4t que blanc vif.<\/p>","protected":false},"excerpt":{"rendered":"<p>Tout le monde a besoin d&rsquo;un sweat \u00e0 capuche douillet dans lequel se blottir, alors choisissez-en un qui est doux, lisse et \u00e9l\u00e9gant. C&rsquo;est le choix id\u00e9al pour les soir\u00e9es plus fra\u00eeches\u00a0! \u2022 50\u00a0% coton pr\u00e9r\u00e9tr\u00e9ci et 50\u00a0% polyester Le coloris sport bleu marine fonc\u00e9 chin\u00e9 est compos\u00e9 de 40\u00a0% coton et de 60\u00a0% polyester [&hellip;]<\/p>\n","protected":false},"featured_media":4032,"comment_status":"open","ping_status":"closed","template":"","meta":{"_acf_changed":false},"product_brand":[],"product_cat":[114,69,80],"product_tag":[],"class_list":{"0":"post-4027","1":"product","2":"type-product","3":"status-publish","4":"has-post-thumbnail","6":"product_cat-cahors","7":"product_cat-hoodies","8":"product_cat-le-marche-de-cahors","9":"product_shipping_class-hoodies","11":"first","12":"instock","13":"taxable","14":"shipping-taxable","15":"purchasable","16":"product-type-variable"},"acf":[],"_links":{"self":[{"href":"https:\/\/reviens-y.fr\/en\/wp-json\/wp\/v2\/product\/4027","targetHints":{"allow":["GET"]}}],"collection":[{"href":"https:\/\/reviens-y.fr\/en\/wp-json\/wp\/v2\/product"}],"about":[{"href":"https:\/\/reviens-y.fr\/en\/wp-json\/wp\/v2\/types\/product"}],"replies":[{"embeddable":true,"href":"https:\/\/reviens-y.fr\/en\/wp-json\/wp\/v2\/comments?post=4027"}],"wp:featuredmedia":[{"embeddable":true,"href":"https:\/\/reviens-y.fr\/en\/wp-json\/wp\/v2\/media\/4032"}],"wp:attachment":[{"href":"https:\/\/reviens-y.fr\/en\/wp-json\/wp\/v2\/media?parent=4027"}],"wp:term":[{"taxonomy":"product_brand","embeddable":true,"href":"https:\/\/reviens-y.fr\/en\/wp-json\/wp\/v2\/product_brand?post=4027"},{"taxonomy":"product_cat","embeddable":true,"href":"https:\/\/reviens-y.fr\/en\/wp-json\/wp\/v2\/product_cat?post=4027"},{"taxonomy":"product_tag","embeddable":true,"href":"https:\/\/reviens-y.fr\/en\/wp-json\/wp\/v2\/product_tag?post=4027"}],"curies":[{"name":"wp","href":"https:\/\/api.w.org\/{rel}","templated":true}]}}