{"id":4034,"date":"2025-11-04T08:52:41","date_gmt":"2025-11-04T08:52:41","guid":{"rendered":"https:\/\/reviens-y.fr\/produit\/sweat-unisexe-le-marche-de-cahors\/"},"modified":"2025-11-22T11:36:16","modified_gmt":"2025-11-22T11:36:16","slug":"sweat-unisexe-le-marche-de-cahors","status":"publish","type":"product","link":"https:\/\/reviens-y.fr\/en\/product\/sweat-unisexe-le-marche-de-cahors\/","title":{"rendered":"Unisex sweatshirt <br> Le march\u00e9 de Cahors"},"content":{"rendered":"<p>Ce visuel met \u00e0 l\u2019honneur les produits embl\u00e9matiques du march\u00e9 de Cahors et du Quercy. Illustr\u00e9s dans un style graphique simple et monochrome, on y retrouve le melon du Quercy, la truffe du P\u00e9rigord, le cab\u00e9cou de Rocamadour, le safran, le verre de Cahors, la noix du P\u00e9rigord, le Malbec, le pastis et le foie gras.<br \/>\nChaque \u00e9l\u00e9ment est repr\u00e9sent\u00e9 avec un trait l\u00e9ger qui \u00e9voque les croquis \u00e0 main lev\u00e9e, donnant au design un aspect artisanal et authentique. Un hommage \u00e0 la gastronomie locale et aux saveurs du Sud-Ouest, entre terroir et convivialit\u00e9.<br \/>\n\u2013<br \/>\nSweat-shirt unisexe en coton et polyester, con\u00e7u pour offrir douceur et chaleur au quotidien. Sa coupe classique et son col en tricot c\u00f4tel\u00e9 assurent un bon maintien, tandis que la conception quart-de-tour \u00e9vite le pli central. Facile \u00e0 entretenir, il conserve sa forme lavage apr\u00e8s lavage.<\/p>\n<p>\u2022 271 g\/m\u00b2<br \/>\n\u2022 50 % coton, 50 % polyester<br \/>\n\u2022 Tissu pr\u00e9r\u00e9tr\u00e9ci, fil\u00e9 par jet d\u2019air pour un toucher doux<br \/>\n\u2022 Col, \u00e9paules, emmanchures, poignets et ourlet \u00e0 couture double<br \/>\n\u2022 Col en tricot c\u00f4tel\u00e9 1\u00d71 avec \u00e9lasthanne<br \/>\n\u2022 Quart-de-tour pour \u00e9viter un pli au milieu<br \/>\n\u2022 Le blanc peut appara\u00eetre blanc cass\u00e9 naturel<\/p>","protected":false},"excerpt":{"rendered":"<p>Ce visuel met \u00e0 l\u2019honneur les produits embl\u00e9matiques du march\u00e9 de Cahors et du Quercy. Illustr\u00e9s dans un style graphique simple et monochrome, on y retrouve le melon du Quercy, la truffe du P\u00e9rigord, le cab\u00e9cou de Rocamadour, le safran, le verre de Cahors, la noix du P\u00e9rigord, le Malbec, le pastis et le foie [&hellip;]<\/p>\n","protected":false},"featured_media":4039,"comment_status":"open","ping_status":"closed","template":"","meta":{"_acf_changed":false},"product_brand":[],"product_cat":[114,80,70],"product_tag":[],"class_list":{"0":"post-4034","1":"product","2":"type-product","3":"status-publish","4":"has-post-thumbnail","6":"product_cat-cahors","7":"product_cat-le-marche-de-cahors","8":"product_cat-sweats","9":"product_shipping_class-sweats","11":"first","12":"instock","13":"taxable","14":"shipping-taxable","15":"purchasable","16":"product-type-variable"},"acf":[],"_links":{"self":[{"href":"https:\/\/reviens-y.fr\/en\/wp-json\/wp\/v2\/product\/4034","targetHints":{"allow":["GET"]}}],"collection":[{"href":"https:\/\/reviens-y.fr\/en\/wp-json\/wp\/v2\/product"}],"about":[{"href":"https:\/\/reviens-y.fr\/en\/wp-json\/wp\/v2\/types\/product"}],"replies":[{"embeddable":true,"href":"https:\/\/reviens-y.fr\/en\/wp-json\/wp\/v2\/comments?post=4034"}],"wp:featuredmedia":[{"embeddable":true,"href":"https:\/\/reviens-y.fr\/en\/wp-json\/wp\/v2\/media\/4039"}],"wp:attachment":[{"href":"https:\/\/reviens-y.fr\/en\/wp-json\/wp\/v2\/media?parent=4034"}],"wp:term":[{"taxonomy":"product_brand","embeddable":true,"href":"https:\/\/reviens-y.fr\/en\/wp-json\/wp\/v2\/product_brand?post=4034"},{"taxonomy":"product_cat","embeddable":true,"href":"https:\/\/reviens-y.fr\/en\/wp-json\/wp\/v2\/product_cat?post=4034"},{"taxonomy":"product_tag","embeddable":true,"href":"https:\/\/reviens-y.fr\/en\/wp-json\/wp\/v2\/product_tag?post=4034"}],"curies":[{"name":"wp","href":"https:\/\/api.w.org\/{rel}","templated":true}]}}