{"id":4041,"date":"2025-11-04T08:57:09","date_gmt":"2025-11-04T08:57:09","guid":{"rendered":"https:\/\/reviens-y.fr\/produit\/casquette-brodee-le-marche-de-cahors\/"},"modified":"2025-11-24T07:53:08","modified_gmt":"2025-11-24T07:53:08","slug":"casquette-brodee-le-marche-de-cahors","status":"publish","type":"product","link":"https:\/\/reviens-y.fr\/en\/product\/casquette-brodee-le-marche-de-cahors\/","title":{"rendered":"Casquette brod\u00e9e <br> Le march\u00e9 de Cahors"},"content":{"rendered":"<p>Ce visuel met \u00e0 l\u2019honneur les produits embl\u00e9matiques du march\u00e9 de Cahors et du Quercy. Illustr\u00e9s dans un style graphique simple et monochrome, on y retrouve le melon du Quercy, la truffe du P\u00e9rigord, le cab\u00e9cou de Rocamadour, le safran, le verre de Cahors, la noix du P\u00e9rigord, le Malbec, le pastis et le foie gras.<br \/>\nChaque \u00e9l\u00e9ment est repr\u00e9sent\u00e9 avec un trait l\u00e9ger qui \u00e9voque les croquis \u00e0 main lev\u00e9e, donnant au design un aspect artisanal et authentique. Un hommage \u00e0 la gastronomie locale et aux saveurs du Sud-Ouest, entre terroir et convivialit\u00e9.<br \/>\n\u2013<br \/>\nUnisex cap with a curved visor, combining comfort and style for everyday wear. Its unstructured shape and adjustable strap allow for easy fitting, while its twill cotton fabric offers great durability over time.<\/p>\n<p>\u2022 100% chino cotton twill<br \/>\n\u2022 Unstructured, low-profile, flat visor<br \/>\n\u2022 6 embroidered eyelets<br \/>\n\u2022 Couronne de 3 \u215b \u00bb<br \/>\n\u2022 Adjustable strap with antique-style metal buckle<\/p>","protected":false},"excerpt":{"rendered":"<p>Ce visuel met \u00e0 l\u2019honneur les produits embl\u00e9matiques du march\u00e9 de Cahors et du Quercy. Illustr\u00e9s dans un style graphique simple et monochrome, on y retrouve le melon du Quercy, la truffe du P\u00e9rigord, le cab\u00e9cou de Rocamadour, le safran, le verre de Cahors, la noix du P\u00e9rigord, le Malbec, le pastis et le foie [&hellip;]<\/p>\n","protected":false},"featured_media":4042,"comment_status":"open","ping_status":"closed","template":"","meta":{"_acf_changed":false},"product_brand":[],"product_cat":[114,71,80],"product_tag":[],"class_list":{"0":"post-4041","1":"product","2":"type-product","3":"status-publish","4":"has-post-thumbnail","6":"product_cat-cahors","7":"product_cat-casquettes","8":"product_cat-le-marche-de-cahors","9":"product_shipping_class-casquettes","11":"first","12":"instock","13":"taxable","14":"shipping-taxable","15":"purchasable","16":"product-type-simple"},"acf":[],"_links":{"self":[{"href":"https:\/\/reviens-y.fr\/en\/wp-json\/wp\/v2\/product\/4041","targetHints":{"allow":["GET"]}}],"collection":[{"href":"https:\/\/reviens-y.fr\/en\/wp-json\/wp\/v2\/product"}],"about":[{"href":"https:\/\/reviens-y.fr\/en\/wp-json\/wp\/v2\/types\/product"}],"replies":[{"embeddable":true,"href":"https:\/\/reviens-y.fr\/en\/wp-json\/wp\/v2\/comments?post=4041"}],"wp:featuredmedia":[{"embeddable":true,"href":"https:\/\/reviens-y.fr\/en\/wp-json\/wp\/v2\/media\/4042"}],"wp:attachment":[{"href":"https:\/\/reviens-y.fr\/en\/wp-json\/wp\/v2\/media?parent=4041"}],"wp:term":[{"taxonomy":"product_brand","embeddable":true,"href":"https:\/\/reviens-y.fr\/en\/wp-json\/wp\/v2\/product_brand?post=4041"},{"taxonomy":"product_cat","embeddable":true,"href":"https:\/\/reviens-y.fr\/en\/wp-json\/wp\/v2\/product_cat?post=4041"},{"taxonomy":"product_tag","embeddable":true,"href":"https:\/\/reviens-y.fr\/en\/wp-json\/wp\/v2\/product_tag?post=4041"}],"curies":[{"name":"wp","href":"https:\/\/api.w.org\/{rel}","templated":true}]}}