{"id":4045,"date":"2025-11-04T08:58:26","date_gmt":"2025-11-04T08:58:26","guid":{"rendered":"https:\/\/reviens-y.fr\/produit\/tote-bag-coton-bio-le-marche-de-cahors\/"},"modified":"2025-11-21T15:22:07","modified_gmt":"2025-11-21T15:22:07","slug":"tote-bag-coton-bio-le-marche-de-cahors","status":"publish","type":"product","link":"https:\/\/reviens-y.fr\/en\/product\/tote-bag-coton-bio-le-marche-de-cahors\/","title":{"rendered":"Tote Bag coton Bio <br> Le march\u00e9 de Cahors"},"content":{"rendered":"<p>Ce visuel met \u00e0 l\u2019honneur les produits embl\u00e9matiques du march\u00e9 de Cahors et du Quercy. Illustr\u00e9s dans un style graphique simple et monochrome, on y retrouve le melon du Quercy, la truffe du P\u00e9rigord, le cab\u00e9cou de Rocamadour, le safran, le verre de Cahors, la noix du P\u00e9rigord, le Malbec, le pastis et le foie gras.<br \/>\nChaque \u00e9l\u00e9ment est repr\u00e9sent\u00e9 avec un trait l\u00e9ger qui \u00e9voque les croquis \u00e0 main lev\u00e9e, donnant au design un aspect artisanal et authentique. Un hommage \u00e0 la gastronomie locale et aux saveurs du Sud-Ouest, entre terroir et convivialit\u00e9.<br \/>\n\u2013<br \/>\nTote bag en coton biologique robuste et pratique, id\u00e9al pour les courses, les livres ou un usage quotidien. Sa grande capacit\u00e9 et ses anses longues assurent confort et polyvalence, tout en garantissant un impact environnemental r\u00e9duit gr\u00e2ce \u00e0 sa fabrication certifi\u00e9e.<\/p>\n<p>\u2022 100 % coton biologique certifi\u00e9 serg\u00e9 3\/1<br \/>\n\u2022 272 g\/m\u00b2<br \/>\n\u2022 Dimensions : 40,6 \u00d7 35,6 \u00d7 12,7 cm<br \/>\n\u2022 Anses de 2,5 cm de large, longueur 62,2 cm<br \/>\n\u2022 Capacit\u00e9 maximale : 13,6 kg<br \/>\n\u2022 Compartiment principal ouvert<br \/>\n\u2022 Certifi\u00e9 GOTS et OCS pour son contenu en coton bio<br \/>\n\u2022 Certifi\u00e9 OEKO-TEX Standard 100 et approuv\u00e9 vegan par PETA<\/p>","protected":false},"excerpt":{"rendered":"<p>Ce visuel met \u00e0 l\u2019honneur les produits embl\u00e9matiques du march\u00e9 de Cahors et du Quercy. Illustr\u00e9s dans un style graphique simple et monochrome, on y retrouve le melon du Quercy, la truffe du P\u00e9rigord, le cab\u00e9cou de Rocamadour, le safran, le verre de Cahors, la noix du P\u00e9rigord, le Malbec, le pastis et le foie [&hellip;]<\/p>\n","protected":false},"featured_media":4046,"comment_status":"open","ping_status":"closed","template":"","meta":{"_acf_changed":false},"product_brand":[],"product_cat":[114,80,72],"product_tag":[],"class_list":{"0":"post-4045","1":"product","2":"type-product","3":"status-publish","4":"has-post-thumbnail","6":"product_cat-cahors","7":"product_cat-le-marche-de-cahors","8":"product_cat-tote-bags","9":"product_shipping_class-tote-bags","11":"first","12":"instock","13":"taxable","14":"shipping-taxable","15":"purchasable","16":"product-type-simple"},"acf":[],"_links":{"self":[{"href":"https:\/\/reviens-y.fr\/en\/wp-json\/wp\/v2\/product\/4045","targetHints":{"allow":["GET"]}}],"collection":[{"href":"https:\/\/reviens-y.fr\/en\/wp-json\/wp\/v2\/product"}],"about":[{"href":"https:\/\/reviens-y.fr\/en\/wp-json\/wp\/v2\/types\/product"}],"replies":[{"embeddable":true,"href":"https:\/\/reviens-y.fr\/en\/wp-json\/wp\/v2\/comments?post=4045"}],"wp:featuredmedia":[{"embeddable":true,"href":"https:\/\/reviens-y.fr\/en\/wp-json\/wp\/v2\/media\/4046"}],"wp:attachment":[{"href":"https:\/\/reviens-y.fr\/en\/wp-json\/wp\/v2\/media?parent=4045"}],"wp:term":[{"taxonomy":"product_brand","embeddable":true,"href":"https:\/\/reviens-y.fr\/en\/wp-json\/wp\/v2\/product_brand?post=4045"},{"taxonomy":"product_cat","embeddable":true,"href":"https:\/\/reviens-y.fr\/en\/wp-json\/wp\/v2\/product_cat?post=4045"},{"taxonomy":"product_tag","embeddable":true,"href":"https:\/\/reviens-y.fr\/en\/wp-json\/wp\/v2\/product_tag?post=4045"}],"curies":[{"name":"wp","href":"https:\/\/api.w.org\/{rel}","templated":true}]}}