{"id":4053,"date":"2025-11-04T09:09:49","date_gmt":"2025-11-04T09:09:49","guid":{"rendered":"https:\/\/reviens-y.fr\/produit\/affiche-le-marche-de-cahors\/"},"modified":"2025-11-22T11:35:08","modified_gmt":"2025-11-22T11:35:08","slug":"affiche-le-marche-de-cahors","status":"publish","type":"product","link":"https:\/\/reviens-y.fr\/en\/product\/affiche-le-marche-de-cahors\/","title":{"rendered":"Affiche <br> Le march\u00e9 de Cahors"},"content":{"rendered":"<p>Ce visuel met \u00e0 l\u2019honneur les produits embl\u00e9matiques du march\u00e9 de Cahors et du Quercy. Illustr\u00e9s dans un style graphique simple et monochrome, on y retrouve le melon du Quercy, la truffe du P\u00e9rigord, le cab\u00e9cou de Rocamadour, le safran, le verre de Cahors, la noix du P\u00e9rigord, le Malbec, le pastis et le foie gras.<br \/>\nChaque \u00e9l\u00e9ment est repr\u00e9sent\u00e9 avec un trait l\u00e9ger qui \u00e9voque les croquis \u00e0 main lev\u00e9e, donnant au design un aspect artisanal et authentique. Un hommage \u00e0 la gastronomie locale et aux saveurs du Sud-Ouest, entre terroir et convivialit\u00e9.<br \/>\n\u2013<br \/>\nApportez une touche unique \u00e0 votre int\u00e9rieur avec cette affiche imprim\u00e9e en jet d\u2019encre multicolore \u00e0 base d\u2019eau, offrant un rendu pr\u00e9cis, des couleurs profondes et une finition mate \u00e9l\u00e9gante. Chaque affiche est r\u00e9alis\u00e9e sur un papier de qualit\u00e9 sup\u00e9rieure, con\u00e7u pour r\u00e9sister au temps et conserver toute sa luminosit\u00e9.<br \/>\nDisponible en deux formats : 30\u00d740 cm et 50\u00d770 cm ; elle s\u2019int\u00e8gre facilement dans tout type d\u2019espace, du bureau au salon, en passant par la chambre.<\/p>\n<p>\u2013 Technique d\u2019impression : jet d\u2019encre multicolore \u00e0 base d\u2019eau<br \/>\n\u2013 Finition : mate (absorbant la lumi\u00e8re, sans reflet)<br \/>\n\u2013 Type de papier : Couch\u00e9 premium<br \/>\n\u2013 \u00c9paisseur : 0,145 mm<br \/>\n\u2013 Grammage : 170 g\/m\u00b2<br \/>\n\u2013 Opacit\u00e9 : 97,5 %<br \/>\n\u2013 Luminosit\u00e9 ISO : 38 %<br \/>\n\u2013 Origine du papier : Japon<br \/>\n\u2013 Formats disponibles :<br \/>\n\u2022 30 \u00d7 40 cm<br \/>\n\u2022 50 \u00d7 70 cm<\/p>","protected":false},"excerpt":{"rendered":"<p>Ce visuel met \u00e0 l\u2019honneur les produits embl\u00e9matiques du march\u00e9 de Cahors et du Quercy. Illustr\u00e9s dans un style graphique simple et monochrome, on y retrouve le melon du Quercy, la truffe du P\u00e9rigord, le cab\u00e9cou de Rocamadour, le safran, le verre de Cahors, la noix du P\u00e9rigord, le Malbec, le pastis et le foie [&hellip;]<\/p>\n","protected":false},"featured_media":4056,"comment_status":"open","ping_status":"closed","template":"","meta":{"_acf_changed":false},"product_brand":[],"product_cat":[94,114,80],"product_tag":[],"class_list":{"0":"post-4053","1":"product","2":"type-product","3":"status-publish","4":"has-post-thumbnail","6":"product_cat-affiches","7":"product_cat-cahors","8":"product_cat-le-marche-de-cahors","9":"product_shipping_class-affiches","11":"first","12":"instock","13":"taxable","14":"shipping-taxable","15":"purchasable","16":"product-type-variable"},"acf":[],"_links":{"self":[{"href":"https:\/\/reviens-y.fr\/en\/wp-json\/wp\/v2\/product\/4053","targetHints":{"allow":["GET"]}}],"collection":[{"href":"https:\/\/reviens-y.fr\/en\/wp-json\/wp\/v2\/product"}],"about":[{"href":"https:\/\/reviens-y.fr\/en\/wp-json\/wp\/v2\/types\/product"}],"replies":[{"embeddable":true,"href":"https:\/\/reviens-y.fr\/en\/wp-json\/wp\/v2\/comments?post=4053"}],"wp:featuredmedia":[{"embeddable":true,"href":"https:\/\/reviens-y.fr\/en\/wp-json\/wp\/v2\/media\/4056"}],"wp:attachment":[{"href":"https:\/\/reviens-y.fr\/en\/wp-json\/wp\/v2\/media?parent=4053"}],"wp:term":[{"taxonomy":"product_brand","embeddable":true,"href":"https:\/\/reviens-y.fr\/en\/wp-json\/wp\/v2\/product_brand?post=4053"},{"taxonomy":"product_cat","embeddable":true,"href":"https:\/\/reviens-y.fr\/en\/wp-json\/wp\/v2\/product_cat?post=4053"},{"taxonomy":"product_tag","embeddable":true,"href":"https:\/\/reviens-y.fr\/en\/wp-json\/wp\/v2\/product_tag?post=4053"}],"curies":[{"name":"wp","href":"https:\/\/api.w.org\/{rel}","templated":true}]}}