{"id":4113,"date":"2025-11-04T09:35:23","date_gmt":"2025-11-04T09:35:23","guid":{"rendered":"https:\/\/reviens-y.fr\/produit\/casquette-brodee-les-jardins-secrets\/"},"modified":"2025-11-22T11:32:03","modified_gmt":"2025-11-22T11:32:03","slug":"casquette-brodee-les-jardins-secrets","status":"publish","type":"product","link":"https:\/\/reviens-y.fr\/en\/product\/casquette-brodee-les-jardins-secrets\/","title":{"rendered":"Casquette brod\u00e9e <br> Les Jardins Secrets"},"content":{"rendered":"<p>Ce visuel color\u00e9 rend hommage aux Jardins Secrets de Cahors, un parcours cr\u00e9\u00e9 en 2002 qui regroupe plus de vingt jardins th\u00e9matiques au c\u0153ur du centre historique. Signal\u00e9s par des feuilles d\u2019acanthe dans les rues, ils invitent \u00e0 une promenade m\u00ealant patrimoine m\u00e9di\u00e9val et botanique.<br \/>\nOn y d\u00e9couvre, entre autres, le Jardin d\u2019Ivresse d\u00e9di\u00e9 \u00e0 la vigne et au Malbec, le Jardin Biblique avec ses plantes cit\u00e9es dans la Bible, ou le Jardin Mauresque et ses patios parfum\u00e9s. Un design qui refl\u00e8te l\u2019esprit v\u00e9g\u00e9tal et patrimonial de Cahors.<br \/>\n\u2013<br \/>\nUnisex cap with a curved visor, combining comfort and style for everyday wear. Its unstructured shape and adjustable strap allow for easy fitting, while its twill cotton fabric offers great durability over time.<\/p>\n<p>\u2022 100% chino cotton twill<br \/>\n\u2022 Unstructured, low-profile, flat visor<br \/>\n\u2022 6 embroidered eyelets<br \/>\n\u2022 Couronne de 3 \u215b \u00bb<br \/>\n\u2022 Adjustable strap with antique-style metal buckle<\/p>","protected":false},"excerpt":{"rendered":"<p>Ce visuel color\u00e9 rend hommage aux Jardins Secrets de Cahors, un parcours cr\u00e9\u00e9 en 2002 qui regroupe plus de vingt jardins th\u00e9matiques au c\u0153ur du centre historique. Signal\u00e9s par des feuilles d\u2019acanthe dans les rues, ils invitent \u00e0 une promenade m\u00ealant patrimoine m\u00e9di\u00e9val et botanique. On y d\u00e9couvre, entre autres, le Jardin d\u2019Ivresse d\u00e9di\u00e9 \u00e0 [&hellip;]<\/p>\n","protected":false},"featured_media":4117,"comment_status":"open","ping_status":"closed","template":"","meta":{"_acf_changed":false},"product_brand":[],"product_cat":[114,71,81],"product_tag":[],"class_list":{"0":"post-4113","1":"product","2":"type-product","3":"status-publish","4":"has-post-thumbnail","6":"product_cat-cahors","7":"product_cat-casquettes","8":"product_cat-les-jardins-secrets","9":"product_shipping_class-casquettes","11":"first","12":"instock","13":"taxable","14":"shipping-taxable","15":"purchasable","16":"product-type-variable"},"acf":[],"_links":{"self":[{"href":"https:\/\/reviens-y.fr\/en\/wp-json\/wp\/v2\/product\/4113","targetHints":{"allow":["GET"]}}],"collection":[{"href":"https:\/\/reviens-y.fr\/en\/wp-json\/wp\/v2\/product"}],"about":[{"href":"https:\/\/reviens-y.fr\/en\/wp-json\/wp\/v2\/types\/product"}],"replies":[{"embeddable":true,"href":"https:\/\/reviens-y.fr\/en\/wp-json\/wp\/v2\/comments?post=4113"}],"wp:featuredmedia":[{"embeddable":true,"href":"https:\/\/reviens-y.fr\/en\/wp-json\/wp\/v2\/media\/4117"}],"wp:attachment":[{"href":"https:\/\/reviens-y.fr\/en\/wp-json\/wp\/v2\/media?parent=4113"}],"wp:term":[{"taxonomy":"product_brand","embeddable":true,"href":"https:\/\/reviens-y.fr\/en\/wp-json\/wp\/v2\/product_brand?post=4113"},{"taxonomy":"product_cat","embeddable":true,"href":"https:\/\/reviens-y.fr\/en\/wp-json\/wp\/v2\/product_cat?post=4113"},{"taxonomy":"product_tag","embeddable":true,"href":"https:\/\/reviens-y.fr\/en\/wp-json\/wp\/v2\/product_tag?post=4113"}],"curies":[{"name":"wp","href":"https:\/\/api.w.org\/{rel}","templated":true}]}}