{"id":4124,"date":"2025-11-04T09:37:03","date_gmt":"2025-11-04T09:37:03","guid":{"rendered":"https:\/\/reviens-y.fr\/produit\/tote-bag-coton-bio-les-jardins-secrets\/"},"modified":"2025-11-22T11:31:38","modified_gmt":"2025-11-22T11:31:38","slug":"tote-bag-coton-bio-les-jardins-secrets","status":"publish","type":"product","link":"https:\/\/reviens-y.fr\/en\/product\/tote-bag-coton-bio-les-jardins-secrets\/","title":{"rendered":"Tote Bag coton Bio <br> Les Jardins Secrets"},"content":{"rendered":"<p>Ce visuel color\u00e9 rend hommage aux Jardins Secrets de Cahors, un parcours cr\u00e9\u00e9 en 2002 qui regroupe plus de vingt jardins th\u00e9matiques au c\u0153ur du centre historique. Signal\u00e9s par des feuilles d\u2019acanthe dans les rues, ils invitent \u00e0 une promenade m\u00ealant patrimoine m\u00e9di\u00e9val et botanique.<br \/>\nOn y d\u00e9couvre, entre autres, le Jardin d\u2019Ivresse d\u00e9di\u00e9 \u00e0 la vigne et au Malbec, le Jardin Biblique avec ses plantes cit\u00e9es dans la Bible, ou le Jardin Mauresque et ses patios parfum\u00e9s. Un design qui refl\u00e8te l\u2019esprit v\u00e9g\u00e9tal et patrimonial de Cahors.<br \/>\n\u2013<br \/>\nTote bag en coton biologique robuste et pratique, id\u00e9al pour les courses, les livres ou un usage quotidien. Sa grande capacit\u00e9 et ses anses longues assurent confort et polyvalence, tout en garantissant un impact environnemental r\u00e9duit gr\u00e2ce \u00e0 sa fabrication certifi\u00e9e.<\/p>\n<p>\u2022 100 % coton biologique certifi\u00e9 serg\u00e9 3\/1<br \/>\n\u2022 272 g\/m\u00b2<br \/>\n\u2022 Dimensions : 40,6 \u00d7 35,6 \u00d7 12,7 cm<br \/>\n\u2022 Anses de 2,5 cm de large, longueur 62,2 cm<br \/>\n\u2022 Capacit\u00e9 maximale : 13,6 kg<br \/>\n\u2022 Compartiment principal ouvert<br \/>\n\u2022 Certifi\u00e9 GOTS et OCS pour son contenu en coton bio<br \/>\n\u2022 Certifi\u00e9 OEKO-TEX Standard 100 et approuv\u00e9 vegan par PETA<\/p>","protected":false},"excerpt":{"rendered":"<p>Ce visuel color\u00e9 rend hommage aux Jardins Secrets de Cahors, un parcours cr\u00e9\u00e9 en 2002 qui regroupe plus de vingt jardins th\u00e9matiques au c\u0153ur du centre historique. Signal\u00e9s par des feuilles d\u2019acanthe dans les rues, ils invitent \u00e0 une promenade m\u00ealant patrimoine m\u00e9di\u00e9val et botanique. On y d\u00e9couvre, entre autres, le Jardin d\u2019Ivresse d\u00e9di\u00e9 \u00e0 [&hellip;]<\/p>\n","protected":false},"featured_media":4127,"comment_status":"open","ping_status":"closed","template":"","meta":{"_acf_changed":false},"product_brand":[],"product_cat":[114,81,72],"product_tag":[],"class_list":{"0":"post-4124","1":"product","2":"type-product","3":"status-publish","4":"has-post-thumbnail","6":"product_cat-cahors","7":"product_cat-les-jardins-secrets","8":"product_cat-tote-bags","9":"product_shipping_class-tote-bags","11":"first","12":"instock","13":"taxable","14":"shipping-taxable","15":"purchasable","16":"product-type-variable"},"acf":[],"_links":{"self":[{"href":"https:\/\/reviens-y.fr\/en\/wp-json\/wp\/v2\/product\/4124","targetHints":{"allow":["GET"]}}],"collection":[{"href":"https:\/\/reviens-y.fr\/en\/wp-json\/wp\/v2\/product"}],"about":[{"href":"https:\/\/reviens-y.fr\/en\/wp-json\/wp\/v2\/types\/product"}],"replies":[{"embeddable":true,"href":"https:\/\/reviens-y.fr\/en\/wp-json\/wp\/v2\/comments?post=4124"}],"wp:featuredmedia":[{"embeddable":true,"href":"https:\/\/reviens-y.fr\/en\/wp-json\/wp\/v2\/media\/4127"}],"wp:attachment":[{"href":"https:\/\/reviens-y.fr\/en\/wp-json\/wp\/v2\/media?parent=4124"}],"wp:term":[{"taxonomy":"product_brand","embeddable":true,"href":"https:\/\/reviens-y.fr\/en\/wp-json\/wp\/v2\/product_brand?post=4124"},{"taxonomy":"product_cat","embeddable":true,"href":"https:\/\/reviens-y.fr\/en\/wp-json\/wp\/v2\/product_cat?post=4124"},{"taxonomy":"product_tag","embeddable":true,"href":"https:\/\/reviens-y.fr\/en\/wp-json\/wp\/v2\/product_tag?post=4124"}],"curies":[{"name":"wp","href":"https:\/\/api.w.org\/{rel}","templated":true}]}}