{"id":4132,"date":"2025-11-04T09:39:18","date_gmt":"2025-11-04T09:39:18","guid":{"rendered":"https:\/\/reviens-y.fr\/produit\/mug-blanc-brillant-les-jardins-secrets\/"},"modified":"2025-11-21T15:19:28","modified_gmt":"2025-11-21T15:19:28","slug":"mug-blanc-brillant-les-jardins-secrets","status":"publish","type":"product","link":"https:\/\/reviens-y.fr\/en\/product\/mug-blanc-brillant-les-jardins-secrets\/","title":{"rendered":"Glossy white mug <br> Les Jardins Secrets"},"content":{"rendered":"<p>Ce visuel color\u00e9 rend hommage aux Jardins Secrets de Cahors, un parcours cr\u00e9\u00e9 en 2002 qui regroupe plus de vingt jardins th\u00e9matiques au c\u0153ur du centre historique. Signal\u00e9s par des feuilles d\u2019acanthe dans les rues, ils invitent \u00e0 une promenade m\u00ealant patrimoine m\u00e9di\u00e9val et botanique.<br \/>\nOn y d\u00e9couvre, entre autres, le Jardin d\u2019Ivresse d\u00e9di\u00e9 \u00e0 la vigne et au Malbec, le Jardin Biblique avec ses plantes cit\u00e9es dans la Bible, ou le Jardin Mauresque et ses patios parfum\u00e9s. Un design qui refl\u00e8te l\u2019esprit v\u00e9g\u00e9tal et patrimonial de Cahors.<br \/>\n\u2013<br \/>\nMug en c\u00e9ramique, pratique et r\u00e9sistant, id\u00e9al pour savourer vos boissons chaudes au quotidien. Sa finition blanche brillante met en valeur les visuels imprim\u00e9s, qui conservent leur \u00e9clat m\u00eame apr\u00e8s plusieurs passages au lave-vaisselle ou au micro-ondes.<\/p>\n<p>\u2022 C\u00e9ramique sans BPA et sans plomb<br \/>\n\u2022 Passe au lave-vaisselle et au micro-ondes<br \/>\n\u2022 Finition blanche brillante<br \/>\n\u2022 Taille 11 oz : 9,6 cm de hauteur \u00d7 8,2 cm de diam\u00e8tre<br \/>\n\u2022 L\u00e9g\u00e8res variations de taille possibles (+\/- 2 mm)<\/p>","protected":false},"excerpt":{"rendered":"<p>Ce visuel color\u00e9 rend hommage aux Jardins Secrets de Cahors, un parcours cr\u00e9\u00e9 en 2002 qui regroupe plus de vingt jardins th\u00e9matiques au c\u0153ur du centre historique. Signal\u00e9s par des feuilles d\u2019acanthe dans les rues, ils invitent \u00e0 une promenade m\u00ealant patrimoine m\u00e9di\u00e9val et botanique. On y d\u00e9couvre, entre autres, le Jardin d\u2019Ivresse d\u00e9di\u00e9 \u00e0 [&hellip;]<\/p>\n","protected":false},"featured_media":4133,"comment_status":"open","ping_status":"closed","template":"","meta":{"_acf_changed":false},"product_brand":[],"product_cat":[114,81,73],"product_tag":[],"class_list":{"0":"post-4132","1":"product","2":"type-product","3":"status-publish","4":"has-post-thumbnail","6":"product_cat-cahors","7":"product_cat-les-jardins-secrets","8":"product_cat-mugs","9":"product_shipping_class-mugs","11":"first","12":"instock","13":"taxable","14":"shipping-taxable","15":"purchasable","16":"product-type-simple"},"acf":[],"_links":{"self":[{"href":"https:\/\/reviens-y.fr\/en\/wp-json\/wp\/v2\/product\/4132","targetHints":{"allow":["GET"]}}],"collection":[{"href":"https:\/\/reviens-y.fr\/en\/wp-json\/wp\/v2\/product"}],"about":[{"href":"https:\/\/reviens-y.fr\/en\/wp-json\/wp\/v2\/types\/product"}],"replies":[{"embeddable":true,"href":"https:\/\/reviens-y.fr\/en\/wp-json\/wp\/v2\/comments?post=4132"}],"wp:featuredmedia":[{"embeddable":true,"href":"https:\/\/reviens-y.fr\/en\/wp-json\/wp\/v2\/media\/4133"}],"wp:attachment":[{"href":"https:\/\/reviens-y.fr\/en\/wp-json\/wp\/v2\/media?parent=4132"}],"wp:term":[{"taxonomy":"product_brand","embeddable":true,"href":"https:\/\/reviens-y.fr\/en\/wp-json\/wp\/v2\/product_brand?post=4132"},{"taxonomy":"product_cat","embeddable":true,"href":"https:\/\/reviens-y.fr\/en\/wp-json\/wp\/v2\/product_cat?post=4132"},{"taxonomy":"product_tag","embeddable":true,"href":"https:\/\/reviens-y.fr\/en\/wp-json\/wp\/v2\/product_tag?post=4132"}],"curies":[{"name":"wp","href":"https:\/\/api.w.org\/{rel}","templated":true}]}}