{"id":4136,"date":"2025-11-04T09:41:42","date_gmt":"2025-11-04T09:41:42","guid":{"rendered":"https:\/\/reviens-y.fr\/produit\/affiche-les-jardins-secrets\/"},"modified":"2025-11-22T11:31:16","modified_gmt":"2025-11-22T11:31:16","slug":"affiche-les-jardins-secrets","status":"publish","type":"product","link":"https:\/\/reviens-y.fr\/en\/product\/affiche-les-jardins-secrets\/","title":{"rendered":"Affiche <br> Les Jardins Secrets"},"content":{"rendered":"<p>Ce visuel color\u00e9 rend hommage aux Jardins Secrets de Cahors, un parcours cr\u00e9\u00e9 en 2002 qui regroupe plus de vingt jardins th\u00e9matiques au c\u0153ur du centre historique. Signal\u00e9s par des feuilles d\u2019acanthe dans les rues, ils invitent \u00e0 une promenade m\u00ealant patrimoine m\u00e9di\u00e9val et botanique.<br \/>\nOn y d\u00e9couvre, entre autres, le Jardin d\u2019Ivresse d\u00e9di\u00e9 \u00e0 la vigne et au Malbec, le Jardin Biblique avec ses plantes cit\u00e9es dans la Bible, ou le Jardin Mauresque et ses patios parfum\u00e9s. Un design qui refl\u00e8te l\u2019esprit v\u00e9g\u00e9tal et patrimonial de Cahors.<br \/>\n\u2013<br \/>\nApportez une touche unique \u00e0 votre int\u00e9rieur avec cette affiche imprim\u00e9e en jet d\u2019encre multicolore \u00e0 base d\u2019eau, offrant un rendu pr\u00e9cis, des couleurs profondes et une finition mate \u00e9l\u00e9gante. Chaque affiche est r\u00e9alis\u00e9e sur un papier de qualit\u00e9 sup\u00e9rieure, con\u00e7u pour r\u00e9sister au temps et conserver toute sa luminosit\u00e9.<br \/>\nDisponible en deux formats : 30\u00d740 cm et 50\u00d770 cm ; elle s\u2019int\u00e8gre facilement dans tout type d\u2019espace, du bureau au salon, en passant par la chambre.<\/p>\n<p>\u2013 Technique d\u2019impression : jet d\u2019encre multicolore \u00e0 base d\u2019eau<br \/>\n\u2013 Finition : mate (absorbant la lumi\u00e8re, sans reflet)<br \/>\n\u2013 Type de papier : Couch\u00e9 premium<br \/>\n\u2013 \u00c9paisseur : 0,145 mm<br \/>\n\u2013 Grammage : 170 g\/m\u00b2<br \/>\n\u2013 Opacit\u00e9 : 97,5 %<br \/>\n\u2013 Luminosit\u00e9 ISO : 38 %<br \/>\n\u2013 Origine du papier : Japon<br \/>\n\u2013 Formats disponibles :<br \/>\n\u2022 30 \u00d7 40 cm<br \/>\n\u2022 50 \u00d7 70 cm<\/p>","protected":false},"excerpt":{"rendered":"<p>Ce visuel color\u00e9 rend hommage aux Jardins Secrets de Cahors, un parcours cr\u00e9\u00e9 en 2002 qui regroupe plus de vingt jardins th\u00e9matiques au c\u0153ur du centre historique. Signal\u00e9s par des feuilles d\u2019acanthe dans les rues, ils invitent \u00e0 une promenade m\u00ealant patrimoine m\u00e9di\u00e9val et botanique. On y d\u00e9couvre, entre autres, le Jardin d\u2019Ivresse d\u00e9di\u00e9 \u00e0 [&hellip;]<\/p>\n","protected":false},"featured_media":4139,"comment_status":"open","ping_status":"closed","template":"","meta":{"_acf_changed":false},"product_brand":[],"product_cat":[94,114,81],"product_tag":[],"class_list":{"0":"post-4136","1":"product","2":"type-product","3":"status-publish","4":"has-post-thumbnail","6":"product_cat-affiches","7":"product_cat-cahors","8":"product_cat-les-jardins-secrets","9":"product_shipping_class-affiches","11":"first","12":"instock","13":"taxable","14":"shipping-taxable","15":"purchasable","16":"product-type-variable"},"acf":[],"_links":{"self":[{"href":"https:\/\/reviens-y.fr\/en\/wp-json\/wp\/v2\/product\/4136","targetHints":{"allow":["GET"]}}],"collection":[{"href":"https:\/\/reviens-y.fr\/en\/wp-json\/wp\/v2\/product"}],"about":[{"href":"https:\/\/reviens-y.fr\/en\/wp-json\/wp\/v2\/types\/product"}],"replies":[{"embeddable":true,"href":"https:\/\/reviens-y.fr\/en\/wp-json\/wp\/v2\/comments?post=4136"}],"wp:featuredmedia":[{"embeddable":true,"href":"https:\/\/reviens-y.fr\/en\/wp-json\/wp\/v2\/media\/4139"}],"wp:attachment":[{"href":"https:\/\/reviens-y.fr\/en\/wp-json\/wp\/v2\/media?parent=4136"}],"wp:term":[{"taxonomy":"product_brand","embeddable":true,"href":"https:\/\/reviens-y.fr\/en\/wp-json\/wp\/v2\/product_brand?post=4136"},{"taxonomy":"product_cat","embeddable":true,"href":"https:\/\/reviens-y.fr\/en\/wp-json\/wp\/v2\/product_cat?post=4136"},{"taxonomy":"product_tag","embeddable":true,"href":"https:\/\/reviens-y.fr\/en\/wp-json\/wp\/v2\/product_tag?post=4136"}],"curies":[{"name":"wp","href":"https:\/\/api.w.org\/{rel}","templated":true}]}}