{"id":4143,"date":"2025-11-04T09:44:03","date_gmt":"2025-11-04T09:44:03","guid":{"rendered":"https:\/\/reviens-y.fr\/produit\/carte-postale-les-jardins-secrets\/"},"modified":"2025-11-21T15:20:44","modified_gmt":"2025-11-21T15:20:44","slug":"carte-postale-les-jardins-secrets","status":"publish","type":"product","link":"https:\/\/reviens-y.fr\/en\/product\/carte-postale-les-jardins-secrets\/","title":{"rendered":"Carte postale <br> Les Jardins Secrets"},"content":{"rendered":"<p>Ce visuel color\u00e9 rend hommage aux Jardins Secrets de Cahors, un parcours cr\u00e9\u00e9 en 2002 qui regroupe plus de vingt jardins th\u00e9matiques au c\u0153ur du centre historique. Signal\u00e9s par des feuilles d\u2019acanthe dans les rues, ils invitent \u00e0 une promenade m\u00ealant patrimoine m\u00e9di\u00e9val et botanique.<br \/>\nOn y d\u00e9couvre, entre autres, le Jardin d\u2019Ivresse d\u00e9di\u00e9 \u00e0 la vigne et au Malbec, le Jardin Biblique avec ses plantes cit\u00e9es dans la Bible, ou le Jardin Mauresque et ses patios parfum\u00e9s. Un design qui refl\u00e8te l\u2019esprit v\u00e9g\u00e9tal et patrimonial de Cahors.<br \/>\n\u2013<br \/>\nUne carte postale con\u00e7ue pour durer, avec une impression nette et des couleurs fid\u00e8les. Fabriqu\u00e9e sur un papier cartonn\u00e9 \u00e9pais de qualit\u00e9 professionnelle (260 \u00e0 350 g\/m\u00b2), elle offre une surface ext\u00e9rieure l\u00e9g\u00e8rement satin\u00e9e, id\u00e9ale pour les visuels d\u00e9taill\u00e9s, et un verso pens\u00e9 pour l\u2019\u00e9criture.<br \/>\nAvec son format standard 10 \u00d7 15 cm, elle s\u2019adapte \u00e0 tous les usages : envoi postal, carte souvenir, communication visuelle ou \u00e9l\u00e9ment d\u00e9coratif.<\/p>\n<p>\u2013 Technique d\u2019impression : impression laser num\u00e9rique \u00e0 base de toner<br \/>\n\u2013 Finition : mate, avec surface ext\u00e9rieure l\u00e9g\u00e8rement brillante<br \/>\n\u2013 Type de papier : carton rigide premium<br \/>\n\u2013 Poids du papier : 260 \u2013 350 g\/m\u00b2<br \/>\n\u2013 \u00c9paisseur : 0,34 mm<br \/>\n\u2013 Format : 10 \u00d7 15 cm (4 \u00d7 6\u201d)<br \/>\n\u2013 Surface ext\u00e9rieure : lamin\u00e9e, excellente pour l\u2019impression d\u2019images<br \/>\n\u2013 Surface int\u00e9rieure : l\u00e9g\u00e8rement enduite, parfaite pour l\u2019\u00e9criture au stylo-bille<\/p>","protected":false},"excerpt":{"rendered":"<p>Ce visuel color\u00e9 rend hommage aux Jardins Secrets de Cahors, un parcours cr\u00e9\u00e9 en 2002 qui regroupe plus de vingt jardins th\u00e9matiques au c\u0153ur du centre historique. Signal\u00e9s par des feuilles d\u2019acanthe dans les rues, ils invitent \u00e0 une promenade m\u00ealant patrimoine m\u00e9di\u00e9val et botanique. On y d\u00e9couvre, entre autres, le Jardin d\u2019Ivresse d\u00e9di\u00e9 \u00e0 [&hellip;]<\/p>\n","protected":false},"featured_media":4144,"comment_status":"open","ping_status":"closed","template":"","meta":{"_acf_changed":false},"product_brand":[],"product_cat":[114,95,81],"product_tag":[],"class_list":{"0":"post-4143","1":"product","2":"type-product","3":"status-publish","4":"has-post-thumbnail","6":"product_cat-cahors","7":"product_cat-cartes-postales","8":"product_cat-les-jardins-secrets","9":"product_shipping_class-cartes-postales","11":"first","12":"instock","13":"taxable","14":"shipping-taxable","15":"purchasable","16":"product-type-simple"},"acf":[],"_links":{"self":[{"href":"https:\/\/reviens-y.fr\/en\/wp-json\/wp\/v2\/product\/4143","targetHints":{"allow":["GET"]}}],"collection":[{"href":"https:\/\/reviens-y.fr\/en\/wp-json\/wp\/v2\/product"}],"about":[{"href":"https:\/\/reviens-y.fr\/en\/wp-json\/wp\/v2\/types\/product"}],"replies":[{"embeddable":true,"href":"https:\/\/reviens-y.fr\/en\/wp-json\/wp\/v2\/comments?post=4143"}],"wp:featuredmedia":[{"embeddable":true,"href":"https:\/\/reviens-y.fr\/en\/wp-json\/wp\/v2\/media\/4144"}],"wp:attachment":[{"href":"https:\/\/reviens-y.fr\/en\/wp-json\/wp\/v2\/media?parent=4143"}],"wp:term":[{"taxonomy":"product_brand","embeddable":true,"href":"https:\/\/reviens-y.fr\/en\/wp-json\/wp\/v2\/product_brand?post=4143"},{"taxonomy":"product_cat","embeddable":true,"href":"https:\/\/reviens-y.fr\/en\/wp-json\/wp\/v2\/product_cat?post=4143"},{"taxonomy":"product_tag","embeddable":true,"href":"https:\/\/reviens-y.fr\/en\/wp-json\/wp\/v2\/product_tag?post=4143"}],"curies":[{"name":"wp","href":"https:\/\/api.w.org\/{rel}","templated":true}]}}