{"id":4238,"date":"2025-11-04T13:21:22","date_gmt":"2025-11-04T13:21:22","guid":{"rendered":"https:\/\/reviens-y.fr\/produit\/casquette-brodee-le-rocamadour\/"},"modified":"2025-11-22T11:29:28","modified_gmt":"2025-11-22T11:29:28","slug":"casquette-brodee-le-rocamadour","status":"publish","type":"product","link":"https:\/\/reviens-y.fr\/en\/product\/casquette-brodee-le-rocamadour\/","title":{"rendered":"Casquette brod\u00e9e <br> Le Rocamadour"},"content":{"rendered":"<p>Symbole gourmand du Lot, ce visuel met \u00e0 l\u2019honneur le c\u00e9l\u00e8bre fromage de ch\u00e8vre Rocamadour AOP. Repr\u00e9sent\u00e9 sous les traits d\u2019un personnage joyeux, il incarne la convivialit\u00e9 et l\u2019authenticit\u00e9 du Quercy. Un clin d\u2019\u0153il graphique plein de bonne humeur, \u00e0 l\u2019image du terroir occitan.<br \/>\nId\u00e9al pour un t-shirt, un tote bag ou une affiche souvenir, ce design r\u00e9tro \u00e9voque le charme du Sud-Ouest et la fiert\u00e9 locale. Une cr\u00e9ation qui sent bon la campagne et les march\u00e9s de Rocamadour.<br \/>\n\u2013<br \/>\nUnisex cap with a curved visor, combining comfort and style for everyday wear. Its unstructured shape and adjustable strap allow for easy fitting, while its twill cotton fabric offers great durability over time.<\/p>\n<p>\u2022 100% chino cotton twill<br \/>\n\u2022 Unstructured, low-profile, flat visor<br \/>\n\u2022 6 embroidered eyelets<br \/>\n\u2022 Couronne de 3 \u215b \u00bb<br \/>\n\u2022 Adjustable strap with antique-style metal buckle<\/p>","protected":false},"excerpt":{"rendered":"<p>Symbole gourmand du Lot, ce visuel met \u00e0 l\u2019honneur le c\u00e9l\u00e8bre fromage de ch\u00e8vre Rocamadour AOP. Repr\u00e9sent\u00e9 sous les traits d\u2019un personnage joyeux, il incarne la convivialit\u00e9 et l\u2019authenticit\u00e9 du Quercy. Un clin d\u2019\u0153il graphique plein de bonne humeur, \u00e0 l\u2019image du terroir occitan. Id\u00e9al pour un t-shirt, un tote bag ou une affiche souvenir, [&hellip;]<\/p>\n","protected":false},"featured_media":4241,"comment_status":"open","ping_status":"closed","template":"","meta":{"_acf_changed":false},"product_brand":[],"product_cat":[71,98,115],"product_tag":[],"class_list":{"0":"post-4238","1":"product","2":"type-product","3":"status-publish","4":"has-post-thumbnail","6":"product_cat-casquettes","7":"product_cat-le-rocamadour","8":"product_cat-rocamadour","9":"product_shipping_class-casquettes","11":"first","12":"instock","13":"taxable","14":"shipping-taxable","15":"purchasable","16":"product-type-variable"},"acf":[],"_links":{"self":[{"href":"https:\/\/reviens-y.fr\/en\/wp-json\/wp\/v2\/product\/4238","targetHints":{"allow":["GET"]}}],"collection":[{"href":"https:\/\/reviens-y.fr\/en\/wp-json\/wp\/v2\/product"}],"about":[{"href":"https:\/\/reviens-y.fr\/en\/wp-json\/wp\/v2\/types\/product"}],"replies":[{"embeddable":true,"href":"https:\/\/reviens-y.fr\/en\/wp-json\/wp\/v2\/comments?post=4238"}],"wp:featuredmedia":[{"embeddable":true,"href":"https:\/\/reviens-y.fr\/en\/wp-json\/wp\/v2\/media\/4241"}],"wp:attachment":[{"href":"https:\/\/reviens-y.fr\/en\/wp-json\/wp\/v2\/media?parent=4238"}],"wp:term":[{"taxonomy":"product_brand","embeddable":true,"href":"https:\/\/reviens-y.fr\/en\/wp-json\/wp\/v2\/product_brand?post=4238"},{"taxonomy":"product_cat","embeddable":true,"href":"https:\/\/reviens-y.fr\/en\/wp-json\/wp\/v2\/product_cat?post=4238"},{"taxonomy":"product_tag","embeddable":true,"href":"https:\/\/reviens-y.fr\/en\/wp-json\/wp\/v2\/product_tag?post=4238"}],"curies":[{"name":"wp","href":"https:\/\/api.w.org\/{rel}","templated":true}]}}