{"id":4246,"date":"2025-11-04T13:26:30","date_gmt":"2025-11-04T13:26:30","guid":{"rendered":"https:\/\/reviens-y.fr\/produit\/tote-bag-coton-bio-le-rocamadour\/"},"modified":"2025-11-22T11:28:47","modified_gmt":"2025-11-22T11:28:47","slug":"tote-bag-coton-bio-le-rocamadour","status":"publish","type":"product","link":"https:\/\/reviens-y.fr\/en\/product\/tote-bag-coton-bio-le-rocamadour\/","title":{"rendered":"Tote Bag coton Bio <br> Le Rocamadour"},"content":{"rendered":"<p>Symbole gourmand du Lot, ce visuel met \u00e0 l\u2019honneur le c\u00e9l\u00e8bre fromage de ch\u00e8vre Rocamadour AOP. Repr\u00e9sent\u00e9 sous les traits d\u2019un personnage joyeux, il incarne la convivialit\u00e9 et l\u2019authenticit\u00e9 du Quercy. Un clin d\u2019\u0153il graphique plein de bonne humeur, \u00e0 l\u2019image du terroir occitan.<br \/>\nId\u00e9al pour un t-shirt, un tote bag ou une affiche souvenir, ce design r\u00e9tro \u00e9voque le charme du Sud-Ouest et la fiert\u00e9 locale. Une cr\u00e9ation qui sent bon la campagne et les march\u00e9s de Rocamadour.<br \/>\n\u2013<br \/>\nTote bag en coton biologique robuste et pratique, id\u00e9al pour les courses, les livres ou un usage quotidien. Sa grande capacit\u00e9 et ses anses longues assurent confort et polyvalence, tout en garantissant un impact environnemental r\u00e9duit gr\u00e2ce \u00e0 sa fabrication certifi\u00e9e.<\/p>\n<p>\u2022 100 % coton biologique certifi\u00e9 serg\u00e9 3\/1<br \/>\n\u2022 272 g\/m\u00b2 (8 oz\/yd\u00b2)<br \/>\n\u2022 Dimensions : 40,6 \u00d7 35,6 \u00d7 12,7 cm<br \/>\n\u2022 Anses de 2,5 cm de large, longueur 62,2 cm<br \/>\n\u2022 Capacit\u00e9 maximale : 13,6 kg<br \/>\n\u2022 Compartiment principal ouvert<br \/>\n\u2022 Certifi\u00e9 GOTS et OCS pour son contenu en coton bio<br \/>\n\u2022 Certifi\u00e9 OEKO-TEX Standard 100 et approuv\u00e9 vegan par PETA<\/p>","protected":false},"excerpt":{"rendered":"<p>Symbole gourmand du Lot, ce visuel met \u00e0 l\u2019honneur le c\u00e9l\u00e8bre fromage de ch\u00e8vre Rocamadour AOP. Repr\u00e9sent\u00e9 sous les traits d\u2019un personnage joyeux, il incarne la convivialit\u00e9 et l\u2019authenticit\u00e9 du Quercy. Un clin d\u2019\u0153il graphique plein de bonne humeur, \u00e0 l\u2019image du terroir occitan. Id\u00e9al pour un t-shirt, un tote bag ou une affiche souvenir, [&hellip;]<\/p>\n","protected":false},"featured_media":4249,"comment_status":"open","ping_status":"closed","template":"","meta":{"_acf_changed":false},"product_brand":[],"product_cat":[67,98,115,72],"product_tag":[],"class_list":{"0":"post-4246","1":"product","2":"type-product","3":"status-publish","4":"has-post-thumbnail","6":"product_cat-idees-cadeaux","7":"product_cat-le-rocamadour","8":"product_cat-rocamadour","9":"product_cat-tote-bags","10":"product_shipping_class-tote-bags","12":"first","13":"instock","14":"taxable","15":"shipping-taxable","16":"purchasable","17":"product-type-variable"},"acf":[],"_links":{"self":[{"href":"https:\/\/reviens-y.fr\/en\/wp-json\/wp\/v2\/product\/4246","targetHints":{"allow":["GET"]}}],"collection":[{"href":"https:\/\/reviens-y.fr\/en\/wp-json\/wp\/v2\/product"}],"about":[{"href":"https:\/\/reviens-y.fr\/en\/wp-json\/wp\/v2\/types\/product"}],"replies":[{"embeddable":true,"href":"https:\/\/reviens-y.fr\/en\/wp-json\/wp\/v2\/comments?post=4246"}],"wp:featuredmedia":[{"embeddable":true,"href":"https:\/\/reviens-y.fr\/en\/wp-json\/wp\/v2\/media\/4249"}],"wp:attachment":[{"href":"https:\/\/reviens-y.fr\/en\/wp-json\/wp\/v2\/media?parent=4246"}],"wp:term":[{"taxonomy":"product_brand","embeddable":true,"href":"https:\/\/reviens-y.fr\/en\/wp-json\/wp\/v2\/product_brand?post=4246"},{"taxonomy":"product_cat","embeddable":true,"href":"https:\/\/reviens-y.fr\/en\/wp-json\/wp\/v2\/product_cat?post=4246"},{"taxonomy":"product_tag","embeddable":true,"href":"https:\/\/reviens-y.fr\/en\/wp-json\/wp\/v2\/product_tag?post=4246"}],"curies":[{"name":"wp","href":"https:\/\/api.w.org\/{rel}","templated":true}]}}