{"id":4258,"date":"2025-11-04T13:38:19","date_gmt":"2025-11-04T13:38:19","guid":{"rendered":"https:\/\/reviens-y.fr\/produit\/affiche-le-rocamadour\/"},"modified":"2025-11-22T11:28:14","modified_gmt":"2025-11-22T11:28:14","slug":"affiche-le-rocamadour","status":"publish","type":"product","link":"https:\/\/reviens-y.fr\/en\/product\/affiche-le-rocamadour\/","title":{"rendered":"Affiche <br> Le Rocamadour"},"content":{"rendered":"<p>Symbole gourmand du Lot, ce visuel met \u00e0 l\u2019honneur le c\u00e9l\u00e8bre fromage de ch\u00e8vre Rocamadour AOP. Repr\u00e9sent\u00e9 sous les traits d\u2019un personnage joyeux, il incarne la convivialit\u00e9 et l\u2019authenticit\u00e9 du Quercy. Un clin d\u2019\u0153il graphique plein de bonne humeur, \u00e0 l\u2019image du terroir occitan.<br \/>\nId\u00e9al pour un t-shirt, un tote bag ou une affiche souvenir, ce design r\u00e9tro \u00e9voque le charme du Sud-Ouest et la fiert\u00e9 locale. Une cr\u00e9ation qui sent bon la campagne et les march\u00e9s de Rocamadour.<br \/>\n\u2013<br \/>\nApportez une touche unique \u00e0 votre int\u00e9rieur avec cette affiche imprim\u00e9e en jet d\u2019encre multicolore \u00e0 base d\u2019eau, offrant un rendu pr\u00e9cis, des couleurs profondes et une finition mate \u00e9l\u00e9gante. Chaque affiche est r\u00e9alis\u00e9e sur un papier de qualit\u00e9 sup\u00e9rieure, con\u00e7u pour r\u00e9sister au temps et conserver toute sa luminosit\u00e9.<br \/>\nDisponible en deux formats : 30\u00d740 cm et 50\u00d770 cm ; elle s\u2019int\u00e8gre facilement dans tout type d\u2019espace, du bureau au salon, en passant par la chambre.<\/p>\n<p>\u2013 Technique d\u2019impression : jet d\u2019encre multicolore \u00e0 base d\u2019eau<br \/>\n\u2013 Finition : mate (absorbant la lumi\u00e8re, sans reflet)<br \/>\n\u2013 Type de papier : Couch\u00e9 premium<br \/>\n\u2013 \u00c9paisseur : 0,145 mm<br \/>\n\u2013 Grammage : 170 g\/m\u00b2<br \/>\n\u2013 Opacit\u00e9 : 97,5 %<br \/>\n\u2013 Luminosit\u00e9 ISO : 38 %<br \/>\n\u2013 Origine du papier : Japon<br \/>\n\u2013 Formats disponibles :<br \/>\n\u2022 30 \u00d7 40 cm<br \/>\n\u2022 50 \u00d7 70 cm<\/p>","protected":false},"excerpt":{"rendered":"<p>Symbole gourmand du Lot, ce visuel met \u00e0 l\u2019honneur le c\u00e9l\u00e8bre fromage de ch\u00e8vre Rocamadour AOP. Repr\u00e9sent\u00e9 sous les traits d\u2019un personnage joyeux, il incarne la convivialit\u00e9 et l\u2019authenticit\u00e9 du Quercy. Un clin d\u2019\u0153il graphique plein de bonne humeur, \u00e0 l\u2019image du terroir occitan. Id\u00e9al pour un t-shirt, un tote bag ou une affiche souvenir, [&hellip;]<\/p>\n","protected":false},"featured_media":4261,"comment_status":"open","ping_status":"closed","template":"","meta":{"_acf_changed":false},"product_brand":[],"product_cat":[94,98,115],"product_tag":[],"class_list":{"0":"post-4258","1":"product","2":"type-product","3":"status-publish","4":"has-post-thumbnail","6":"product_cat-affiches","7":"product_cat-le-rocamadour","8":"product_cat-rocamadour","9":"product_shipping_class-affiches","11":"first","12":"instock","13":"taxable","14":"shipping-taxable","15":"purchasable","16":"product-type-variable"},"acf":[],"_links":{"self":[{"href":"https:\/\/reviens-y.fr\/en\/wp-json\/wp\/v2\/product\/4258","targetHints":{"allow":["GET"]}}],"collection":[{"href":"https:\/\/reviens-y.fr\/en\/wp-json\/wp\/v2\/product"}],"about":[{"href":"https:\/\/reviens-y.fr\/en\/wp-json\/wp\/v2\/types\/product"}],"replies":[{"embeddable":true,"href":"https:\/\/reviens-y.fr\/en\/wp-json\/wp\/v2\/comments?post=4258"}],"wp:featuredmedia":[{"embeddable":true,"href":"https:\/\/reviens-y.fr\/en\/wp-json\/wp\/v2\/media\/4261"}],"wp:attachment":[{"href":"https:\/\/reviens-y.fr\/en\/wp-json\/wp\/v2\/media?parent=4258"}],"wp:term":[{"taxonomy":"product_brand","embeddable":true,"href":"https:\/\/reviens-y.fr\/en\/wp-json\/wp\/v2\/product_brand?post=4258"},{"taxonomy":"product_cat","embeddable":true,"href":"https:\/\/reviens-y.fr\/en\/wp-json\/wp\/v2\/product_cat?post=4258"},{"taxonomy":"product_tag","embeddable":true,"href":"https:\/\/reviens-y.fr\/en\/wp-json\/wp\/v2\/product_tag?post=4258"}],"curies":[{"name":"wp","href":"https:\/\/api.w.org\/{rel}","templated":true}]}}