{"id":4280,"date":"2025-11-04T14:54:18","date_gmt":"2025-11-04T14:54:18","guid":{"rendered":"https:\/\/reviens-y.fr\/produit\/sweat-unisexe-le-panorama\/"},"modified":"2025-11-22T11:27:02","modified_gmt":"2025-11-22T11:27:02","slug":"sweat-unisexe-le-panorama","status":"publish","type":"product","link":"https:\/\/reviens-y.fr\/en\/product\/sweat-unisexe-le-panorama\/","title":{"rendered":"Unisex sweatshirt <br> Le Panorama"},"content":{"rendered":"<p>Ce visuel capture toute la majest\u00e9 de Rocamadour, perch\u00e9 sur sa falaise surplombant la vall\u00e9e de l\u2019Alzou. Son style graphique, inspir\u00e9 des affiches vintage, met en lumi\u00e8re l\u2019un des plus beaux villages du Lot et d\u2019Occitanie, entre nature pr\u00e9serv\u00e9e et patrimoine m\u00e9di\u00e9val.<br \/>\nUn design lumineux et \u00e9vocateur, id\u00e9al pour d\u00e9corer un int\u00e9rieur ou offrir un souvenir embl\u00e9matique du Sud-Ouest. Une invitation \u00e0 voyager au c\u0153ur du Quercy, l\u00e0 o\u00f9 pierre et ciel se rencontrent.<br \/>\n\u2013<br \/>\nSweat-shirt unisexe en coton et polyester, con\u00e7u pour offrir douceur et chaleur au quotidien. Sa coupe classique et son col en tricot c\u00f4tel\u00e9 assurent un bon maintien, tandis que la conception quart-de-tour \u00e9vite le pli central. Facile \u00e0 entretenir, il conserve sa forme lavage apr\u00e8s lavage.<\/p>\n<p>\u2022 271 g\/m\u00b2<br \/>\n\u2022 50 % coton, 50 % polyester<br \/>\n\u2022 Tissu pr\u00e9r\u00e9tr\u00e9ci, fil\u00e9 par jet d\u2019air pour un toucher doux<br \/>\n\u2022 Col, \u00e9paules, emmanchures, poignets et ourlet \u00e0 couture double<br \/>\n\u2022 Col en tricot c\u00f4tel\u00e9 1\u00d71 avec \u00e9lasthanne<br \/>\n\u2022 Quart-de-tour pour \u00e9viter un pli au milieu<br \/>\n\u2022 Le blanc peut appara\u00eetre blanc cass\u00e9 naturel<\/p>","protected":false},"excerpt":{"rendered":"<p>Ce visuel capture toute la majest\u00e9 de Rocamadour, perch\u00e9 sur sa falaise surplombant la vall\u00e9e de l\u2019Alzou. Son style graphique, inspir\u00e9 des affiches vintage, met en lumi\u00e8re l\u2019un des plus beaux villages du Lot et d\u2019Occitanie, entre nature pr\u00e9serv\u00e9e et patrimoine m\u00e9di\u00e9val. Un design lumineux et \u00e9vocateur, id\u00e9al pour d\u00e9corer un int\u00e9rieur ou offrir un [&hellip;]<\/p>\n","protected":false},"featured_media":4285,"comment_status":"open","ping_status":"closed","template":"","meta":{"_acf_changed":false},"product_brand":[],"product_cat":[99,115,70],"product_tag":[],"class_list":{"0":"post-4280","1":"product","2":"type-product","3":"status-publish","4":"has-post-thumbnail","6":"product_cat-le-panorama","7":"product_cat-rocamadour","8":"product_cat-sweats","9":"product_shipping_class-sweats","11":"first","12":"instock","13":"taxable","14":"shipping-taxable","15":"purchasable","16":"product-type-variable"},"acf":[],"_links":{"self":[{"href":"https:\/\/reviens-y.fr\/en\/wp-json\/wp\/v2\/product\/4280","targetHints":{"allow":["GET"]}}],"collection":[{"href":"https:\/\/reviens-y.fr\/en\/wp-json\/wp\/v2\/product"}],"about":[{"href":"https:\/\/reviens-y.fr\/en\/wp-json\/wp\/v2\/types\/product"}],"replies":[{"embeddable":true,"href":"https:\/\/reviens-y.fr\/en\/wp-json\/wp\/v2\/comments?post=4280"}],"wp:featuredmedia":[{"embeddable":true,"href":"https:\/\/reviens-y.fr\/en\/wp-json\/wp\/v2\/media\/4285"}],"wp:attachment":[{"href":"https:\/\/reviens-y.fr\/en\/wp-json\/wp\/v2\/media?parent=4280"}],"wp:term":[{"taxonomy":"product_brand","embeddable":true,"href":"https:\/\/reviens-y.fr\/en\/wp-json\/wp\/v2\/product_brand?post=4280"},{"taxonomy":"product_cat","embeddable":true,"href":"https:\/\/reviens-y.fr\/en\/wp-json\/wp\/v2\/product_cat?post=4280"},{"taxonomy":"product_tag","embeddable":true,"href":"https:\/\/reviens-y.fr\/en\/wp-json\/wp\/v2\/product_tag?post=4280"}],"curies":[{"name":"wp","href":"https:\/\/api.w.org\/{rel}","templated":true}]}}