{"id":4287,"date":"2025-11-04T14:57:23","date_gmt":"2025-11-04T14:57:23","guid":{"rendered":"https:\/\/reviens-y.fr\/produit\/casquette-le-panorama\/"},"modified":"2025-11-22T11:26:34","modified_gmt":"2025-11-22T11:26:34","slug":"casquette-le-panorama","status":"publish","type":"product","link":"https:\/\/reviens-y.fr\/en\/product\/casquette-le-panorama\/","title":{"rendered":"Cap <br> Le Panorama"},"content":{"rendered":"<p>Ce visuel capture toute la majest\u00e9 de Rocamadour, perch\u00e9 sur sa falaise surplombant la vall\u00e9e de l\u2019Alzou. Son style graphique, inspir\u00e9 des affiches vintage, met en lumi\u00e8re l\u2019un des plus beaux villages du Lot et d\u2019Occitanie, entre nature pr\u00e9serv\u00e9e et patrimoine m\u00e9di\u00e9val.<br \/>\nUn design lumineux et \u00e9vocateur, id\u00e9al pour d\u00e9corer un int\u00e9rieur ou offrir un souvenir embl\u00e9matique du Sud-Ouest. Une invitation \u00e0 voyager au c\u0153ur du Quercy, l\u00e0 o\u00f9 pierre et ciel se rencontrent.<br \/>\n\u2013<br \/>\nUnisex cap with a curved visor, combining comfort and style for everyday wear. Its unstructured shape and adjustable strap allow for easy fitting, while its twill cotton fabric offers great durability over time.<\/p>\n<p>\u2022 100% chino cotton twill<br \/>\n\u2022 Unstructured, low-profile, flat visor<br \/>\n\u2022 6 embroidered eyelets<br \/>\n\u2022 Couronne de 3 \u215b \u00bb<br \/>\n\u2022 Adjustable strap with antique-style metal buckle<\/p>","protected":false},"excerpt":{"rendered":"<p>Ce visuel capture toute la majest\u00e9 de Rocamadour, perch\u00e9 sur sa falaise surplombant la vall\u00e9e de l\u2019Alzou. Son style graphique, inspir\u00e9 des affiches vintage, met en lumi\u00e8re l\u2019un des plus beaux villages du Lot et d\u2019Occitanie, entre nature pr\u00e9serv\u00e9e et patrimoine m\u00e9di\u00e9val. Un design lumineux et \u00e9vocateur, id\u00e9al pour d\u00e9corer un int\u00e9rieur ou offrir un [&hellip;]<\/p>\n","protected":false},"featured_media":4291,"comment_status":"open","ping_status":"closed","template":"","meta":{"_acf_changed":false},"product_brand":[],"product_cat":[71,99,115],"product_tag":[],"class_list":{"0":"post-4287","1":"product","2":"type-product","3":"status-publish","4":"has-post-thumbnail","6":"product_cat-casquettes","7":"product_cat-le-panorama","8":"product_cat-rocamadour","9":"product_shipping_class-casquettes","11":"first","12":"instock","13":"taxable","14":"shipping-taxable","15":"purchasable","16":"product-type-variable"},"acf":[],"_links":{"self":[{"href":"https:\/\/reviens-y.fr\/en\/wp-json\/wp\/v2\/product\/4287","targetHints":{"allow":["GET"]}}],"collection":[{"href":"https:\/\/reviens-y.fr\/en\/wp-json\/wp\/v2\/product"}],"about":[{"href":"https:\/\/reviens-y.fr\/en\/wp-json\/wp\/v2\/types\/product"}],"replies":[{"embeddable":true,"href":"https:\/\/reviens-y.fr\/en\/wp-json\/wp\/v2\/comments?post=4287"}],"wp:featuredmedia":[{"embeddable":true,"href":"https:\/\/reviens-y.fr\/en\/wp-json\/wp\/v2\/media\/4291"}],"wp:attachment":[{"href":"https:\/\/reviens-y.fr\/en\/wp-json\/wp\/v2\/media?parent=4287"}],"wp:term":[{"taxonomy":"product_brand","embeddable":true,"href":"https:\/\/reviens-y.fr\/en\/wp-json\/wp\/v2\/product_brand?post=4287"},{"taxonomy":"product_cat","embeddable":true,"href":"https:\/\/reviens-y.fr\/en\/wp-json\/wp\/v2\/product_cat?post=4287"},{"taxonomy":"product_tag","embeddable":true,"href":"https:\/\/reviens-y.fr\/en\/wp-json\/wp\/v2\/product_tag?post=4287"}],"curies":[{"name":"wp","href":"https:\/\/api.w.org\/{rel}","templated":true}]}}