{"id":4298,"date":"2025-11-04T15:01:33","date_gmt":"2025-11-04T15:01:33","guid":{"rendered":"https:\/\/reviens-y.fr\/produit\/tote-bag-coton-bio-le-panorama\/"},"modified":"2025-11-22T11:26:12","modified_gmt":"2025-11-22T11:26:12","slug":"tote-bag-coton-bio-le-panorama","status":"publish","type":"product","link":"https:\/\/reviens-y.fr\/en\/product\/tote-bag-coton-bio-le-panorama\/","title":{"rendered":"Tote Bag coton Bio <br> Le Panorama"},"content":{"rendered":"<p>Ce visuel capture toute la majest\u00e9 de Rocamadour, perch\u00e9 sur sa falaise surplombant la vall\u00e9e de l\u2019Alzou. Son style graphique, inspir\u00e9 des affiches vintage, met en lumi\u00e8re l\u2019un des plus beaux villages du Lot et d\u2019Occitanie, entre nature pr\u00e9serv\u00e9e et patrimoine m\u00e9di\u00e9val.<br \/>\nUn design lumineux et \u00e9vocateur, id\u00e9al pour d\u00e9corer un int\u00e9rieur ou offrir un souvenir embl\u00e9matique du Sud-Ouest. Une invitation \u00e0 voyager au c\u0153ur du Quercy, l\u00e0 o\u00f9 pierre et ciel se rencontrent.<br \/>\n\u2013<br \/>\nTote bag en coton biologique robuste et pratique, id\u00e9al pour les courses, les livres ou un usage quotidien. Sa grande capacit\u00e9 et ses anses longues assurent confort et polyvalence, tout en garantissant un impact environnemental r\u00e9duit gr\u00e2ce \u00e0 sa fabrication certifi\u00e9e.<\/p>\n<p>\u2022 100 % coton biologique certifi\u00e9 serg\u00e9 3\/1<br \/>\n\u2022 272 g\/m\u00b2 (8 oz\/yd\u00b2)<br \/>\n\u2022 Dimensions : 40,6 \u00d7 35,6 \u00d7 12,7 cm<br \/>\n\u2022 Anses de 2,5 cm de large, longueur 62,2 cm<br \/>\n\u2022 Capacit\u00e9 maximale : 13,6 kg<br \/>\n\u2022 Compartiment principal ouvert<br \/>\n\u2022 Certifi\u00e9 GOTS et OCS pour son contenu en coton bio<br \/>\n\u2022 Certifi\u00e9 OEKO-TEX Standard 100 et approuv\u00e9 vegan par PETA<\/p>","protected":false},"excerpt":{"rendered":"<p>Ce visuel capture toute la majest\u00e9 de Rocamadour, perch\u00e9 sur sa falaise surplombant la vall\u00e9e de l\u2019Alzou. Son style graphique, inspir\u00e9 des affiches vintage, met en lumi\u00e8re l\u2019un des plus beaux villages du Lot et d\u2019Occitanie, entre nature pr\u00e9serv\u00e9e et patrimoine m\u00e9di\u00e9val. Un design lumineux et \u00e9vocateur, id\u00e9al pour d\u00e9corer un int\u00e9rieur ou offrir un [&hellip;]<\/p>\n","protected":false},"featured_media":4301,"comment_status":"open","ping_status":"closed","template":"","meta":{"_acf_changed":false},"product_brand":[],"product_cat":[99,115,72],"product_tag":[],"class_list":{"0":"post-4298","1":"product","2":"type-product","3":"status-publish","4":"has-post-thumbnail","6":"product_cat-le-panorama","7":"product_cat-rocamadour","8":"product_cat-tote-bags","9":"product_shipping_class-tote-bags","11":"first","12":"instock","13":"taxable","14":"shipping-taxable","15":"purchasable","16":"product-type-variable"},"acf":[],"_links":{"self":[{"href":"https:\/\/reviens-y.fr\/en\/wp-json\/wp\/v2\/product\/4298","targetHints":{"allow":["GET"]}}],"collection":[{"href":"https:\/\/reviens-y.fr\/en\/wp-json\/wp\/v2\/product"}],"about":[{"href":"https:\/\/reviens-y.fr\/en\/wp-json\/wp\/v2\/types\/product"}],"replies":[{"embeddable":true,"href":"https:\/\/reviens-y.fr\/en\/wp-json\/wp\/v2\/comments?post=4298"}],"wp:featuredmedia":[{"embeddable":true,"href":"https:\/\/reviens-y.fr\/en\/wp-json\/wp\/v2\/media\/4301"}],"wp:attachment":[{"href":"https:\/\/reviens-y.fr\/en\/wp-json\/wp\/v2\/media?parent=4298"}],"wp:term":[{"taxonomy":"product_brand","embeddable":true,"href":"https:\/\/reviens-y.fr\/en\/wp-json\/wp\/v2\/product_brand?post=4298"},{"taxonomy":"product_cat","embeddable":true,"href":"https:\/\/reviens-y.fr\/en\/wp-json\/wp\/v2\/product_cat?post=4298"},{"taxonomy":"product_tag","embeddable":true,"href":"https:\/\/reviens-y.fr\/en\/wp-json\/wp\/v2\/product_tag?post=4298"}],"curies":[{"name":"wp","href":"https:\/\/api.w.org\/{rel}","templated":true}]}}