{"id":4351,"date":"2025-11-04T16:00:31","date_gmt":"2025-11-04T16:00:31","guid":{"rendered":"https:\/\/reviens-y.fr\/produit\/sweat-unisexe-le-rocher-sacre\/"},"modified":"2025-11-22T11:23:49","modified_gmt":"2025-11-22T11:23:49","slug":"sweat-unisexe-le-rocher-sacre","status":"publish","type":"product","link":"https:\/\/reviens-y.fr\/en\/product\/sweat-unisexe-le-rocher-sacre\/","title":{"rendered":"Unisex sweatshirt <br> Le Rocher Sacr\u00e9"},"content":{"rendered":"<p>Ce visuel rend hommage au Rocher de Saint-Amadour, haut lieu spirituel de Rocamadour. Inspir\u00e9 des gravures anciennes, il illustre les sanctuaires suspendus \u00e0 la falaise, c\u0153ur du Lot et du Sud-Ouest. On y retrouve les symboles du Quercy, du p\u00e8lerinage et l\u2019ann\u00e9e 1166, date fondatrice du site.<br \/>\nUn design qui capture la dimension patrimoniale et mystique de Rocamadour, entre histoire, foi et beaut\u00e9 naturelle de l\u2019Occitanie.<br \/>\n\u2013<br \/>\nSweat-shirt unisexe en coton et polyester, con\u00e7u pour offrir douceur et chaleur au quotidien. Sa coupe classique et son col en tricot c\u00f4tel\u00e9 assurent un bon maintien, tandis que la conception quart-de-tour \u00e9vite le pli central. Facile \u00e0 entretenir, il conserve sa forme lavage apr\u00e8s lavage.<\/p>\n<p>\u2022 271 g\/m\u00b2<br \/>\n\u2022 50 % coton, 50 % polyester<br \/>\n\u2022 Tissu pr\u00e9r\u00e9tr\u00e9ci, fil\u00e9 par jet d\u2019air pour un toucher doux<br \/>\n\u2022 Col, \u00e9paules, emmanchures, poignets et ourlet \u00e0 couture double<br \/>\n\u2022 Col en tricot c\u00f4tel\u00e9 1\u00d71 avec \u00e9lasthanne<br \/>\n\u2022 Quart-de-tour pour \u00e9viter un pli au milieu<br \/>\n\u2022 Le blanc peut appara\u00eetre blanc cass\u00e9 naturel<\/p>","protected":false},"excerpt":{"rendered":"<p>Ce visuel rend hommage au Rocher de Saint-Amadour, haut lieu spirituel de Rocamadour. Inspir\u00e9 des gravures anciennes, il illustre les sanctuaires suspendus \u00e0 la falaise, c\u0153ur du Lot et du Sud-Ouest. On y retrouve les symboles du Quercy, du p\u00e8lerinage et l\u2019ann\u00e9e 1166, date fondatrice du site. Un design qui capture la dimension patrimoniale et [&hellip;]<\/p>\n","protected":false},"featured_media":4364,"comment_status":"open","ping_status":"closed","template":"","meta":{"_acf_changed":false},"product_brand":[],"product_cat":[101,115,70],"product_tag":[],"class_list":{"0":"post-4351","1":"product","2":"type-product","3":"status-publish","4":"has-post-thumbnail","6":"product_cat-le-rocher-sacre","7":"product_cat-rocamadour","8":"product_cat-sweats","9":"product_shipping_class-sweats","11":"first","12":"instock","13":"taxable","14":"shipping-taxable","15":"purchasable","16":"product-type-variable"},"acf":[],"_links":{"self":[{"href":"https:\/\/reviens-y.fr\/en\/wp-json\/wp\/v2\/product\/4351","targetHints":{"allow":["GET"]}}],"collection":[{"href":"https:\/\/reviens-y.fr\/en\/wp-json\/wp\/v2\/product"}],"about":[{"href":"https:\/\/reviens-y.fr\/en\/wp-json\/wp\/v2\/types\/product"}],"replies":[{"embeddable":true,"href":"https:\/\/reviens-y.fr\/en\/wp-json\/wp\/v2\/comments?post=4351"}],"wp:featuredmedia":[{"embeddable":true,"href":"https:\/\/reviens-y.fr\/en\/wp-json\/wp\/v2\/media\/4364"}],"wp:attachment":[{"href":"https:\/\/reviens-y.fr\/en\/wp-json\/wp\/v2\/media?parent=4351"}],"wp:term":[{"taxonomy":"product_brand","embeddable":true,"href":"https:\/\/reviens-y.fr\/en\/wp-json\/wp\/v2\/product_brand?post=4351"},{"taxonomy":"product_cat","embeddable":true,"href":"https:\/\/reviens-y.fr\/en\/wp-json\/wp\/v2\/product_cat?post=4351"},{"taxonomy":"product_tag","embeddable":true,"href":"https:\/\/reviens-y.fr\/en\/wp-json\/wp\/v2\/product_tag?post=4351"}],"curies":[{"name":"wp","href":"https:\/\/api.w.org\/{rel}","templated":true}]}}