{"id":4378,"date":"2025-11-04T16:07:15","date_gmt":"2025-11-04T16:07:15","guid":{"rendered":"https:\/\/reviens-y.fr\/produit\/tote-bag-coton-bio-le-rocher-sacre\/"},"modified":"2025-11-22T11:22:28","modified_gmt":"2025-11-22T11:22:28","slug":"tote-bag-coton-bio-le-rocher-sacre","status":"publish","type":"product","link":"https:\/\/reviens-y.fr\/en\/product\/tote-bag-coton-bio-le-rocher-sacre\/","title":{"rendered":"Tote Bag coton Bio <br> Le Rocher Sacr\u00e9"},"content":{"rendered":"<p>Ce visuel rend hommage au Rocher de Saint-Amadour, haut lieu spirituel de Rocamadour. Inspir\u00e9 des gravures anciennes, il illustre les sanctuaires suspendus \u00e0 la falaise, c\u0153ur du Lot et du Sud-Ouest. On y retrouve les symboles du Quercy, du p\u00e8lerinage et l\u2019ann\u00e9e 1166, date fondatrice du site.<br \/>\nUn design qui capture la dimension patrimoniale et mystique de Rocamadour, entre histoire, foi et beaut\u00e9 naturelle de l\u2019Occitanie.<br \/>\n\u2013<br \/>\nTote bag en coton biologique robuste et pratique, id\u00e9al pour les courses, les livres ou un usage quotidien. Sa grande capacit\u00e9 et ses anses longues assurent confort et polyvalence, tout en garantissant un impact environnemental r\u00e9duit gr\u00e2ce \u00e0 sa fabrication certifi\u00e9e.<\/p>\n<p>\u2022 100 % coton biologique certifi\u00e9 serg\u00e9 3\/1<br \/>\n\u2022 272 g\/m\u00b2 (8 oz\/yd\u00b2)<br \/>\n\u2022 Dimensions : 40,6 \u00d7 35,6 \u00d7 12,7 cm<br \/>\n\u2022 Anses de 2,5 cm de large, longueur 62,2 cm<br \/>\n\u2022 Capacit\u00e9 maximale : 13,6 kg<br \/>\n\u2022 Compartiment principal ouvert<br \/>\n\u2022 Certifi\u00e9 GOTS et OCS pour son contenu en coton bio<br \/>\n\u2022 Certifi\u00e9 OEKO-TEX Standard 100 et approuv\u00e9 vegan par PETA<\/p>","protected":false},"excerpt":{"rendered":"<p>Ce visuel rend hommage au Rocher de Saint-Amadour, haut lieu spirituel de Rocamadour. Inspir\u00e9 des gravures anciennes, il illustre les sanctuaires suspendus \u00e0 la falaise, c\u0153ur du Lot et du Sud-Ouest. On y retrouve les symboles du Quercy, du p\u00e8lerinage et l\u2019ann\u00e9e 1166, date fondatrice du site. Un design qui capture la dimension patrimoniale et [&hellip;]<\/p>\n","protected":false},"featured_media":4381,"comment_status":"open","ping_status":"closed","template":"","meta":{"_acf_changed":false},"product_brand":[],"product_cat":[101,115,72],"product_tag":[],"class_list":{"0":"post-4378","1":"product","2":"type-product","3":"status-publish","4":"has-post-thumbnail","6":"product_cat-le-rocher-sacre","7":"product_cat-rocamadour","8":"product_cat-tote-bags","9":"product_shipping_class-tote-bags","11":"first","12":"instock","13":"taxable","14":"shipping-taxable","15":"purchasable","16":"product-type-variable"},"acf":[],"_links":{"self":[{"href":"https:\/\/reviens-y.fr\/en\/wp-json\/wp\/v2\/product\/4378","targetHints":{"allow":["GET"]}}],"collection":[{"href":"https:\/\/reviens-y.fr\/en\/wp-json\/wp\/v2\/product"}],"about":[{"href":"https:\/\/reviens-y.fr\/en\/wp-json\/wp\/v2\/types\/product"}],"replies":[{"embeddable":true,"href":"https:\/\/reviens-y.fr\/en\/wp-json\/wp\/v2\/comments?post=4378"}],"wp:featuredmedia":[{"embeddable":true,"href":"https:\/\/reviens-y.fr\/en\/wp-json\/wp\/v2\/media\/4381"}],"wp:attachment":[{"href":"https:\/\/reviens-y.fr\/en\/wp-json\/wp\/v2\/media?parent=4378"}],"wp:term":[{"taxonomy":"product_brand","embeddable":true,"href":"https:\/\/reviens-y.fr\/en\/wp-json\/wp\/v2\/product_brand?post=4378"},{"taxonomy":"product_cat","embeddable":true,"href":"https:\/\/reviens-y.fr\/en\/wp-json\/wp\/v2\/product_cat?post=4378"},{"taxonomy":"product_tag","embeddable":true,"href":"https:\/\/reviens-y.fr\/en\/wp-json\/wp\/v2\/product_tag?post=4378"}],"curies":[{"name":"wp","href":"https:\/\/api.w.org\/{rel}","templated":true}]}}