{"id":4390,"date":"2025-11-04T16:20:01","date_gmt":"2025-11-04T16:20:01","guid":{"rendered":"https:\/\/reviens-y.fr\/produit\/affiche-le-rocher-sacre\/"},"modified":"2025-11-22T11:21:43","modified_gmt":"2025-11-22T11:21:43","slug":"affiche-le-rocher-sacre","status":"publish","type":"product","link":"https:\/\/reviens-y.fr\/en\/product\/affiche-le-rocher-sacre\/","title":{"rendered":"Affiche <br> Le Rocher Sacr\u00e9"},"content":{"rendered":"<p>Ce visuel rend hommage au Rocher de Saint-Amadour, haut lieu spirituel de Rocamadour. Inspir\u00e9 des gravures anciennes, il illustre les sanctuaires suspendus \u00e0 la falaise, c\u0153ur du Lot et du Sud-Ouest. On y retrouve les symboles du Quercy, du p\u00e8lerinage et l\u2019ann\u00e9e 1166, date fondatrice du site.<br \/>\nUn design qui capture la dimension patrimoniale et mystique de Rocamadour, entre histoire, foi et beaut\u00e9 naturelle de l\u2019Occitanie.<br \/>\n\u2013<br \/>\nApportez une touche unique \u00e0 votre int\u00e9rieur avec cette affiche imprim\u00e9e en jet d\u2019encre multicolore \u00e0 base d\u2019eau, offrant un rendu pr\u00e9cis, des couleurs profondes et une finition mate \u00e9l\u00e9gante. Chaque affiche est r\u00e9alis\u00e9e sur un papier de qualit\u00e9 sup\u00e9rieure, con\u00e7u pour r\u00e9sister au temps et conserver toute sa luminosit\u00e9.<br \/>\nDisponible en deux formats : 30\u00d740 cm et 50\u00d770 cm ; elle s\u2019int\u00e8gre facilement dans tout type d\u2019espace, du bureau au salon, en passant par la chambre.<\/p>\n<p>\u2013 Technique d\u2019impression : jet d\u2019encre multicolore \u00e0 base d\u2019eau<br \/>\n\u2013 Finition : mate (absorbant la lumi\u00e8re, sans reflet)<br \/>\n\u2013 Type de papier : Couch\u00e9 premium<br \/>\n\u2013 \u00c9paisseur : 0,145 mm<br \/>\n\u2013 Grammage : 170 g\/m\u00b2<br \/>\n\u2013 Opacit\u00e9 : 97,5 %<br \/>\n\u2013 Luminosit\u00e9 ISO : 38 %<br \/>\n\u2013 Origine du papier : Japon<br \/>\n\u2013 Formats disponibles :<br \/>\n\u2022 30 \u00d7 40 cm<br \/>\n\u2022 50 \u00d7 70 cm<\/p>","protected":false},"excerpt":{"rendered":"<p>Ce visuel rend hommage au Rocher de Saint-Amadour, haut lieu spirituel de Rocamadour. Inspir\u00e9 des gravures anciennes, il illustre les sanctuaires suspendus \u00e0 la falaise, c\u0153ur du Lot et du Sud-Ouest. On y retrouve les symboles du Quercy, du p\u00e8lerinage et l\u2019ann\u00e9e 1166, date fondatrice du site. Un design qui capture la dimension patrimoniale et [&hellip;]<\/p>\n","protected":false},"featured_media":4393,"comment_status":"open","ping_status":"closed","template":"","meta":{"_acf_changed":false},"product_brand":[],"product_cat":[94,101,115],"product_tag":[],"class_list":{"0":"post-4390","1":"product","2":"type-product","3":"status-publish","4":"has-post-thumbnail","6":"product_cat-affiches","7":"product_cat-le-rocher-sacre","8":"product_cat-rocamadour","9":"product_shipping_class-affiches","11":"first","12":"instock","13":"taxable","14":"shipping-taxable","15":"purchasable","16":"product-type-variable"},"acf":[],"_links":{"self":[{"href":"https:\/\/reviens-y.fr\/en\/wp-json\/wp\/v2\/product\/4390","targetHints":{"allow":["GET"]}}],"collection":[{"href":"https:\/\/reviens-y.fr\/en\/wp-json\/wp\/v2\/product"}],"about":[{"href":"https:\/\/reviens-y.fr\/en\/wp-json\/wp\/v2\/types\/product"}],"replies":[{"embeddable":true,"href":"https:\/\/reviens-y.fr\/en\/wp-json\/wp\/v2\/comments?post=4390"}],"wp:featuredmedia":[{"embeddable":true,"href":"https:\/\/reviens-y.fr\/en\/wp-json\/wp\/v2\/media\/4393"}],"wp:attachment":[{"href":"https:\/\/reviens-y.fr\/en\/wp-json\/wp\/v2\/media?parent=4390"}],"wp:term":[{"taxonomy":"product_brand","embeddable":true,"href":"https:\/\/reviens-y.fr\/en\/wp-json\/wp\/v2\/product_brand?post=4390"},{"taxonomy":"product_cat","embeddable":true,"href":"https:\/\/reviens-y.fr\/en\/wp-json\/wp\/v2\/product_cat?post=4390"},{"taxonomy":"product_tag","embeddable":true,"href":"https:\/\/reviens-y.fr\/en\/wp-json\/wp\/v2\/product_tag?post=4390"}],"curies":[{"name":"wp","href":"https:\/\/api.w.org\/{rel}","templated":true}]}}