{"id":4399,"date":"2025-11-04T16:25:47","date_gmt":"2025-11-04T16:25:47","guid":{"rendered":"https:\/\/reviens-y.fr\/produit\/carte-postale-le-rocamadour\/"},"modified":"2025-11-21T15:20:43","modified_gmt":"2025-11-21T15:20:43","slug":"carte-postale-le-rocamadour","status":"publish","type":"product","link":"https:\/\/reviens-y.fr\/en\/product\/carte-postale-le-rocamadour\/","title":{"rendered":"Carte postale <br> Le Rocamadour"},"content":{"rendered":"<p>Symbole gourmand du Lot, ce visuel met \u00e0 l\u2019honneur le c\u00e9l\u00e8bre fromage de ch\u00e8vre Rocamadour AOP. Repr\u00e9sent\u00e9 sous les traits d\u2019un personnage joyeux, il incarne la convivialit\u00e9 et l\u2019authenticit\u00e9 du Quercy. Un clin d\u2019\u0153il graphique plein de bonne humeur, \u00e0 l\u2019image du terroir occitan.<br \/>\nId\u00e9al pour un t-shirt, un tote bag ou une affiche souvenir, ce design r\u00e9tro \u00e9voque le charme du Sud-Ouest et la fiert\u00e9 locale. Une cr\u00e9ation qui sent bon la campagne et les march\u00e9s de Rocamadour.<br \/>\n\u2013<br \/>\nUne carte postale con\u00e7ue pour durer, avec une impression nette et des couleurs fid\u00e8les. Fabriqu\u00e9e sur un papier cartonn\u00e9 \u00e9pais de qualit\u00e9 professionnelle (260 \u00e0 350 g\/m\u00b2), elle offre une surface ext\u00e9rieure l\u00e9g\u00e8rement satin\u00e9e, id\u00e9ale pour les visuels d\u00e9taill\u00e9s, et un verso pens\u00e9 pour l\u2019\u00e9criture.<br \/>\nAvec son format standard 10 \u00d7 15 cm, elle s\u2019adapte \u00e0 tous les usages : envoi postal, carte souvenir, communication visuelle ou \u00e9l\u00e9ment d\u00e9coratif.<\/p>\n<p>\u2013 Technique d\u2019impression : impression laser num\u00e9rique \u00e0 base de toner<br \/>\n\u2013 Finition : mate, avec surface ext\u00e9rieure l\u00e9g\u00e8rement brillante<br \/>\n\u2013 Type de papier : carton rigide premium<br \/>\n\u2013 Poids du papier : 260 \u2013 350 g\/m\u00b2<br \/>\n\u2013 \u00c9paisseur : 0,34 mm<br \/>\n\u2013 Format : 10 \u00d7 15 cm (4 \u00d7 6\u201d)<br \/>\n\u2013 Surface ext\u00e9rieure : lamin\u00e9e, excellente pour l\u2019impression d\u2019images<br \/>\n\u2013 Surface int\u00e9rieure : l\u00e9g\u00e8rement enduite, parfaite pour l\u2019\u00e9criture au stylo-bille<\/p>","protected":false},"excerpt":{"rendered":"<p>Symbole gourmand du Lot, ce visuel met \u00e0 l\u2019honneur le c\u00e9l\u00e8bre fromage de ch\u00e8vre Rocamadour AOP. Repr\u00e9sent\u00e9 sous les traits d\u2019un personnage joyeux, il incarne la convivialit\u00e9 et l\u2019authenticit\u00e9 du Quercy. Un clin d\u2019\u0153il graphique plein de bonne humeur, \u00e0 l\u2019image du terroir occitan. Id\u00e9al pour un t-shirt, un tote bag ou une affiche souvenir, [&hellip;]<\/p>\n","protected":false},"featured_media":4400,"comment_status":"open","ping_status":"closed","template":"","meta":{"_acf_changed":false},"product_brand":[],"product_cat":[95,98,115],"product_tag":[],"class_list":{"0":"post-4399","1":"product","2":"type-product","3":"status-publish","4":"has-post-thumbnail","6":"product_cat-cartes-postales","7":"product_cat-le-rocamadour","8":"product_cat-rocamadour","9":"product_shipping_class-cartes-postales","11":"first","12":"instock","13":"taxable","14":"shipping-taxable","15":"purchasable","16":"product-type-simple"},"acf":[],"_links":{"self":[{"href":"https:\/\/reviens-y.fr\/en\/wp-json\/wp\/v2\/product\/4399","targetHints":{"allow":["GET"]}}],"collection":[{"href":"https:\/\/reviens-y.fr\/en\/wp-json\/wp\/v2\/product"}],"about":[{"href":"https:\/\/reviens-y.fr\/en\/wp-json\/wp\/v2\/types\/product"}],"replies":[{"embeddable":true,"href":"https:\/\/reviens-y.fr\/en\/wp-json\/wp\/v2\/comments?post=4399"}],"wp:featuredmedia":[{"embeddable":true,"href":"https:\/\/reviens-y.fr\/en\/wp-json\/wp\/v2\/media\/4400"}],"wp:attachment":[{"href":"https:\/\/reviens-y.fr\/en\/wp-json\/wp\/v2\/media?parent=4399"}],"wp:term":[{"taxonomy":"product_brand","embeddable":true,"href":"https:\/\/reviens-y.fr\/en\/wp-json\/wp\/v2\/product_brand?post=4399"},{"taxonomy":"product_cat","embeddable":true,"href":"https:\/\/reviens-y.fr\/en\/wp-json\/wp\/v2\/product_cat?post=4399"},{"taxonomy":"product_tag","embeddable":true,"href":"https:\/\/reviens-y.fr\/en\/wp-json\/wp\/v2\/product_tag?post=4399"}],"curies":[{"name":"wp","href":"https:\/\/api.w.org\/{rel}","templated":true}]}}