{"id":4401,"date":"2025-11-04T16:34:03","date_gmt":"2025-11-04T16:34:03","guid":{"rendered":"https:\/\/reviens-y.fr\/produit\/t-shirt-unisexe-les-incontournables\/"},"modified":"2025-11-22T11:21:04","modified_gmt":"2025-11-22T11:21:04","slug":"t-shirt-unisexe-les-incontournables","status":"publish","type":"product","link":"https:\/\/reviens-y.fr\/en\/product\/t-shirt-unisexe-les-incontournables\/","title":{"rendered":"T-shirt unisex <br> Les Incontournables"},"content":{"rendered":"<p>Ce visuel rassemble les symboles de Rocamadour (Lot, Occitanie) : p\u00e8lerin de Saint-Jacques-de-Compostelle, ch\u00e8vre du Quercy, Vierge noire, singe de la For\u00eat des Singes, aigle du Rocher des Aigles et montgolfi\u00e8res des Montgolfiades. Composition inspir\u00e9e des motifs artisanaux.<br \/>\nGraphique et intemporel, il c\u00e9l\u00e8bre le patrimoine naturel et spirituel de Rocamadour. Id\u00e9al en t-shirt, affiche ou tote bag souvenir, pour garder un morceau du Quercy \u00e0 la maison.<br \/>\n\u2013<br \/>\nT-shirt unisexe en coton, con\u00e7u pour un usage quotidien. Sa coupe r\u00e9guli\u00e8re facilite les mouvements, tandis que son tissu conserve sa forme lavage apr\u00e8s lavage. L\u00e9ger \u00e0 porter et simple \u00e0 entretenir, il convient \u00e0 toutes les saisons et s\u2019adapte \u00e0 diff\u00e9rents styles.<\/p>\n<p>\u2022 170\u2013180 g\/m\u00b2<br \/>\n\u2022 Fabrication tubulaire sans coutures lat\u00e9rales<br \/>\n\u2022 Coutures renforc\u00e9es et bande de propret\u00e9 au col et aux \u00e9paules<br \/>\n\u2022 Composition : 100 % coton ou Sport Grey (90 % coton, 10 % polyester)<br \/>\n\u2022 Lavage en machine \u00e0 30\u00b0C<br \/>\n\u2022 Sans polyester recycl\u00e9 ni substances dangereuses<br \/>\n\u2022 Le blanc peut pr\u00e9senter un aspect blanc cass\u00e9 naturel<\/p>","protected":false},"excerpt":{"rendered":"<p>Ce visuel rassemble les symboles de Rocamadour (Lot, Occitanie) : p\u00e8lerin de Saint-Jacques-de-Compostelle, ch\u00e8vre du Quercy, Vierge noire, singe de la For\u00eat des Singes, aigle du Rocher des Aigles et montgolfi\u00e8res des Montgolfiades. Composition inspir\u00e9e des motifs artisanaux. Graphique et intemporel, il c\u00e9l\u00e8bre le patrimoine naturel et spirituel de Rocamadour. Id\u00e9al en t-shirt, affiche ou [&hellip;]<\/p>\n","protected":false},"featured_media":4410,"comment_status":"open","ping_status":"closed","template":"","meta":{"_acf_changed":false},"product_brand":[],"product_cat":[100,115,68],"product_tag":[],"class_list":{"0":"post-4401","1":"product","2":"type-product","3":"status-publish","4":"has-post-thumbnail","6":"product_cat-les-incontournables","7":"product_cat-rocamadour","8":"product_cat-t-shirts","9":"product_shipping_class-t-shirts","11":"first","12":"instock","13":"taxable","14":"shipping-taxable","15":"purchasable","16":"product-type-variable"},"acf":[],"_links":{"self":[{"href":"https:\/\/reviens-y.fr\/en\/wp-json\/wp\/v2\/product\/4401","targetHints":{"allow":["GET"]}}],"collection":[{"href":"https:\/\/reviens-y.fr\/en\/wp-json\/wp\/v2\/product"}],"about":[{"href":"https:\/\/reviens-y.fr\/en\/wp-json\/wp\/v2\/types\/product"}],"replies":[{"embeddable":true,"href":"https:\/\/reviens-y.fr\/en\/wp-json\/wp\/v2\/comments?post=4401"}],"wp:featuredmedia":[{"embeddable":true,"href":"https:\/\/reviens-y.fr\/en\/wp-json\/wp\/v2\/media\/4410"}],"wp:attachment":[{"href":"https:\/\/reviens-y.fr\/en\/wp-json\/wp\/v2\/media?parent=4401"}],"wp:term":[{"taxonomy":"product_brand","embeddable":true,"href":"https:\/\/reviens-y.fr\/en\/wp-json\/wp\/v2\/product_brand?post=4401"},{"taxonomy":"product_cat","embeddable":true,"href":"https:\/\/reviens-y.fr\/en\/wp-json\/wp\/v2\/product_cat?post=4401"},{"taxonomy":"product_tag","embeddable":true,"href":"https:\/\/reviens-y.fr\/en\/wp-json\/wp\/v2\/product_tag?post=4401"}],"curies":[{"name":"wp","href":"https:\/\/api.w.org\/{rel}","templated":true}]}}