{"id":4414,"date":"2025-11-04T16:40:27","date_gmt":"2025-11-04T16:40:27","guid":{"rendered":"https:\/\/reviens-y.fr\/produit\/hoodie-unisexe-les-incontournables\/"},"modified":"2025-11-22T11:20:37","modified_gmt":"2025-11-22T11:20:37","slug":"hoodie-unisexe-les-incontournables","status":"publish","type":"product","link":"https:\/\/reviens-y.fr\/en\/product\/hoodie-unisexe-les-incontournables\/","title":{"rendered":"Hoodie unisexe <br> Les Incontournables"},"content":{"rendered":"<p>Ce visuel rassemble les symboles de Rocamadour (Lot, Occitanie) : p\u00e8lerin de Saint-Jacques-de-Compostelle, ch\u00e8vre du Quercy, Vierge noire, singe de la For\u00eat des Singes, aigle du Rocher des Aigles et montgolfi\u00e8res des Montgolfiades. Composition inspir\u00e9e des motifs artisanaux.<br \/>\nGraphique et intemporel, il c\u00e9l\u00e8bre le patrimoine naturel et spirituel de Rocamadour. Id\u00e9al en t-shirt, affiche ou tote bag souvenir, pour garder un morceau du Quercy \u00e0 la maison.<br \/>\n\u2013<br \/>\nSweat \u00e0 capuche unisexe con\u00e7u pour un usage quotidien, offrant chaleur et confort lors des journ\u00e9es fra\u00eeches. Sa coupe classique et sa grande poche frontale en font une pi\u00e8ce pratique et facile \u00e0 porter. La capuche doubl\u00e9e avec cordon de serrage assorti assure une protection suppl\u00e9mentaire contre le froid.<\/p>\n<p>\u2022 271 g\/m\u00b2<br \/>\n\u2022 50 % coton pr\u00e9r\u00e9tr\u00e9ci, 50 % polyester<br \/>\n\u2022 Tissu fil\u00e9 par jet d\u2019air pour un toucher doux et moins de boulochage<br \/>\n\u2022 Capuche \u00e0 double doublure avec cordon assorti<br \/>\n\u2022 Poignets et ceinture en tricot c\u00f4tel\u00e9 1\u00d71 avec \u00e9lasthanne<br \/>\n\u2022 Couture double aux \u00e9paules, poignets et ourlet<br \/>\n\u2022 Le blanc peut appara\u00eetre blanc cass\u00e9 naturel<\/p>","protected":false},"excerpt":{"rendered":"<p>Ce visuel rassemble les symboles de Rocamadour (Lot, Occitanie) : p\u00e8lerin de Saint-Jacques-de-Compostelle, ch\u00e8vre du Quercy, Vierge noire, singe de la For\u00eat des Singes, aigle du Rocher des Aigles et montgolfi\u00e8res des Montgolfiades. Composition inspir\u00e9e des motifs artisanaux. Graphique et intemporel, il c\u00e9l\u00e8bre le patrimoine naturel et spirituel de Rocamadour. Id\u00e9al en t-shirt, affiche ou [&hellip;]<\/p>\n","protected":false},"featured_media":4427,"comment_status":"open","ping_status":"closed","template":"","meta":{"_acf_changed":false},"product_brand":[],"product_cat":[69,100,115],"product_tag":[],"class_list":{"0":"post-4414","1":"product","2":"type-product","3":"status-publish","4":"has-post-thumbnail","6":"product_cat-hoodies","7":"product_cat-les-incontournables","8":"product_cat-rocamadour","9":"product_shipping_class-hoodies","11":"first","12":"instock","13":"taxable","14":"shipping-taxable","15":"purchasable","16":"product-type-variable"},"acf":[],"_links":{"self":[{"href":"https:\/\/reviens-y.fr\/en\/wp-json\/wp\/v2\/product\/4414","targetHints":{"allow":["GET"]}}],"collection":[{"href":"https:\/\/reviens-y.fr\/en\/wp-json\/wp\/v2\/product"}],"about":[{"href":"https:\/\/reviens-y.fr\/en\/wp-json\/wp\/v2\/types\/product"}],"replies":[{"embeddable":true,"href":"https:\/\/reviens-y.fr\/en\/wp-json\/wp\/v2\/comments?post=4414"}],"wp:featuredmedia":[{"embeddable":true,"href":"https:\/\/reviens-y.fr\/en\/wp-json\/wp\/v2\/media\/4427"}],"wp:attachment":[{"href":"https:\/\/reviens-y.fr\/en\/wp-json\/wp\/v2\/media?parent=4414"}],"wp:term":[{"taxonomy":"product_brand","embeddable":true,"href":"https:\/\/reviens-y.fr\/en\/wp-json\/wp\/v2\/product_brand?post=4414"},{"taxonomy":"product_cat","embeddable":true,"href":"https:\/\/reviens-y.fr\/en\/wp-json\/wp\/v2\/product_cat?post=4414"},{"taxonomy":"product_tag","embeddable":true,"href":"https:\/\/reviens-y.fr\/en\/wp-json\/wp\/v2\/product_tag?post=4414"}],"curies":[{"name":"wp","href":"https:\/\/api.w.org\/{rel}","templated":true}]}}