{"id":4452,"date":"2025-11-04T17:15:04","date_gmt":"2025-11-04T17:15:04","guid":{"rendered":"https:\/\/reviens-y.fr\/produit\/casquette-brodee-les-incontournables\/"},"modified":"2025-11-22T11:19:23","modified_gmt":"2025-11-22T11:19:23","slug":"casquette-brodee-les-incontournables","status":"publish","type":"product","link":"https:\/\/reviens-y.fr\/en\/product\/casquette-brodee-les-incontournables\/","title":{"rendered":"Casquette brod\u00e9e <br> Les Incontournables"},"content":{"rendered":"<p>Ce visuel rassemble les symboles de Rocamadour (Lot, Occitanie) : p\u00e8lerin de Saint-Jacques-de-Compostelle, ch\u00e8vre du Quercy, Vierge noire, singe de la For\u00eat des Singes, aigle du Rocher des Aigles et montgolfi\u00e8res des Montgolfiades. Composition inspir\u00e9e des motifs artisanaux.<br \/>\nGraphique et intemporel, il c\u00e9l\u00e8bre le patrimoine naturel et spirituel de Rocamadour. Id\u00e9al en t-shirt, affiche ou tote bag souvenir, pour garder un morceau du Quercy \u00e0 la maison.<br \/>\n\u2013<br \/>\nUnisex cap with a curved visor, combining comfort and style for everyday wear. Its unstructured shape and adjustable strap allow for easy fitting, while its twill cotton fabric offers great durability over time.<\/p>\n<p>\u2022 100% chino cotton twill<br \/>\n\u2022 Unstructured, low-profile, flat visor<br \/>\n\u2022 6 embroidered eyelets<br \/>\n\u2022 Couronne de 3 \u215b \u00bb<br \/>\n\u2022 Adjustable strap with antique-style metal buckle<\/p>","protected":false},"excerpt":{"rendered":"<p>Ce visuel rassemble les symboles de Rocamadour (Lot, Occitanie) : p\u00e8lerin de Saint-Jacques-de-Compostelle, ch\u00e8vre du Quercy, Vierge noire, singe de la For\u00eat des Singes, aigle du Rocher des Aigles et montgolfi\u00e8res des Montgolfiades. Composition inspir\u00e9e des motifs artisanaux. Graphique et intemporel, il c\u00e9l\u00e8bre le patrimoine naturel et spirituel de Rocamadour. Id\u00e9al en t-shirt, affiche ou [&hellip;]<\/p>\n","protected":false},"featured_media":4455,"comment_status":"open","ping_status":"closed","template":"","meta":{"_acf_changed":false},"product_brand":[],"product_cat":[71,67,100,115],"product_tag":[],"class_list":{"0":"post-4452","1":"product","2":"type-product","3":"status-publish","4":"has-post-thumbnail","6":"product_cat-casquettes","7":"product_cat-idees-cadeaux","8":"product_cat-les-incontournables","9":"product_cat-rocamadour","10":"product_shipping_class-casquettes","12":"first","13":"instock","14":"taxable","15":"shipping-taxable","16":"purchasable","17":"product-type-variable"},"acf":[],"_links":{"self":[{"href":"https:\/\/reviens-y.fr\/en\/wp-json\/wp\/v2\/product\/4452","targetHints":{"allow":["GET"]}}],"collection":[{"href":"https:\/\/reviens-y.fr\/en\/wp-json\/wp\/v2\/product"}],"about":[{"href":"https:\/\/reviens-y.fr\/en\/wp-json\/wp\/v2\/types\/product"}],"replies":[{"embeddable":true,"href":"https:\/\/reviens-y.fr\/en\/wp-json\/wp\/v2\/comments?post=4452"}],"wp:featuredmedia":[{"embeddable":true,"href":"https:\/\/reviens-y.fr\/en\/wp-json\/wp\/v2\/media\/4455"}],"wp:attachment":[{"href":"https:\/\/reviens-y.fr\/en\/wp-json\/wp\/v2\/media?parent=4452"}],"wp:term":[{"taxonomy":"product_brand","embeddable":true,"href":"https:\/\/reviens-y.fr\/en\/wp-json\/wp\/v2\/product_brand?post=4452"},{"taxonomy":"product_cat","embeddable":true,"href":"https:\/\/reviens-y.fr\/en\/wp-json\/wp\/v2\/product_cat?post=4452"},{"taxonomy":"product_tag","embeddable":true,"href":"https:\/\/reviens-y.fr\/en\/wp-json\/wp\/v2\/product_tag?post=4452"}],"curies":[{"name":"wp","href":"https:\/\/api.w.org\/{rel}","templated":true}]}}