{"id":4543,"date":"2025-11-05T07:31:47","date_gmt":"2025-11-05T07:31:47","guid":{"rendered":"https:\/\/reviens-y.fr\/produit\/mug-blanc-brillant-rocamadour-mon-amour\/"},"modified":"2025-11-21T15:19:26","modified_gmt":"2025-11-21T15:19:26","slug":"mug-blanc-brillant-rocamadour-mon-amour","status":"publish","type":"product","link":"https:\/\/reviens-y.fr\/en\/product\/mug-blanc-brillant-rocamadour-mon-amour\/","title":{"rendered":"Glossy white mug <br> Rocamadour mon Amour"},"content":{"rendered":"<p>Ce visuel associe la montgolfi\u00e8re embl\u00e9matique de Rocamadour \u00e0 un c\u0153ur stylis\u00e9, symbole d\u2019affection et de douceur. Il \u00e9voque les c\u00e9l\u00e8bres Montgolfiades et la magie du Lot, o\u00f9 le ciel et les falaises se rejoignent dans un paysage unique du Sud-Ouest.<br \/>\nUn graphisme po\u00e9tique et l\u00e9ger qui illustre la beaut\u00e9 romantique de Rocamadour, village perch\u00e9 d\u2019Occitanie, connu pour ses panoramas spectaculaires et son charme intemporel.<br \/>\n\u2013<br \/>\nMug en c\u00e9ramique, pratique et r\u00e9sistant, id\u00e9al pour savourer vos boissons chaudes au quotidien. Sa finition blanche brillante met en valeur les visuels imprim\u00e9s, qui conservent leur \u00e9clat m\u00eame apr\u00e8s plusieurs passages au lave-vaisselle ou au micro-ondes.<\/p>\n<p>\u2022 C\u00e9ramique sans BPA et sans plomb<br \/>\n\u2022 Passe au lave-vaisselle et au micro-ondes<br \/>\n\u2022 Finition blanche brillante<br \/>\n\u2022 Taille 11 oz : 9,6 cm de hauteur \u00d7 8,2 cm de diam\u00e8tre<br \/>\n\u2022 L\u00e9g\u00e8res variations de taille possibles (+\/- 2 mm)<\/p>","protected":false},"excerpt":{"rendered":"<p>Ce visuel associe la montgolfi\u00e8re embl\u00e9matique de Rocamadour \u00e0 un c\u0153ur stylis\u00e9, symbole d\u2019affection et de douceur. Il \u00e9voque les c\u00e9l\u00e8bres Montgolfiades et la magie du Lot, o\u00f9 le ciel et les falaises se rejoignent dans un paysage unique du Sud-Ouest. Un graphisme po\u00e9tique et l\u00e9ger qui illustre la beaut\u00e9 romantique de Rocamadour, village perch\u00e9 [&hellip;]<\/p>\n","protected":false},"featured_media":4544,"comment_status":"open","ping_status":"closed","template":"","meta":{"_acf_changed":false},"product_brand":[],"product_cat":[73,115,102],"product_tag":[],"class_list":{"0":"post-4543","1":"product","2":"type-product","3":"status-publish","4":"has-post-thumbnail","6":"product_cat-mugs","7":"product_cat-rocamadour","8":"product_cat-rocamadour-mon-amour","9":"product_shipping_class-mugs","11":"first","12":"instock","13":"taxable","14":"shipping-taxable","15":"purchasable","16":"product-type-simple"},"acf":[],"_links":{"self":[{"href":"https:\/\/reviens-y.fr\/en\/wp-json\/wp\/v2\/product\/4543","targetHints":{"allow":["GET"]}}],"collection":[{"href":"https:\/\/reviens-y.fr\/en\/wp-json\/wp\/v2\/product"}],"about":[{"href":"https:\/\/reviens-y.fr\/en\/wp-json\/wp\/v2\/types\/product"}],"replies":[{"embeddable":true,"href":"https:\/\/reviens-y.fr\/en\/wp-json\/wp\/v2\/comments?post=4543"}],"wp:featuredmedia":[{"embeddable":true,"href":"https:\/\/reviens-y.fr\/en\/wp-json\/wp\/v2\/media\/4544"}],"wp:attachment":[{"href":"https:\/\/reviens-y.fr\/en\/wp-json\/wp\/v2\/media?parent=4543"}],"wp:term":[{"taxonomy":"product_brand","embeddable":true,"href":"https:\/\/reviens-y.fr\/en\/wp-json\/wp\/v2\/product_brand?post=4543"},{"taxonomy":"product_cat","embeddable":true,"href":"https:\/\/reviens-y.fr\/en\/wp-json\/wp\/v2\/product_cat?post=4543"},{"taxonomy":"product_tag","embeddable":true,"href":"https:\/\/reviens-y.fr\/en\/wp-json\/wp\/v2\/product_tag?post=4543"}],"curies":[{"name":"wp","href":"https:\/\/api.w.org\/{rel}","templated":true}]}}