{"id":4562,"date":"2025-11-05T07:37:10","date_gmt":"2025-11-05T07:37:10","guid":{"rendered":"https:\/\/reviens-y.fr\/produit\/carte-postale-rocamadour-mon-amour\/"},"modified":"2025-11-21T15:20:43","modified_gmt":"2025-11-21T15:20:43","slug":"carte-postale-rocamadour-mon-amour","status":"publish","type":"product","link":"https:\/\/reviens-y.fr\/en\/product\/carte-postale-rocamadour-mon-amour\/","title":{"rendered":"Carte postale <br> Rocamadour mon Amour"},"content":{"rendered":"<p>Ce visuel associe la montgolfi\u00e8re embl\u00e9matique de Rocamadour \u00e0 un c\u0153ur stylis\u00e9, symbole d\u2019affection et de douceur. Il \u00e9voque les c\u00e9l\u00e8bres Montgolfiades et la magie du Lot, o\u00f9 le ciel et les falaises se rejoignent dans un paysage unique du Sud-Ouest.<br \/>\nUn graphisme po\u00e9tique et l\u00e9ger qui illustre la beaut\u00e9 romantique de Rocamadour, village perch\u00e9 d\u2019Occitanie, connu pour ses panoramas spectaculaires et son charme intemporel.<br \/>\n\u2013<br \/>\nUne carte postale con\u00e7ue pour durer, avec une impression nette et des couleurs fid\u00e8les. Fabriqu\u00e9e sur un papier cartonn\u00e9 \u00e9pais de qualit\u00e9 professionnelle (260 \u00e0 350 g\/m\u00b2), elle offre une surface ext\u00e9rieure l\u00e9g\u00e8rement satin\u00e9e, id\u00e9ale pour les visuels d\u00e9taill\u00e9s, et un verso pens\u00e9 pour l\u2019\u00e9criture.<br \/>\nAvec son format standard 10 \u00d7 15 cm, elle s\u2019adapte \u00e0 tous les usages : envoi postal, carte souvenir, communication visuelle ou \u00e9l\u00e9ment d\u00e9coratif.<\/p>\n<p>\u2013 Technique d\u2019impression : impression laser num\u00e9rique \u00e0 base de toner<br \/>\n\u2013 Finition : mate, avec surface ext\u00e9rieure l\u00e9g\u00e8rement brillante<br \/>\n\u2013 Type de papier : carton rigide premium<br \/>\n\u2013 Poids du papier : 260 \u2013 350 g\/m\u00b2<br \/>\n\u2013 \u00c9paisseur : 0,34 mm<br \/>\n\u2013 Format : 10 \u00d7 15 cm (4 \u00d7 6\u201d)<br \/>\n\u2013 Surface ext\u00e9rieure : lamin\u00e9e, excellente pour l\u2019impression d\u2019images<br \/>\n\u2013 Surface int\u00e9rieure : l\u00e9g\u00e8rement enduite, parfaite pour l\u2019\u00e9criture au stylo-bille<\/p>","protected":false},"excerpt":{"rendered":"<p>Ce visuel associe la montgolfi\u00e8re embl\u00e9matique de Rocamadour \u00e0 un c\u0153ur stylis\u00e9, symbole d\u2019affection et de douceur. Il \u00e9voque les c\u00e9l\u00e8bres Montgolfiades et la magie du Lot, o\u00f9 le ciel et les falaises se rejoignent dans un paysage unique du Sud-Ouest. Un graphisme po\u00e9tique et l\u00e9ger qui illustre la beaut\u00e9 romantique de Rocamadour, village perch\u00e9 [&hellip;]<\/p>\n","protected":false},"featured_media":4563,"comment_status":"open","ping_status":"closed","template":"","meta":{"_acf_changed":false},"product_brand":[],"product_cat":[95,115,102],"product_tag":[],"class_list":{"0":"post-4562","1":"product","2":"type-product","3":"status-publish","4":"has-post-thumbnail","6":"product_cat-cartes-postales","7":"product_cat-rocamadour","8":"product_cat-rocamadour-mon-amour","9":"product_shipping_class-cartes-postales","11":"first","12":"instock","13":"taxable","14":"shipping-taxable","15":"purchasable","16":"product-type-simple"},"acf":[],"_links":{"self":[{"href":"https:\/\/reviens-y.fr\/en\/wp-json\/wp\/v2\/product\/4562","targetHints":{"allow":["GET"]}}],"collection":[{"href":"https:\/\/reviens-y.fr\/en\/wp-json\/wp\/v2\/product"}],"about":[{"href":"https:\/\/reviens-y.fr\/en\/wp-json\/wp\/v2\/types\/product"}],"replies":[{"embeddable":true,"href":"https:\/\/reviens-y.fr\/en\/wp-json\/wp\/v2\/comments?post=4562"}],"wp:featuredmedia":[{"embeddable":true,"href":"https:\/\/reviens-y.fr\/en\/wp-json\/wp\/v2\/media\/4563"}],"wp:attachment":[{"href":"https:\/\/reviens-y.fr\/en\/wp-json\/wp\/v2\/media?parent=4562"}],"wp:term":[{"taxonomy":"product_brand","embeddable":true,"href":"https:\/\/reviens-y.fr\/en\/wp-json\/wp\/v2\/product_brand?post=4562"},{"taxonomy":"product_cat","embeddable":true,"href":"https:\/\/reviens-y.fr\/en\/wp-json\/wp\/v2\/product_cat?post=4562"},{"taxonomy":"product_tag","embeddable":true,"href":"https:\/\/reviens-y.fr\/en\/wp-json\/wp\/v2\/product_tag?post=4562"}],"curies":[{"name":"wp","href":"https:\/\/api.w.org\/{rel}","templated":true}]}}