{"id":4623,"date":"2025-11-05T07:54:08","date_gmt":"2025-11-05T07:54:08","guid":{"rendered":"https:\/\/reviens-y.fr\/produit\/tote-bag-coton-bio-les-couleurs-du-roc\/"},"modified":"2025-11-22T08:40:46","modified_gmt":"2025-11-22T08:40:46","slug":"tote-bag-coton-bio-les-couleurs-du-roc","status":"publish","type":"product","link":"https:\/\/reviens-y.fr\/en\/product\/tote-bag-coton-bio-les-couleurs-du-roc\/","title":{"rendered":"Tote Bag coton Bio <br> Les couleurs du Roc"},"content":{"rendered":"<p>Ce visuel revisite Rocamadour dans une version color\u00e9e et contemporaine. La silhouette du village se d\u00e9tache sur un ciel anim\u00e9 de montgolfi\u00e8res, clin d\u2019\u0153il aux Montgolfiades qui illuminent chaque ann\u00e9e le ciel du Lot. Les formes organiques et les teintes vives \u00e9voquent la vitalit\u00e9 du Sud-Ouest.<br \/>\nUn hommage moderne au charme intemporel de Rocamadour, perch\u00e9 au c\u0153ur de l\u2019Occitanie, entre nature, culture et \u00e9merveillement.<br \/>\n\u2013<br \/>\nTote bag en coton biologique robuste et pratique, id\u00e9al pour les courses, les livres ou un usage quotidien. Sa grande capacit\u00e9 et ses anses longues assurent confort et polyvalence, tout en garantissant un impact environnemental r\u00e9duit gr\u00e2ce \u00e0 sa fabrication certifi\u00e9e.<\/p>\n<p>\u2022 100 % coton biologique certifi\u00e9 serg\u00e9 3\/1<br \/>\n\u2022 272 g\/m\u00b2 (8 oz\/yd\u00b2)<br \/>\n\u2022 Dimensions : 40,6 \u00d7 35,6 \u00d7 12,7 cm<br \/>\n\u2022 Anses de 2,5 cm de large, longueur 62,2 cm<br \/>\n\u2022 Capacit\u00e9 maximale : 13,6 kg<br \/>\n\u2022 Compartiment principal ouvert<br \/>\n\u2022 Certifi\u00e9 GOTS et OCS pour son contenu en coton bio<br \/>\n\u2022 Certifi\u00e9 OEKO-TEX Standard 100 et approuv\u00e9 vegan par PETA<\/p>","protected":false},"excerpt":{"rendered":"<p>Ce visuel revisite Rocamadour dans une version color\u00e9e et contemporaine. La silhouette du village se d\u00e9tache sur un ciel anim\u00e9 de montgolfi\u00e8res, clin d\u2019\u0153il aux Montgolfiades qui illuminent chaque ann\u00e9e le ciel du Lot. Les formes organiques et les teintes vives \u00e9voquent la vitalit\u00e9 du Sud-Ouest. Un hommage moderne au charme intemporel de Rocamadour, perch\u00e9 [&hellip;]<\/p>\n","protected":false},"featured_media":4626,"comment_status":"open","ping_status":"closed","template":"","meta":{"_acf_changed":false},"product_brand":[],"product_cat":[103,115,72],"product_tag":[],"class_list":{"0":"post-4623","1":"product","2":"type-product","3":"status-publish","4":"has-post-thumbnail","6":"product_cat-les-couleurs-du-roc","7":"product_cat-rocamadour","8":"product_cat-tote-bags","9":"product_shipping_class-tote-bags","11":"first","12":"instock","13":"taxable","14":"shipping-taxable","15":"purchasable","16":"product-type-variable"},"acf":[],"_links":{"self":[{"href":"https:\/\/reviens-y.fr\/en\/wp-json\/wp\/v2\/product\/4623","targetHints":{"allow":["GET"]}}],"collection":[{"href":"https:\/\/reviens-y.fr\/en\/wp-json\/wp\/v2\/product"}],"about":[{"href":"https:\/\/reviens-y.fr\/en\/wp-json\/wp\/v2\/types\/product"}],"replies":[{"embeddable":true,"href":"https:\/\/reviens-y.fr\/en\/wp-json\/wp\/v2\/comments?post=4623"}],"wp:featuredmedia":[{"embeddable":true,"href":"https:\/\/reviens-y.fr\/en\/wp-json\/wp\/v2\/media\/4626"}],"wp:attachment":[{"href":"https:\/\/reviens-y.fr\/en\/wp-json\/wp\/v2\/media?parent=4623"}],"wp:term":[{"taxonomy":"product_brand","embeddable":true,"href":"https:\/\/reviens-y.fr\/en\/wp-json\/wp\/v2\/product_brand?post=4623"},{"taxonomy":"product_cat","embeddable":true,"href":"https:\/\/reviens-y.fr\/en\/wp-json\/wp\/v2\/product_cat?post=4623"},{"taxonomy":"product_tag","embeddable":true,"href":"https:\/\/reviens-y.fr\/en\/wp-json\/wp\/v2\/product_tag?post=4623"}],"curies":[{"name":"wp","href":"https:\/\/api.w.org\/{rel}","templated":true}]}}