{"id":4646,"date":"2025-11-05T08:31:40","date_gmt":"2025-11-05T08:31:40","guid":{"rendered":"https:\/\/reviens-y.fr\/produit\/mug-blanc-brillant-les-couleurs-du-roc\/"},"modified":"2025-11-21T15:19:26","modified_gmt":"2025-11-21T15:19:26","slug":"mug-blanc-brillant-les-couleurs-du-roc","status":"publish","type":"product","link":"https:\/\/reviens-y.fr\/en\/product\/mug-blanc-brillant-les-couleurs-du-roc\/","title":{"rendered":"Glossy white mug <br> Les couleurs du Roc"},"content":{"rendered":"<p>Ce visuel revisite Rocamadour dans une version color\u00e9e et contemporaine. La silhouette du village se d\u00e9tache sur un ciel anim\u00e9 de montgolfi\u00e8res, clin d\u2019\u0153il aux Montgolfiades qui illuminent chaque ann\u00e9e le ciel du Lot. Les formes organiques et les teintes vives \u00e9voquent la vitalit\u00e9 du Sud-Ouest.<br \/>\nUn hommage moderne au charme intemporel de Rocamadour, perch\u00e9 au c\u0153ur de l\u2019Occitanie, entre nature, culture et \u00e9merveillement.<br \/>\n\u2013<br \/>\nMug en c\u00e9ramique, pratique et r\u00e9sistant, id\u00e9al pour savourer vos boissons chaudes au quotidien. Sa finition blanche brillante met en valeur les visuels imprim\u00e9s, qui conservent leur \u00e9clat m\u00eame apr\u00e8s plusieurs passages au lave-vaisselle ou au micro-ondes.<\/p>\n<p>\u2022 C\u00e9ramique sans BPA et sans plomb<br \/>\n\u2022 Passe au lave-vaisselle et au micro-ondes<br \/>\n\u2022 Finition blanche brillante<br \/>\n\u2022 Taille 11 oz : 9,6 cm de hauteur \u00d7 8,2 cm de diam\u00e8tre<br \/>\n\u2022 L\u00e9g\u00e8res variations de taille possibles (+\/- 2 mm)<\/p>","protected":false},"excerpt":{"rendered":"<p>Ce visuel revisite Rocamadour dans une version color\u00e9e et contemporaine. La silhouette du village se d\u00e9tache sur un ciel anim\u00e9 de montgolfi\u00e8res, clin d\u2019\u0153il aux Montgolfiades qui illuminent chaque ann\u00e9e le ciel du Lot. Les formes organiques et les teintes vives \u00e9voquent la vitalit\u00e9 du Sud-Ouest. Un hommage moderne au charme intemporel de Rocamadour, perch\u00e9 [&hellip;]<\/p>\n","protected":false},"featured_media":4647,"comment_status":"open","ping_status":"closed","template":"","meta":{"_acf_changed":false},"product_brand":[],"product_cat":[103,73,115],"product_tag":[],"class_list":{"0":"post-4646","1":"product","2":"type-product","3":"status-publish","4":"has-post-thumbnail","6":"product_cat-les-couleurs-du-roc","7":"product_cat-mugs","8":"product_cat-rocamadour","9":"product_shipping_class-mugs","11":"first","12":"instock","13":"taxable","14":"shipping-taxable","15":"purchasable","16":"product-type-simple"},"acf":[],"_links":{"self":[{"href":"https:\/\/reviens-y.fr\/en\/wp-json\/wp\/v2\/product\/4646","targetHints":{"allow":["GET"]}}],"collection":[{"href":"https:\/\/reviens-y.fr\/en\/wp-json\/wp\/v2\/product"}],"about":[{"href":"https:\/\/reviens-y.fr\/en\/wp-json\/wp\/v2\/types\/product"}],"replies":[{"embeddable":true,"href":"https:\/\/reviens-y.fr\/en\/wp-json\/wp\/v2\/comments?post=4646"}],"wp:featuredmedia":[{"embeddable":true,"href":"https:\/\/reviens-y.fr\/en\/wp-json\/wp\/v2\/media\/4647"}],"wp:attachment":[{"href":"https:\/\/reviens-y.fr\/en\/wp-json\/wp\/v2\/media?parent=4646"}],"wp:term":[{"taxonomy":"product_brand","embeddable":true,"href":"https:\/\/reviens-y.fr\/en\/wp-json\/wp\/v2\/product_brand?post=4646"},{"taxonomy":"product_cat","embeddable":true,"href":"https:\/\/reviens-y.fr\/en\/wp-json\/wp\/v2\/product_cat?post=4646"},{"taxonomy":"product_tag","embeddable":true,"href":"https:\/\/reviens-y.fr\/en\/wp-json\/wp\/v2\/product_tag?post=4646"}],"curies":[{"name":"wp","href":"https:\/\/api.w.org\/{rel}","templated":true}]}}