{"id":4698,"date":"2025-11-05T09:19:16","date_gmt":"2025-11-05T09:19:16","guid":{"rendered":"https:\/\/reviens-y.fr\/produit\/poster\/"},"modified":"2025-11-22T08:37:50","modified_gmt":"2025-11-22T08:37:50","slug":"poster","status":"publish","type":"product","link":"https:\/\/reviens-y.fr\/en\/product\/poster\/","title":{"rendered":"Affiche <br> Rue Quercynoise"},"content":{"rendered":"<p>Ce visuel capture l\u2019atmosph\u00e8re ensoleill\u00e9e des ruelles de Rocamadour, au c\u0153ur du Quercy. Les fa\u00e7ades dor\u00e9es et les toits ocres refl\u00e8tent la chaleur du Sud-Ouest, tandis que la lumi\u00e8re du soir sublime les pierres typiques du Lot.<br \/>\nUn hommage graphique \u00e0 l\u2019un des plus beaux villages d\u2019Occitanie, o\u00f9 chaque d\u00e9tour r\u00e9v\u00e8le un fragment d\u2019histoire, entre patrimoine vivant et douceur de vivre.<br \/>\n\u2013<br \/>\nApportez une touche unique \u00e0 votre int\u00e9rieur avec cette affiche imprim\u00e9e en jet d\u2019encre multicolore \u00e0 base d\u2019eau, offrant un rendu pr\u00e9cis, des couleurs profondes et une finition mate \u00e9l\u00e9gante. Chaque affiche est r\u00e9alis\u00e9e sur un papier de qualit\u00e9 sup\u00e9rieure, con\u00e7u pour r\u00e9sister au temps et conserver toute sa luminosit\u00e9.<br \/>\nDisponible en deux formats : 30\u00d740 cm et 50\u00d770 cm ; elle s\u2019int\u00e8gre facilement dans tout type d\u2019espace, du bureau au salon, en passant par la chambre.<\/p>\n<p>\u2013 Technique d\u2019impression : jet d\u2019encre multicolore \u00e0 base d\u2019eau<br \/>\n\u2013 Finition : mate (absorbant la lumi\u00e8re, sans reflet)<br \/>\n\u2013 Type de papier : Couch\u00e9 premium<br \/>\n\u2013 \u00c9paisseur : 0,145 mm<br \/>\n\u2013 Grammage : 170 g\/m\u00b2<br \/>\n\u2013 Opacit\u00e9 : 97,5 %<br \/>\n\u2013 Luminosit\u00e9 ISO : 38 %<br \/>\n\u2013 Origine du papier : Japon<br \/>\n\u2013 Formats disponibles :<br \/>\n\u2022 30 \u00d7 40 cm<br \/>\n\u2022 50 \u00d7 70 cm<\/p>","protected":false},"excerpt":{"rendered":"<p>Ce visuel capture l\u2019atmosph\u00e8re ensoleill\u00e9e des ruelles de Rocamadour, au c\u0153ur du Quercy. Les fa\u00e7ades dor\u00e9es et les toits ocres refl\u00e8tent la chaleur du Sud-Ouest, tandis que la lumi\u00e8re du soir sublime les pierres typiques du Lot. Un hommage graphique \u00e0 l\u2019un des plus beaux villages d\u2019Occitanie, o\u00f9 chaque d\u00e9tour r\u00e9v\u00e8le un fragment d\u2019histoire, entre [&hellip;]<\/p>\n","protected":false},"featured_media":4701,"comment_status":"open","ping_status":"closed","template":"","meta":{"_acf_changed":false},"product_brand":[],"product_cat":[94,115,104],"product_tag":[],"class_list":{"0":"post-4698","1":"product","2":"type-product","3":"status-publish","4":"has-post-thumbnail","6":"product_cat-affiches","7":"product_cat-rocamadour","8":"product_cat-rue-quercynoise","9":"product_shipping_class-affiches","11":"first","12":"instock","13":"taxable","14":"shipping-taxable","15":"purchasable","16":"product-type-variable"},"acf":[],"_links":{"self":[{"href":"https:\/\/reviens-y.fr\/en\/wp-json\/wp\/v2\/product\/4698","targetHints":{"allow":["GET"]}}],"collection":[{"href":"https:\/\/reviens-y.fr\/en\/wp-json\/wp\/v2\/product"}],"about":[{"href":"https:\/\/reviens-y.fr\/en\/wp-json\/wp\/v2\/types\/product"}],"replies":[{"embeddable":true,"href":"https:\/\/reviens-y.fr\/en\/wp-json\/wp\/v2\/comments?post=4698"}],"wp:featuredmedia":[{"embeddable":true,"href":"https:\/\/reviens-y.fr\/en\/wp-json\/wp\/v2\/media\/4701"}],"wp:attachment":[{"href":"https:\/\/reviens-y.fr\/en\/wp-json\/wp\/v2\/media?parent=4698"}],"wp:term":[{"taxonomy":"product_brand","embeddable":true,"href":"https:\/\/reviens-y.fr\/en\/wp-json\/wp\/v2\/product_brand?post=4698"},{"taxonomy":"product_cat","embeddable":true,"href":"https:\/\/reviens-y.fr\/en\/wp-json\/wp\/v2\/product_cat?post=4698"},{"taxonomy":"product_tag","embeddable":true,"href":"https:\/\/reviens-y.fr\/en\/wp-json\/wp\/v2\/product_tag?post=4698"}],"curies":[{"name":"wp","href":"https:\/\/api.w.org\/{rel}","templated":true}]}}