{"id":4739,"date":"2025-11-05T09:35:06","date_gmt":"2025-11-05T09:35:06","guid":{"rendered":"https:\/\/reviens-y.fr\/produit\/sweat-unisexe-le-french-toast\/"},"modified":"2025-11-22T08:36:22","modified_gmt":"2025-11-22T08:36:22","slug":"sweat-unisexe-le-french-toast","status":"publish","type":"product","link":"https:\/\/reviens-y.fr\/en\/product\/sweat-unisexe-le-french-toast\/","title":{"rendered":"Unisex sweatshirt <br> Le French Toast"},"content":{"rendered":"<p>Clin d\u2019\u0153il gourmand au terroir du Lot, ce visuel revisite le c\u00e9l\u00e8bre French toast \u00e0 la sauce locale : pain dor\u00e9, fromage de ch\u00e8vre fondant, miel du Quercy et \u00e9clats de noix croquantes. Une composition savoureuse qui \u00e9voque toute la richesse gastronomique du Sud-Ouest.<br \/>\nAlliant humour et authenticit\u00e9, cette cr\u00e9ation illustre l\u2019esprit chaleureux de Rocamadour et d\u2019Occitanie, o\u00f9 terroir, g\u00e9n\u00e9rosit\u00e9 et plaisir de la table ne font qu\u2019un.<br \/>\n\u2013<br \/>\nSweat-shirt unisexe en coton et polyester, con\u00e7u pour offrir douceur et chaleur au quotidien. Sa coupe classique et son col en tricot c\u00f4tel\u00e9 assurent un bon maintien, tandis que la conception quart-de-tour \u00e9vite le pli central. Facile \u00e0 entretenir, il conserve sa forme lavage apr\u00e8s lavage.<\/p>\n<p>\u2022 271 g\/m\u00b2<br \/>\n\u2022 50 % coton, 50 % polyester<br \/>\n\u2022 Tissu pr\u00e9r\u00e9tr\u00e9ci, fil\u00e9 par jet d\u2019air pour un toucher doux<br \/>\n\u2022 Col, \u00e9paules, emmanchures, poignets et ourlet \u00e0 couture double<br \/>\n\u2022 Col en tricot c\u00f4tel\u00e9 1\u00d71 avec \u00e9lasthanne<br \/>\n\u2022 Quart-de-tour pour \u00e9viter un pli au milieu<br \/>\n\u2022 Le blanc peut appara\u00eetre blanc cass\u00e9 naturel<\/p>","protected":false},"excerpt":{"rendered":"<p>Clin d\u2019\u0153il gourmand au terroir du Lot, ce visuel revisite le c\u00e9l\u00e8bre French toast \u00e0 la sauce locale : pain dor\u00e9, fromage de ch\u00e8vre fondant, miel du Quercy et \u00e9clats de noix croquantes. Une composition savoureuse qui \u00e9voque toute la richesse gastronomique du Sud-Ouest. Alliant humour et authenticit\u00e9, cette cr\u00e9ation illustre l\u2019esprit chaleureux de Rocamadour [&hellip;]<\/p>\n","protected":false},"featured_media":4752,"comment_status":"open","ping_status":"closed","template":"","meta":{"_acf_changed":false},"product_brand":[],"product_cat":[105,115,70],"product_tag":[],"class_list":{"0":"post-4739","1":"product","2":"type-product","3":"status-publish","4":"has-post-thumbnail","6":"product_cat-le-french-toast","7":"product_cat-rocamadour","8":"product_cat-sweats","9":"product_shipping_class-sweats","11":"first","12":"instock","13":"taxable","14":"shipping-taxable","15":"purchasable","16":"product-type-variable"},"acf":[],"_links":{"self":[{"href":"https:\/\/reviens-y.fr\/en\/wp-json\/wp\/v2\/product\/4739","targetHints":{"allow":["GET"]}}],"collection":[{"href":"https:\/\/reviens-y.fr\/en\/wp-json\/wp\/v2\/product"}],"about":[{"href":"https:\/\/reviens-y.fr\/en\/wp-json\/wp\/v2\/types\/product"}],"replies":[{"embeddable":true,"href":"https:\/\/reviens-y.fr\/en\/wp-json\/wp\/v2\/comments?post=4739"}],"wp:featuredmedia":[{"embeddable":true,"href":"https:\/\/reviens-y.fr\/en\/wp-json\/wp\/v2\/media\/4752"}],"wp:attachment":[{"href":"https:\/\/reviens-y.fr\/en\/wp-json\/wp\/v2\/media?parent=4739"}],"wp:term":[{"taxonomy":"product_brand","embeddable":true,"href":"https:\/\/reviens-y.fr\/en\/wp-json\/wp\/v2\/product_brand?post=4739"},{"taxonomy":"product_cat","embeddable":true,"href":"https:\/\/reviens-y.fr\/en\/wp-json\/wp\/v2\/product_cat?post=4739"},{"taxonomy":"product_tag","embeddable":true,"href":"https:\/\/reviens-y.fr\/en\/wp-json\/wp\/v2\/product_tag?post=4739"}],"curies":[{"name":"wp","href":"https:\/\/api.w.org\/{rel}","templated":true}]}}