{"id":4788,"date":"2025-11-05T09:44:34","date_gmt":"2025-11-05T09:44:34","guid":{"rendered":"https:\/\/reviens-y.fr\/produit\/carte-postale-le-french-toast\/"},"modified":"2025-11-21T15:20:42","modified_gmt":"2025-11-21T15:20:42","slug":"carte-postale-le-french-toast","status":"publish","type":"product","link":"https:\/\/reviens-y.fr\/en\/product\/carte-postale-le-french-toast\/","title":{"rendered":"Carte postale <br> Le French Toast"},"content":{"rendered":"<p>Clin d\u2019\u0153il gourmand au terroir du Lot, ce visuel revisite le c\u00e9l\u00e8bre French toast \u00e0 la sauce locale : pain dor\u00e9, fromage de ch\u00e8vre fondant, miel du Quercy et \u00e9clats de noix croquantes. Une composition savoureuse qui \u00e9voque toute la richesse gastronomique du Sud-Ouest.<br \/>\nAlliant humour et authenticit\u00e9, cette cr\u00e9ation illustre l\u2019esprit chaleureux de Rocamadour et d\u2019Occitanie, o\u00f9 terroir, g\u00e9n\u00e9rosit\u00e9 et plaisir de la table ne font qu\u2019un.<br \/>\n\u2013<br \/>\nUne carte postale con\u00e7ue pour durer, avec une impression nette et des couleurs fid\u00e8les. Fabriqu\u00e9e sur un papier cartonn\u00e9 \u00e9pais de qualit\u00e9 professionnelle (260 \u00e0 350 g\/m\u00b2), elle offre une surface ext\u00e9rieure l\u00e9g\u00e8rement satin\u00e9e, id\u00e9ale pour les visuels d\u00e9taill\u00e9s, et un verso pens\u00e9 pour l\u2019\u00e9criture.<br \/>\nAvec son format standard 10 \u00d7 15 cm, elle s\u2019adapte \u00e0 tous les usages : envoi postal, carte souvenir, communication visuelle ou \u00e9l\u00e9ment d\u00e9coratif.<\/p>\n<p>\u2013 Technique d\u2019impression : impression laser num\u00e9rique \u00e0 base de toner<br \/>\n\u2013 Finition : mate, avec surface ext\u00e9rieure l\u00e9g\u00e8rement brillante<br \/>\n\u2013 Type de papier : carton rigide premium<br \/>\n\u2013 Poids du papier : 260 \u2013 350 g\/m\u00b2<br \/>\n\u2013 \u00c9paisseur : 0,34 mm<br \/>\n\u2013 Format : 10 \u00d7 15 cm (4 \u00d7 6\u201d)<br \/>\n\u2013 Surface ext\u00e9rieure : lamin\u00e9e, excellente pour l\u2019impression d\u2019images<br \/>\n\u2013 Surface int\u00e9rieure : l\u00e9g\u00e8rement enduite, parfaite pour l\u2019\u00e9criture au stylo-bille<\/p>","protected":false},"excerpt":{"rendered":"<p>Clin d\u2019\u0153il gourmand au terroir du Lot, ce visuel revisite le c\u00e9l\u00e8bre French toast \u00e0 la sauce locale : pain dor\u00e9, fromage de ch\u00e8vre fondant, miel du Quercy et \u00e9clats de noix croquantes. Une composition savoureuse qui \u00e9voque toute la richesse gastronomique du Sud-Ouest. Alliant humour et authenticit\u00e9, cette cr\u00e9ation illustre l\u2019esprit chaleureux de Rocamadour [&hellip;]<\/p>\n","protected":false},"featured_media":4789,"comment_status":"open","ping_status":"closed","template":"","meta":{"_acf_changed":false},"product_brand":[],"product_cat":[95,105,115],"product_tag":[],"class_list":{"0":"post-4788","1":"product","2":"type-product","3":"status-publish","4":"has-post-thumbnail","6":"product_cat-cartes-postales","7":"product_cat-le-french-toast","8":"product_cat-rocamadour","9":"product_shipping_class-cartes-postales","11":"first","12":"instock","13":"taxable","14":"shipping-taxable","15":"purchasable","16":"product-type-simple"},"acf":[],"_links":{"self":[{"href":"https:\/\/reviens-y.fr\/en\/wp-json\/wp\/v2\/product\/4788","targetHints":{"allow":["GET"]}}],"collection":[{"href":"https:\/\/reviens-y.fr\/en\/wp-json\/wp\/v2\/product"}],"about":[{"href":"https:\/\/reviens-y.fr\/en\/wp-json\/wp\/v2\/types\/product"}],"replies":[{"embeddable":true,"href":"https:\/\/reviens-y.fr\/en\/wp-json\/wp\/v2\/comments?post=4788"}],"wp:featuredmedia":[{"embeddable":true,"href":"https:\/\/reviens-y.fr\/en\/wp-json\/wp\/v2\/media\/4789"}],"wp:attachment":[{"href":"https:\/\/reviens-y.fr\/en\/wp-json\/wp\/v2\/media?parent=4788"}],"wp:term":[{"taxonomy":"product_brand","embeddable":true,"href":"https:\/\/reviens-y.fr\/en\/wp-json\/wp\/v2\/product_brand?post=4788"},{"taxonomy":"product_cat","embeddable":true,"href":"https:\/\/reviens-y.fr\/en\/wp-json\/wp\/v2\/product_cat?post=4788"},{"taxonomy":"product_tag","embeddable":true,"href":"https:\/\/reviens-y.fr\/en\/wp-json\/wp\/v2\/product_tag?post=4788"}],"curies":[{"name":"wp","href":"https:\/\/api.w.org\/{rel}","templated":true}]}}