{"id":4822,"date":"2025-11-05T10:51:06","date_gmt":"2025-11-05T10:51:06","guid":{"rendered":"https:\/\/reviens-y.fr\/produit\/sweat-unisexe-leglise-perchee\/"},"modified":"2025-11-21T18:21:25","modified_gmt":"2025-11-21T18:21:25","slug":"sweat-unisexe-leglise-perchee","status":"publish","type":"product","link":"https:\/\/reviens-y.fr\/en\/product\/sweat-unisexe-leglise-perchee\/","title":{"rendered":"Unisex sweatshirt <br> L&rsquo;\u00e9glise perch\u00e9e"},"content":{"rendered":"<p>Ce visuel illustre l\u2019\u00e9glise perch\u00e9e de Saint-Cirq-Lapopie sous une forme ludique et vivante. Transform\u00e9e en personnage souriant, elle prend vie avec des bras et des jambes en mouvement, offrant une interpr\u00e9tation originale et moderne d\u2019un monument embl\u00e9matique.<br \/>\nLe style graphique, inspir\u00e9 du r\u00e9tro-cartoon, associe lignes simples et d\u00e9tails expressifs pour cr\u00e9er une identit\u00e9 visuelle forte. Ce design unique met en valeur le patrimoine en le rendant accessible, reconnaissable et attractif.<br \/>\n\u2013<br \/>\nSweat-shirt unisexe en coton et polyester, con\u00e7u pour offrir douceur et chaleur au quotidien. Sa coupe classique et son col en tricot c\u00f4tel\u00e9 assurent un bon maintien, tandis que la conception quart-de-tour \u00e9vite le pli central. Facile \u00e0 entretenir, il conserve sa forme lavage apr\u00e8s lavage.<\/p>\n<p>\u2022 271 g\/m\u00b2<br \/>\n\u2022 50 % coton, 50 % polyester<br \/>\n\u2022 Tissu pr\u00e9r\u00e9tr\u00e9ci, fil\u00e9 par jet d\u2019air pour un toucher doux<br \/>\n\u2022 Col, \u00e9paules, emmanchures, poignets et ourlet \u00e0 couture double<br \/>\n\u2022 Col en tricot c\u00f4tel\u00e9 1\u00d71 avec \u00e9lasthanne<br \/>\n\u2022 Quart-de-tour pour \u00e9viter un pli au milieu<br \/>\n\u2022 Le blanc peut appara\u00eetre blanc cass\u00e9 naturel<\/p>","protected":false},"excerpt":{"rendered":"<p>Ce visuel illustre l\u2019\u00e9glise perch\u00e9e de Saint-Cirq-Lapopie sous une forme ludique et vivante. Transform\u00e9e en personnage souriant, elle prend vie avec des bras et des jambes en mouvement, offrant une interpr\u00e9tation originale et moderne d\u2019un monument embl\u00e9matique. Le style graphique, inspir\u00e9 du r\u00e9tro-cartoon, associe lignes simples et d\u00e9tails expressifs pour cr\u00e9er une identit\u00e9 visuelle forte. [&hellip;]<\/p>\n","protected":false},"featured_media":4835,"comment_status":"open","ping_status":"closed","template":"","meta":{"_acf_changed":false},"product_brand":[],"product_cat":[106,116,70],"product_tag":[],"class_list":{"0":"post-4822","1":"product","2":"type-product","3":"status-publish","4":"has-post-thumbnail","6":"product_cat-leglise-perchee","7":"product_cat-saint-cirq-lapopie","8":"product_cat-sweats","9":"product_shipping_class-sweats","11":"first","12":"instock","13":"taxable","14":"shipping-taxable","15":"purchasable","16":"product-type-variable"},"acf":[],"_links":{"self":[{"href":"https:\/\/reviens-y.fr\/en\/wp-json\/wp\/v2\/product\/4822","targetHints":{"allow":["GET"]}}],"collection":[{"href":"https:\/\/reviens-y.fr\/en\/wp-json\/wp\/v2\/product"}],"about":[{"href":"https:\/\/reviens-y.fr\/en\/wp-json\/wp\/v2\/types\/product"}],"replies":[{"embeddable":true,"href":"https:\/\/reviens-y.fr\/en\/wp-json\/wp\/v2\/comments?post=4822"}],"wp:featuredmedia":[{"embeddable":true,"href":"https:\/\/reviens-y.fr\/en\/wp-json\/wp\/v2\/media\/4835"}],"wp:attachment":[{"href":"https:\/\/reviens-y.fr\/en\/wp-json\/wp\/v2\/media?parent=4822"}],"wp:term":[{"taxonomy":"product_brand","embeddable":true,"href":"https:\/\/reviens-y.fr\/en\/wp-json\/wp\/v2\/product_brand?post=4822"},{"taxonomy":"product_cat","embeddable":true,"href":"https:\/\/reviens-y.fr\/en\/wp-json\/wp\/v2\/product_cat?post=4822"},{"taxonomy":"product_tag","embeddable":true,"href":"https:\/\/reviens-y.fr\/en\/wp-json\/wp\/v2\/product_tag?post=4822"}],"curies":[{"name":"wp","href":"https:\/\/api.w.org\/{rel}","templated":true}]}}